{"id":9245,"date":"2024-10-24T08:32:55","date_gmt":"2024-10-24T08:32:55","guid":{"rendered":"https:\/\/musing-poincare.5-9-123-216.plesk.page\/prodotto\/cucina-a-gas-3-fuochi-forno-a-gas-statico-con-grill-cm-67x38x34h-temp-125%c3%b7275c-con-1-griglia-cm-65x36-vano-neutro-con-porta\/"},"modified":"2024-10-24T08:32:57","modified_gmt":"2024-10-24T08:32:57","slug":"cucina-a-gas-3-fuochi-forno-a-gas-statico-con-grill-cm-67x38x34h-temp-125%c3%b7275c-con-1-griglia-cm-65x36-vano-neutro-con-porta","status":"publish","type":"product","link":"https:\/\/www.sudarredi.com\/sezione\/prodotto\/cucina-a-gas-3-fuochi-forno-a-gas-statico-con-grill-cm-67x38x34h-temp-125%c3%b7275c-con-1-griglia-cm-65x36-vano-neutro-con-porta\/","title":{"rendered":"cucina a gas 3 fuochi Forno a gas statico con grill cm. 67x38x34h, temp: 125\u00f7275\u00b0C, con 1 griglia cm.65&#215;36, vano neutro con porta."},"content":{"rendered":"<p>cucina a gas 3 fuochi Forno a gas statico con grill cm. 67x38x34h, temp: 125\u00f7275\u00b0C, con 1 griglia cm.65&#215;36, vano neutro con porta.<\/p>\n","protected":false},"excerpt":{"rendered":"<p>cucina a gas 3 fuochi Forno a gas statico con grill cm. 67x38x34h, temp: 125\u00f7275\u00b0C, con 1 griglia cm.65&#215;36, vano<\/p>\n","protected":false},"featured_media":9247,"comment_status":"closed","ping_status":"closed","template":"","meta":[],"product_brand":[],"product_cat":[1413,1527],"product_tag":[],"class_list":{"0":"post-9245","1":"product","2":"type-product","3":"status-publish","4":"has-post-thumbnail","6":"product_cat-cottura-professionale","7":"product_cat-cucine","8":"pa_alimentazione-a-gas","9":"pa_cmb-x-p-x-h-cm-120x-60x-90h","10":"pa_kcalh-26-660-kcal-h","11":"pa_kg-1619","12":"pa_kw-gas-31-kw","13":"pa_serie-profondita-profondita-cm-60","14":"pa_tipologia-forno-forno-a-gas-statico","15":"pa_tipologia-fuochi-piastre-3-fuochi","16":"pa_tipologia-mobile-su-mobile","18":"first","19":"instock","20":"purchasable","21":"product-type-simple"},"yoast_head":"<!-- This site is optimized with the Yoast SEO Premium plugin v24.6 (Yoast SEO v25.3.1) - https:\/\/yoast.com\/wordpress\/plugins\/seo\/ -->\n<title>cucina a gas 3 fuochi Forno a gas statico con grill cm. 67x38x34h, temp: 125\u00f7275\u00b0C, con 1 griglia cm.65x36, vano neutro con porta. - Arredi per la scuola<\/title>\n<meta name=\"robots\" content=\"index, follow, max-snippet:-1, max-image-preview:large, max-video-preview:-1\" \/>\n<link rel=\"canonical\" href=\"https:\/\/www.sudarredi.com\/sezione\/prodotto\/cucina-a-gas-3-fuochi-forno-a-gas-statico-con-grill-cm-67x38x34h-temp-125\u00f7275c-con-1-griglia-cm-65x36-vano-neutro-con-porta\/\" \/>\n<meta property=\"og:locale\" content=\"it_IT\" \/>\n<meta property=\"og:type\" content=\"article\" \/>\n<meta property=\"og:title\" content=\"cucina a gas 3 fuochi Forno a gas statico con grill cm. 67x38x34h, temp: 125\u00f7275\u00b0C, con 1 griglia cm.65x36, vano neutro con porta.\" \/>\n<meta property=\"og:description\" content=\"cucina a gas 3 fuochi Forno a gas statico con grill cm. 67x38x34h, temp: 125\u00f7275\u00b0C, con 1 griglia cm.65&#215;36, vano\" \/>\n<meta property=\"og:url\" content=\"https:\/\/www.sudarredi.com\/sezione\/prodotto\/cucina-a-gas-3-fuochi-forno-a-gas-statico-con-grill-cm-67x38x34h-temp-125\u00f7275c-con-1-griglia-cm-65x36-vano-neutro-con-porta\/\" \/>\n<meta property=\"og:site_name\" content=\"Arredi per la scuola\" \/>\n<meta property=\"og:image\" content=\"https:\/\/www.sudarredi.com\/sezione\/wp-content\/uploads\/2024\/10\/CF3-612GV-scaled.jpg\" \/>\n\t<meta property=\"og:image:width\" content=\"2560\" \/>\n\t<meta property=\"og:image:height\" content=\"2040\" \/>\n\t<meta property=\"og:image:type\" content=\"image\/jpeg\" \/>\n<meta name=\"twitter:card\" content=\"summary_large_image\" \/>\n<meta name=\"twitter:label1\" content=\"Prezzo\" \/>\n\t<meta name=\"twitter:data1\" content=\"4.444,00&nbsp;&euro;\" \/>\n\t<meta name=\"twitter:label2\" content=\"Disponibilit\u00e0\" \/>\n\t<meta name=\"twitter:data2\" content=\"In stock\" \/>\n<meta property=\"product:price:amount\" content=\"4444.00\" \/>\n<meta property=\"product:price:currency\" content=\"EUR\" \/>\n<meta property=\"og:availability\" content=\"instock\" \/>\n<meta property=\"product:availability\" content=\"instock\" \/>\n<meta property=\"product:retailer_item_id\" content=\"CF3-612GV\" \/>\n<meta property=\"product:condition\" content=\"new\" \/>\n<!-- \/ Yoast SEO Premium plugin. -->","yoast_head_json":{"title":"cucina a gas 3 fuochi Forno a gas statico con grill cm. 67x38x34h, temp: 125\u00f7275\u00b0C, con 1 griglia cm.65x36, vano neutro con porta. - Arredi per la scuola","robots":{"index":"index","follow":"follow","max-snippet":"max-snippet:-1","max-image-preview":"max-image-preview:large","max-video-preview":"max-video-preview:-1"},"canonical":"https:\/\/www.sudarredi.com\/sezione\/prodotto\/cucina-a-gas-3-fuochi-forno-a-gas-statico-con-grill-cm-67x38x34h-temp-125\u00f7275c-con-1-griglia-cm-65x36-vano-neutro-con-porta\/","og_locale":"it_IT","og_type":"article","og_title":"cucina a gas 3 fuochi Forno a gas statico con grill cm. 67x38x34h, temp: 125\u00f7275\u00b0C, con 1 griglia cm.65x36, vano neutro con porta.","og_description":"cucina a gas 3 fuochi Forno a gas statico con grill cm. 67x38x34h, temp: 125\u00f7275\u00b0C, con 1 griglia cm.65&#215;36, vano","og_url":"https:\/\/www.sudarredi.com\/sezione\/prodotto\/cucina-a-gas-3-fuochi-forno-a-gas-statico-con-grill-cm-67x38x34h-temp-125\u00f7275c-con-1-griglia-cm-65x36-vano-neutro-con-porta\/","og_site_name":"Arredi per la scuola","og_image":[{"width":2560,"height":2040,"url":"https:\/\/www.sudarredi.com\/sezione\/wp-content\/uploads\/2024\/10\/CF3-612GV-scaled.jpg","type":"image\/jpeg"}],"twitter_card":"summary_large_image","twitter_misc":{"Prezzo":"4.444,00&nbsp;&euro;","Disponibilit\u00e0":"In stock"},"schema":{"@context":"https:\/\/schema.org","@graph":[{"@type":"WebPage","@id":"https:\/\/www.sudarredi.com\/sezione\/prodotto\/cucina-a-gas-3-fuochi-forno-a-gas-statico-con-grill-cm-67x38x34h-temp-125%c3%b7275c-con-1-griglia-cm-65x36-vano-neutro-con-porta\/","url":"https:\/\/www.sudarredi.com\/sezione\/prodotto\/cucina-a-gas-3-fuochi-forno-a-gas-statico-con-grill-cm-67x38x34h-temp-125%c3%b7275c-con-1-griglia-cm-65x36-vano-neutro-con-porta\/","name":"cucina a gas 3 fuochi Forno a gas statico con grill cm. 67x38x34h, temp: 125\u00f7275\u00b0C, con 1 griglia cm.65x36, vano neutro con porta. - Arredi per la scuola","isPartOf":{"@id":"https:\/\/www.sudarredi.com\/sezione\/#website"},"primaryImageOfPage":{"@id":"https:\/\/www.sudarredi.com\/sezione\/prodotto\/cucina-a-gas-3-fuochi-forno-a-gas-statico-con-grill-cm-67x38x34h-temp-125%c3%b7275c-con-1-griglia-cm-65x36-vano-neutro-con-porta\/#primaryimage"},"image":{"@id":"https:\/\/www.sudarredi.com\/sezione\/prodotto\/cucina-a-gas-3-fuochi-forno-a-gas-statico-con-grill-cm-67x38x34h-temp-125%c3%b7275c-con-1-griglia-cm-65x36-vano-neutro-con-porta\/#primaryimage"},"thumbnailUrl":"https:\/\/www.sudarredi.com\/sezione\/wp-content\/uploads\/2024\/10\/CF3-612GV-scaled.jpg","datePublished":"2024-10-24T08:32:55+00:00","dateModified":"2024-10-24T08:32:57+00:00","breadcrumb":{"@id":"https:\/\/www.sudarredi.com\/sezione\/prodotto\/cucina-a-gas-3-fuochi-forno-a-gas-statico-con-grill-cm-67x38x34h-temp-125%c3%b7275c-con-1-griglia-cm-65x36-vano-neutro-con-porta\/#breadcrumb"},"inLanguage":"it-IT","potentialAction":[{"@type":"ReadAction","target":["https:\/\/www.sudarredi.com\/sezione\/prodotto\/cucina-a-gas-3-fuochi-forno-a-gas-statico-con-grill-cm-67x38x34h-temp-125%c3%b7275c-con-1-griglia-cm-65x36-vano-neutro-con-porta\/"]}]},{"@type":"ImageObject","inLanguage":"it-IT","@id":"https:\/\/www.sudarredi.com\/sezione\/prodotto\/cucina-a-gas-3-fuochi-forno-a-gas-statico-con-grill-cm-67x38x34h-temp-125%c3%b7275c-con-1-griglia-cm-65x36-vano-neutro-con-porta\/#primaryimage","url":"https:\/\/www.sudarredi.com\/sezione\/wp-content\/uploads\/2024\/10\/CF3-612GV-scaled.jpg","contentUrl":"https:\/\/www.sudarredi.com\/sezione\/wp-content\/uploads\/2024\/10\/CF3-612GV-scaled.jpg","width":2560,"height":2040},{"@type":"BreadcrumbList","@id":"https:\/\/www.sudarredi.com\/sezione\/prodotto\/cucina-a-gas-3-fuochi-forno-a-gas-statico-con-grill-cm-67x38x34h-temp-125%c3%b7275c-con-1-griglia-cm-65x36-vano-neutro-con-porta\/#breadcrumb","itemListElement":[{"@type":"ListItem","position":1,"name":"Home","item":"https:\/\/www.sudarredi.com\/sezione\/"},{"@type":"ListItem","position":2,"name":"Shop","item":"https:\/\/www.sudarredi.com\/sezione\/shop\/"},{"@type":"ListItem","position":3,"name":"cucina a gas 3 fuochi Forno a gas statico con grill cm. 67x38x34h, temp: 125\u00f7275\u00b0C, con 1 griglia cm.65&#215;36, vano neutro con porta."}]},{"@type":"WebSite","@id":"https:\/\/www.sudarredi.com\/sezione\/#website","url":"https:\/\/www.sudarredi.com\/sezione\/","name":"Sudarredi s.r.l","description":"Arredo scuola","publisher":{"@id":"https:\/\/www.sudarredi.com\/sezione\/#organization"},"alternateName":"Sud arredi","potentialAction":[{"@type":"SearchAction","target":{"@type":"EntryPoint","urlTemplate":"https:\/\/www.sudarredi.com\/sezione\/?s={search_term_string}"},"query-input":{"@type":"PropertyValueSpecification","valueRequired":true,"valueName":"search_term_string"}}],"inLanguage":"it-IT"},{"@type":["Organization","Place"],"@id":"https:\/\/www.sudarredi.com\/sezione\/#organization","name":"Sudarredi s.r.l","alternateName":"Sud arredi","url":"https:\/\/www.sudarredi.com\/sezione\/","logo":{"@id":"https:\/\/www.sudarredi.com\/sezione\/prodotto\/cucina-a-gas-3-fuochi-forno-a-gas-statico-con-grill-cm-67x38x34h-temp-125%c3%b7275c-con-1-griglia-cm-65x36-vano-neutro-con-porta\/#local-main-organization-logo"},"image":{"@id":"https:\/\/www.sudarredi.com\/sezione\/prodotto\/cucina-a-gas-3-fuochi-forno-a-gas-statico-con-grill-cm-67x38x34h-temp-125%c3%b7275c-con-1-griglia-cm-65x36-vano-neutro-con-porta\/#local-main-organization-logo"},"description":"La missione di Sudarredi Arredo Scuola \u00e8 quella di fornire soluzioni innovative, funzionali ed esteticamente gradevoli per l\u2019arredamento scolastico, contribuendo a creare ambienti di apprendimento che stimolino la creativit\u00e0, il benessere e la produttivit\u00e0 degli studenti e degli insegnanti. L'azienda \u00e8 impegnata a garantire la qualit\u00e0, la sicurezza e la sostenibilit\u00e0 dei suoi prodotti, rispondendo alle esigenze di scuole, istituti di formazione e enti pubblici in modo efficiente ed eco-sostenibile.","legalName":"Sudarredi s.r.l","numberOfEmployees":{"@type":"QuantitativeValue","minValue":"11","maxValue":"50"},"publishingPrinciples":"https:\/\/www.sudarredi.com\/sezione\/principi-editoriali-di-sudarredi-arredo-scuola\/","actionableFeedbackPolicy":"https:\/\/www.sudarredi.com\/sezione\/politica-di-feedback-attuabile\/","correctionsPolicy":"https:\/\/www.sudarredi.com\/sezione\/politica-sulle-correzioni\/","ethicsPolicy":"https:\/\/www.sudarredi.com\/sezione\/obiettivi-della-politica-sulletica\/","diversityPolicy":"https:\/\/www.sudarredi.com\/sezione\/obiettivi-della-politica-per-la-diversita\/","diversityStaffingReport":"https:\/\/www.sudarredi.com\/sezione\/rapporto-sulla-diversita-del-personale\/","telephone":[],"openingHoursSpecification":[{"@type":"OpeningHoursSpecification","dayOfWeek":["Monday","Tuesday","Wednesday","Thursday","Friday","Saturday","Sunday"],"opens":"09:00","closes":"17:00"}]},{"@type":"ImageObject","inLanguage":"it-IT","@id":"https:\/\/www.sudarredi.com\/sezione\/prodotto\/cucina-a-gas-3-fuochi-forno-a-gas-statico-con-grill-cm-67x38x34h-temp-125%c3%b7275c-con-1-griglia-cm-65x36-vano-neutro-con-porta\/#local-main-organization-logo","url":"https:\/\/www.sudarredi.com\/sezione\/wp-content\/uploads\/2025\/08\/cropped-app128x128.png","contentUrl":"https:\/\/www.sudarredi.com\/sezione\/wp-content\/uploads\/2025\/08\/cropped-app128x128.png","width":512,"height":512,"caption":"Sudarredi s.r.l"}]},"product_price_amount":"4444.00","product_price_currency":"EUR","og_availability":"instock","product_availability":"instock","product_retailer_item_id":"CF3-612GV","product_condition":"new"},"_links":{"self":[{"href":"https:\/\/www.sudarredi.com\/sezione\/wp-json\/wp\/v2\/product\/9245","targetHints":{"allow":["GET"]}}],"collection":[{"href":"https:\/\/www.sudarredi.com\/sezione\/wp-json\/wp\/v2\/product"}],"about":[{"href":"https:\/\/www.sudarredi.com\/sezione\/wp-json\/wp\/v2\/types\/product"}],"replies":[{"embeddable":true,"href":"https:\/\/www.sudarredi.com\/sezione\/wp-json\/wp\/v2\/comments?post=9245"}],"version-history":[{"count":1,"href":"https:\/\/www.sudarredi.com\/sezione\/wp-json\/wp\/v2\/product\/9245\/revisions"}],"predecessor-version":[{"id":9246,"href":"https:\/\/www.sudarredi.com\/sezione\/wp-json\/wp\/v2\/product\/9245\/revisions\/9246"}],"wp:featuredmedia":[{"embeddable":true,"href":"https:\/\/www.sudarredi.com\/sezione\/wp-json\/wp\/v2\/media\/9247"}],"wp:attachment":[{"href":"https:\/\/www.sudarredi.com\/sezione\/wp-json\/wp\/v2\/media?parent=9245"}],"wp:term":[{"taxonomy":"product_brand","embeddable":true,"href":"https:\/\/www.sudarredi.com\/sezione\/wp-json\/wp\/v2\/product_brand?post=9245"},{"taxonomy":"product_cat","embeddable":true,"href":"https:\/\/www.sudarredi.com\/sezione\/wp-json\/wp\/v2\/product_cat?post=9245"},{"taxonomy":"product_tag","embeddable":true,"href":"https:\/\/www.sudarredi.com\/sezione\/wp-json\/wp\/v2\/product_tag?post=9245"}],"curies":[{"name":"wp","href":"https:\/\/api.w.org\/{rel}","templated":true}]}}