{"id":8933,"date":"2024-10-24T08:31:36","date_gmt":"2024-10-24T08:31:36","guid":{"rendered":"https:\/\/musing-poincare.5-9-123-216.plesk.page\/prodotto\/sovrapprezzo-porta-e-pannello-comandi-serie-60-70-90-verniciati-ral2004-opaco-arancio-puro\/"},"modified":"2024-10-24T08:31:39","modified_gmt":"2024-10-24T08:31:39","slug":"sovrapprezzo-porta-e-pannello-comandi-serie-60-70-90-verniciati-ral2004-opaco-arancio-puro","status":"publish","type":"product","link":"https:\/\/www.sudarredi.com\/sezione\/prodotto\/sovrapprezzo-porta-e-pannello-comandi-serie-60-70-90-verniciati-ral2004-opaco-arancio-puro\/","title":{"rendered":"SOVRAPPREZZO porta e pannello comandi serie 60\/70\/90 verniciati RAL2004 OPACO &#8220;ARANCIO PURO&#8221;"},"content":{"rendered":"<p>SOVRAPPREZZO porta e pannello comandi serie 60\/70\/90 verniciati RAL2004 OPACO &#8220;ARANCIO PURO&#8221;<\/p>\n","protected":false},"excerpt":{"rendered":"<p>SOVRAPPREZZO porta e pannello comandi serie 60\/70\/90 verniciati RAL2004 OPACO &#8220;ARANCIO PURO&#8221;<\/p>\n","protected":false},"featured_media":8935,"comment_status":"closed","ping_status":"closed","template":"","meta":[],"product_brand":[],"product_cat":[1413,1414],"product_tag":[],"class_list":{"0":"post-8933","1":"product","2":"type-product","3":"status-publish","4":"has-post-thumbnail","6":"product_cat-cottura-professionale","7":"product_cat-verniciatura","8":"pa_cmb-x-p-x-h-cm-3040","10":"first","11":"instock","12":"purchasable","13":"product-type-simple"},"yoast_head":"<!-- This site is optimized with the Yoast SEO Premium plugin v24.6 (Yoast SEO v25.3.1) - https:\/\/yoast.com\/wordpress\/plugins\/seo\/ -->\n<title>SOVRAPPREZZO porta e pannello comandi serie 60\/70\/90 verniciati RAL2004 OPACO &quot;ARANCIO PURO&quot; - Arredi per la scuola<\/title>\n<meta name=\"robots\" content=\"index, follow, max-snippet:-1, max-image-preview:large, max-video-preview:-1\" \/>\n<link rel=\"canonical\" href=\"https:\/\/www.sudarredi.com\/sezione\/prodotto\/sovrapprezzo-porta-e-pannello-comandi-serie-60-70-90-verniciati-ral2004-opaco-arancio-puro\/\" \/>\n<meta property=\"og:locale\" content=\"it_IT\" \/>\n<meta property=\"og:type\" content=\"article\" \/>\n<meta property=\"og:title\" content=\"SOVRAPPREZZO porta e pannello comandi serie 60\/70\/90 verniciati RAL2004 OPACO &quot;ARANCIO PURO&quot;\" \/>\n<meta property=\"og:description\" content=\"SOVRAPPREZZO porta e pannello comandi serie 60\/70\/90 verniciati RAL2004 OPACO &#8220;ARANCIO PURO&#8221;\" \/>\n<meta property=\"og:url\" content=\"https:\/\/www.sudarredi.com\/sezione\/prodotto\/sovrapprezzo-porta-e-pannello-comandi-serie-60-70-90-verniciati-ral2004-opaco-arancio-puro\/\" \/>\n<meta property=\"og:site_name\" content=\"Arredi per la scuola\" \/>\n<meta property=\"og:image\" content=\"https:\/\/www.sudarredi.com\/sezione\/wp-content\/uploads\/2024\/10\/RAL2004.jpg\" \/>\n\t<meta property=\"og:image:width\" content=\"892\" \/>\n\t<meta property=\"og:image:height\" content=\"1181\" \/>\n\t<meta property=\"og:image:type\" content=\"image\/jpeg\" \/>\n<meta name=\"twitter:card\" content=\"summary_large_image\" \/>\n<meta name=\"twitter:label1\" content=\"Prezzo\" \/>\n\t<meta name=\"twitter:data1\" content=\"290,00&nbsp;&euro;\" \/>\n\t<meta name=\"twitter:label2\" content=\"Disponibilit\u00e0\" \/>\n\t<meta name=\"twitter:data2\" content=\"In stock\" \/>\n<meta property=\"product:price:amount\" content=\"290.00\" \/>\n<meta property=\"product:price:currency\" content=\"EUR\" \/>\n<meta property=\"og:availability\" content=\"instock\" \/>\n<meta property=\"product:availability\" content=\"instock\" \/>\n<meta property=\"product:retailer_item_id\" content=\"RAL2004\" \/>\n<meta property=\"product:condition\" content=\"new\" \/>\n<!-- \/ Yoast SEO Premium plugin. -->","yoast_head_json":{"title":"SOVRAPPREZZO porta e pannello comandi serie 60\/70\/90 verniciati RAL2004 OPACO \"ARANCIO PURO\" - Arredi per la scuola","robots":{"index":"index","follow":"follow","max-snippet":"max-snippet:-1","max-image-preview":"max-image-preview:large","max-video-preview":"max-video-preview:-1"},"canonical":"https:\/\/www.sudarredi.com\/sezione\/prodotto\/sovrapprezzo-porta-e-pannello-comandi-serie-60-70-90-verniciati-ral2004-opaco-arancio-puro\/","og_locale":"it_IT","og_type":"article","og_title":"SOVRAPPREZZO porta e pannello comandi serie 60\/70\/90 verniciati RAL2004 OPACO \"ARANCIO PURO\"","og_description":"SOVRAPPREZZO porta e pannello comandi serie 60\/70\/90 verniciati RAL2004 OPACO &#8220;ARANCIO PURO&#8221;","og_url":"https:\/\/www.sudarredi.com\/sezione\/prodotto\/sovrapprezzo-porta-e-pannello-comandi-serie-60-70-90-verniciati-ral2004-opaco-arancio-puro\/","og_site_name":"Arredi per la scuola","og_image":[{"width":892,"height":1181,"url":"https:\/\/www.sudarredi.com\/sezione\/wp-content\/uploads\/2024\/10\/RAL2004.jpg","type":"image\/jpeg"}],"twitter_card":"summary_large_image","twitter_misc":{"Prezzo":"290,00&nbsp;&euro;","Disponibilit\u00e0":"In stock"},"schema":{"@context":"https:\/\/schema.org","@graph":[{"@type":"WebPage","@id":"https:\/\/www.sudarredi.com\/sezione\/prodotto\/sovrapprezzo-porta-e-pannello-comandi-serie-60-70-90-verniciati-ral2004-opaco-arancio-puro\/","url":"https:\/\/www.sudarredi.com\/sezione\/prodotto\/sovrapprezzo-porta-e-pannello-comandi-serie-60-70-90-verniciati-ral2004-opaco-arancio-puro\/","name":"SOVRAPPREZZO porta e pannello comandi serie 60\/70\/90 verniciati RAL2004 OPACO \"ARANCIO PURO\" - Arredi per la scuola","isPartOf":{"@id":"https:\/\/www.sudarredi.com\/sezione\/#website"},"primaryImageOfPage":{"@id":"https:\/\/www.sudarredi.com\/sezione\/prodotto\/sovrapprezzo-porta-e-pannello-comandi-serie-60-70-90-verniciati-ral2004-opaco-arancio-puro\/#primaryimage"},"image":{"@id":"https:\/\/www.sudarredi.com\/sezione\/prodotto\/sovrapprezzo-porta-e-pannello-comandi-serie-60-70-90-verniciati-ral2004-opaco-arancio-puro\/#primaryimage"},"thumbnailUrl":"https:\/\/www.sudarredi.com\/sezione\/wp-content\/uploads\/2024\/10\/RAL2004.jpg","datePublished":"2024-10-24T08:31:36+00:00","dateModified":"2024-10-24T08:31:39+00:00","breadcrumb":{"@id":"https:\/\/www.sudarredi.com\/sezione\/prodotto\/sovrapprezzo-porta-e-pannello-comandi-serie-60-70-90-verniciati-ral2004-opaco-arancio-puro\/#breadcrumb"},"inLanguage":"it-IT","potentialAction":[{"@type":"ReadAction","target":["https:\/\/www.sudarredi.com\/sezione\/prodotto\/sovrapprezzo-porta-e-pannello-comandi-serie-60-70-90-verniciati-ral2004-opaco-arancio-puro\/"]}]},{"@type":"ImageObject","inLanguage":"it-IT","@id":"https:\/\/www.sudarredi.com\/sezione\/prodotto\/sovrapprezzo-porta-e-pannello-comandi-serie-60-70-90-verniciati-ral2004-opaco-arancio-puro\/#primaryimage","url":"https:\/\/www.sudarredi.com\/sezione\/wp-content\/uploads\/2024\/10\/RAL2004.jpg","contentUrl":"https:\/\/www.sudarredi.com\/sezione\/wp-content\/uploads\/2024\/10\/RAL2004.jpg","width":892,"height":1181},{"@type":"BreadcrumbList","@id":"https:\/\/www.sudarredi.com\/sezione\/prodotto\/sovrapprezzo-porta-e-pannello-comandi-serie-60-70-90-verniciati-ral2004-opaco-arancio-puro\/#breadcrumb","itemListElement":[{"@type":"ListItem","position":1,"name":"Home","item":"https:\/\/www.sudarredi.com\/sezione\/"},{"@type":"ListItem","position":2,"name":"Shop","item":"https:\/\/www.sudarredi.com\/sezione\/shop\/"},{"@type":"ListItem","position":3,"name":"SOVRAPPREZZO porta e pannello comandi serie 60\/70\/90 verniciati RAL2004 OPACO &#8220;ARANCIO PURO&#8221;"}]},{"@type":"WebSite","@id":"https:\/\/www.sudarredi.com\/sezione\/#website","url":"https:\/\/www.sudarredi.com\/sezione\/","name":"Sudarredi s.r.l","description":"Arredo scuola","publisher":{"@id":"https:\/\/www.sudarredi.com\/sezione\/#organization"},"alternateName":"Sud arredi","potentialAction":[{"@type":"SearchAction","target":{"@type":"EntryPoint","urlTemplate":"https:\/\/www.sudarredi.com\/sezione\/?s={search_term_string}"},"query-input":{"@type":"PropertyValueSpecification","valueRequired":true,"valueName":"search_term_string"}}],"inLanguage":"it-IT"},{"@type":["Organization","Place"],"@id":"https:\/\/www.sudarredi.com\/sezione\/#organization","name":"Sudarredi s.r.l","alternateName":"Sud arredi","url":"https:\/\/www.sudarredi.com\/sezione\/","logo":{"@id":"https:\/\/www.sudarredi.com\/sezione\/prodotto\/sovrapprezzo-porta-e-pannello-comandi-serie-60-70-90-verniciati-ral2004-opaco-arancio-puro\/#local-main-organization-logo"},"image":{"@id":"https:\/\/www.sudarredi.com\/sezione\/prodotto\/sovrapprezzo-porta-e-pannello-comandi-serie-60-70-90-verniciati-ral2004-opaco-arancio-puro\/#local-main-organization-logo"},"description":"La missione di Sudarredi Arredo Scuola \u00e8 quella di fornire soluzioni innovative, funzionali ed esteticamente gradevoli per l\u2019arredamento scolastico, contribuendo a creare ambienti di apprendimento che stimolino la creativit\u00e0, il benessere e la produttivit\u00e0 degli studenti e degli insegnanti. L'azienda \u00e8 impegnata a garantire la qualit\u00e0, la sicurezza e la sostenibilit\u00e0 dei suoi prodotti, rispondendo alle esigenze di scuole, istituti di formazione e enti pubblici in modo efficiente ed eco-sostenibile.","legalName":"Sudarredi s.r.l","numberOfEmployees":{"@type":"QuantitativeValue","minValue":"11","maxValue":"50"},"publishingPrinciples":"https:\/\/www.sudarredi.com\/sezione\/principi-editoriali-di-sudarredi-arredo-scuola\/","actionableFeedbackPolicy":"https:\/\/www.sudarredi.com\/sezione\/politica-di-feedback-attuabile\/","correctionsPolicy":"https:\/\/www.sudarredi.com\/sezione\/politica-sulle-correzioni\/","ethicsPolicy":"https:\/\/www.sudarredi.com\/sezione\/obiettivi-della-politica-sulletica\/","diversityPolicy":"https:\/\/www.sudarredi.com\/sezione\/obiettivi-della-politica-per-la-diversita\/","diversityStaffingReport":"https:\/\/www.sudarredi.com\/sezione\/rapporto-sulla-diversita-del-personale\/","telephone":[],"openingHoursSpecification":[{"@type":"OpeningHoursSpecification","dayOfWeek":["Monday","Tuesday","Wednesday","Thursday","Friday","Saturday","Sunday"],"opens":"09:00","closes":"17:00"}]},{"@type":"ImageObject","inLanguage":"it-IT","@id":"https:\/\/www.sudarredi.com\/sezione\/prodotto\/sovrapprezzo-porta-e-pannello-comandi-serie-60-70-90-verniciati-ral2004-opaco-arancio-puro\/#local-main-organization-logo","url":"https:\/\/www.sudarredi.com\/sezione\/wp-content\/uploads\/2025\/08\/cropped-app128x128.png","contentUrl":"https:\/\/www.sudarredi.com\/sezione\/wp-content\/uploads\/2025\/08\/cropped-app128x128.png","width":512,"height":512,"caption":"Sudarredi s.r.l"}]},"product_price_amount":"290.00","product_price_currency":"EUR","og_availability":"instock","product_availability":"instock","product_retailer_item_id":"RAL2004","product_condition":"new"},"_links":{"self":[{"href":"https:\/\/www.sudarredi.com\/sezione\/wp-json\/wp\/v2\/product\/8933","targetHints":{"allow":["GET"]}}],"collection":[{"href":"https:\/\/www.sudarredi.com\/sezione\/wp-json\/wp\/v2\/product"}],"about":[{"href":"https:\/\/www.sudarredi.com\/sezione\/wp-json\/wp\/v2\/types\/product"}],"replies":[{"embeddable":true,"href":"https:\/\/www.sudarredi.com\/sezione\/wp-json\/wp\/v2\/comments?post=8933"}],"version-history":[{"count":1,"href":"https:\/\/www.sudarredi.com\/sezione\/wp-json\/wp\/v2\/product\/8933\/revisions"}],"predecessor-version":[{"id":8934,"href":"https:\/\/www.sudarredi.com\/sezione\/wp-json\/wp\/v2\/product\/8933\/revisions\/8934"}],"wp:featuredmedia":[{"embeddable":true,"href":"https:\/\/www.sudarredi.com\/sezione\/wp-json\/wp\/v2\/media\/8935"}],"wp:attachment":[{"href":"https:\/\/www.sudarredi.com\/sezione\/wp-json\/wp\/v2\/media?parent=8933"}],"wp:term":[{"taxonomy":"product_brand","embeddable":true,"href":"https:\/\/www.sudarredi.com\/sezione\/wp-json\/wp\/v2\/product_brand?post=8933"},{"taxonomy":"product_cat","embeddable":true,"href":"https:\/\/www.sudarredi.com\/sezione\/wp-json\/wp\/v2\/product_cat?post=8933"},{"taxonomy":"product_tag","embeddable":true,"href":"https:\/\/www.sudarredi.com\/sezione\/wp-json\/wp\/v2\/product_tag?post=8933"}],"curies":[{"name":"wp","href":"https:\/\/api.w.org\/{rel}","templated":true}]}}