{"id":8113,"date":"2024-10-11T08:11:12","date_gmt":"2024-10-11T08:11:12","guid":{"rendered":"https:\/\/musing-poincare.5-9-123-216.plesk.page\/?post_type=product&#038;p=8113"},"modified":"2025-01-24T08:24:11","modified_gmt":"2025-01-24T08:24:11","slug":"kit-educazione-stradale-set-b-12-segnali-stradali-in-plastica-e-1-semaforo","status":"publish","type":"product","link":"https:\/\/www.sudarredi.com\/sezione\/prodotto\/kit-educazione-stradale-set-b-12-segnali-stradali-in-plastica-e-1-semaforo\/","title":{"rendered":"KIT EDUCAZIONE STRADALE SET B 12 SEGNALI STRADALI IN PLASTICA E 1 SEMAFORO"},"content":{"rendered":"","protected":false},"excerpt":{"rendered":"<p>12 SEGNALI STRADALI IN PLASTICA E 1 SEMAFORO<br \/>\nComposto da:<br \/>\n7 basi<br \/>\n7 bastoni l. 120 cm<br \/>\n12 segnali stradali con attacco<br \/>\n1 semaforo con luci cm 14x14x20,5 h. completo di base e asta.<br \/>\nLuci funzionanti a ciclo manuale o automatico (batteria non inclusa)<\/p>\n","protected":false},"featured_media":8157,"comment_status":"open","ping_status":"closed","template":"","meta":[],"product_brand":[],"product_cat":[1252],"product_tag":[],"class_list":{"0":"post-8113","1":"product","2":"type-product","3":"status-publish","4":"has-post-thumbnail","6":"product_cat-attivita-motoria","8":"first","9":"outofstock","10":"shipping-taxable","11":"product-type-simple"},"yoast_head":"<!-- This site is optimized with the Yoast SEO Premium plugin v24.6 (Yoast SEO v25.3.1) - https:\/\/yoast.com\/wordpress\/plugins\/seo\/ -->\n<title>KIT EDUCAZIONE STRADALE SET B 12 SEGNALI STRADALI IN PLASTICA E 1 SEMAFORO - Arredi per la scuola<\/title>\n<meta name=\"robots\" content=\"index, follow, max-snippet:-1, max-image-preview:large, max-video-preview:-1\" \/>\n<link rel=\"canonical\" href=\"https:\/\/www.sudarredi.com\/sezione\/prodotto\/kit-educazione-stradale-set-b-12-segnali-stradali-in-plastica-e-1-semaforo\/\" \/>\n<meta property=\"og:locale\" content=\"it_IT\" \/>\n<meta property=\"og:type\" content=\"article\" \/>\n<meta property=\"og:title\" content=\"KIT EDUCAZIONE STRADALE SET B 12 SEGNALI STRADALI IN PLASTICA E 1 SEMAFORO\" \/>\n<meta property=\"og:description\" content=\"12 SEGNALI STRADALI IN PLASTICA E 1 SEMAFORO Composto da: 7 basi 7 bastoni l. 120 cm 12 segnali stradali con attacco 1 semaforo con luci cm 14x14x20,5 h. completo di base e asta. Luci funzionanti a ciclo manuale o automatico (batteria non inclusa)\" \/>\n<meta property=\"og:url\" content=\"https:\/\/www.sudarredi.com\/sezione\/prodotto\/kit-educazione-stradale-set-b-12-segnali-stradali-in-plastica-e-1-semaforo\/\" \/>\n<meta property=\"og:site_name\" content=\"Arredi per la scuola\" \/>\n<meta property=\"og:image\" content=\"https:\/\/www.sudarredi.com\/sezione\/wp-content\/uploads\/2024\/10\/KIT-EDUCAZIONE-STRADALE-SET-B-12-SEGNALI-STRADALI-IN-PLASTICA-E-1-SEMAFORO-art.-203-.png\" \/>\n\t<meta property=\"og:image:width\" content=\"436\" \/>\n\t<meta property=\"og:image:height\" content=\"234\" \/>\n\t<meta property=\"og:image:type\" content=\"image\/png\" \/>\n<meta name=\"twitter:card\" content=\"summary_large_image\" \/>\n<meta name=\"twitter:label1\" content=\"Prezzo\" \/>\n\t<meta name=\"twitter:data1\" content=\"\" \/>\n\t<meta name=\"twitter:label2\" content=\"Disponibilit\u00e0\" \/>\n\t<meta name=\"twitter:data2\" content=\"Esaurito\" \/>\n<meta property=\"product:price:currency\" content=\"EUR\" \/>\n<meta property=\"og:availability\" content=\"out of stock\" \/>\n<meta property=\"product:availability\" content=\"out of stock\" \/>\n<meta property=\"product:retailer_item_id\" content=\"24288\" \/>\n<meta property=\"product:condition\" content=\"new\" \/>\n<!-- \/ Yoast SEO Premium plugin. -->","yoast_head_json":{"title":"KIT EDUCAZIONE STRADALE SET B 12 SEGNALI STRADALI IN PLASTICA E 1 SEMAFORO - Arredi per la scuola","robots":{"index":"index","follow":"follow","max-snippet":"max-snippet:-1","max-image-preview":"max-image-preview:large","max-video-preview":"max-video-preview:-1"},"canonical":"https:\/\/www.sudarredi.com\/sezione\/prodotto\/kit-educazione-stradale-set-b-12-segnali-stradali-in-plastica-e-1-semaforo\/","og_locale":"it_IT","og_type":"article","og_title":"KIT EDUCAZIONE STRADALE SET B 12 SEGNALI STRADALI IN PLASTICA E 1 SEMAFORO","og_description":"12 SEGNALI STRADALI IN PLASTICA E 1 SEMAFORO Composto da: 7 basi 7 bastoni l. 120 cm 12 segnali stradali con attacco 1 semaforo con luci cm 14x14x20,5 h. completo di base e asta. Luci funzionanti a ciclo manuale o automatico (batteria non inclusa)","og_url":"https:\/\/www.sudarredi.com\/sezione\/prodotto\/kit-educazione-stradale-set-b-12-segnali-stradali-in-plastica-e-1-semaforo\/","og_site_name":"Arredi per la scuola","og_image":[{"width":436,"height":234,"url":"https:\/\/www.sudarredi.com\/sezione\/wp-content\/uploads\/2024\/10\/KIT-EDUCAZIONE-STRADALE-SET-B-12-SEGNALI-STRADALI-IN-PLASTICA-E-1-SEMAFORO-art.-203-.png","type":"image\/png"}],"twitter_card":"summary_large_image","twitter_misc":{"Prezzo":"","Disponibilit\u00e0":"Esaurito"},"schema":{"@context":"https:\/\/schema.org","@graph":[{"@type":"WebPage","@id":"https:\/\/www.sudarredi.com\/sezione\/prodotto\/kit-educazione-stradale-set-b-12-segnali-stradali-in-plastica-e-1-semaforo\/","url":"https:\/\/www.sudarredi.com\/sezione\/prodotto\/kit-educazione-stradale-set-b-12-segnali-stradali-in-plastica-e-1-semaforo\/","name":"KIT EDUCAZIONE STRADALE SET B 12 SEGNALI STRADALI IN PLASTICA E 1 SEMAFORO - Arredi per la scuola","isPartOf":{"@id":"https:\/\/www.sudarredi.com\/sezione\/#website"},"primaryImageOfPage":{"@id":"https:\/\/www.sudarredi.com\/sezione\/prodotto\/kit-educazione-stradale-set-b-12-segnali-stradali-in-plastica-e-1-semaforo\/#primaryimage"},"image":{"@id":"https:\/\/www.sudarredi.com\/sezione\/prodotto\/kit-educazione-stradale-set-b-12-segnali-stradali-in-plastica-e-1-semaforo\/#primaryimage"},"thumbnailUrl":"https:\/\/www.sudarredi.com\/sezione\/wp-content\/uploads\/2024\/10\/KIT-EDUCAZIONE-STRADALE-SET-B-12-SEGNALI-STRADALI-IN-PLASTICA-E-1-SEMAFORO-art.-203-.png","datePublished":"2024-10-11T08:11:12+00:00","dateModified":"2025-01-24T08:24:11+00:00","breadcrumb":{"@id":"https:\/\/www.sudarredi.com\/sezione\/prodotto\/kit-educazione-stradale-set-b-12-segnali-stradali-in-plastica-e-1-semaforo\/#breadcrumb"},"inLanguage":"it-IT","potentialAction":[{"@type":"ReadAction","target":["https:\/\/www.sudarredi.com\/sezione\/prodotto\/kit-educazione-stradale-set-b-12-segnali-stradali-in-plastica-e-1-semaforo\/"]}]},{"@type":"ImageObject","inLanguage":"it-IT","@id":"https:\/\/www.sudarredi.com\/sezione\/prodotto\/kit-educazione-stradale-set-b-12-segnali-stradali-in-plastica-e-1-semaforo\/#primaryimage","url":"https:\/\/www.sudarredi.com\/sezione\/wp-content\/uploads\/2024\/10\/KIT-EDUCAZIONE-STRADALE-SET-B-12-SEGNALI-STRADALI-IN-PLASTICA-E-1-SEMAFORO-art.-203-.png","contentUrl":"https:\/\/www.sudarredi.com\/sezione\/wp-content\/uploads\/2024\/10\/KIT-EDUCAZIONE-STRADALE-SET-B-12-SEGNALI-STRADALI-IN-PLASTICA-E-1-SEMAFORO-art.-203-.png","width":436,"height":234},{"@type":"BreadcrumbList","@id":"https:\/\/www.sudarredi.com\/sezione\/prodotto\/kit-educazione-stradale-set-b-12-segnali-stradali-in-plastica-e-1-semaforo\/#breadcrumb","itemListElement":[{"@type":"ListItem","position":1,"name":"Home","item":"https:\/\/www.sudarredi.com\/sezione\/"},{"@type":"ListItem","position":2,"name":"Shop","item":"https:\/\/www.sudarredi.com\/sezione\/shop\/"},{"@type":"ListItem","position":3,"name":"KIT EDUCAZIONE STRADALE SET B 12 SEGNALI STRADALI IN PLASTICA E 1 SEMAFORO"}]},{"@type":"WebSite","@id":"https:\/\/www.sudarredi.com\/sezione\/#website","url":"https:\/\/www.sudarredi.com\/sezione\/","name":"Sudarredi s.r.l","description":"Arredo scuola","publisher":{"@id":"https:\/\/www.sudarredi.com\/sezione\/#organization"},"alternateName":"Sud arredi","potentialAction":[{"@type":"SearchAction","target":{"@type":"EntryPoint","urlTemplate":"https:\/\/www.sudarredi.com\/sezione\/?s={search_term_string}"},"query-input":{"@type":"PropertyValueSpecification","valueRequired":true,"valueName":"search_term_string"}}],"inLanguage":"it-IT"},{"@type":["Organization","Place"],"@id":"https:\/\/www.sudarredi.com\/sezione\/#organization","name":"Sudarredi s.r.l","alternateName":"Sud arredi","url":"https:\/\/www.sudarredi.com\/sezione\/","logo":{"@id":"https:\/\/www.sudarredi.com\/sezione\/prodotto\/kit-educazione-stradale-set-b-12-segnali-stradali-in-plastica-e-1-semaforo\/#local-main-organization-logo"},"image":{"@id":"https:\/\/www.sudarredi.com\/sezione\/prodotto\/kit-educazione-stradale-set-b-12-segnali-stradali-in-plastica-e-1-semaforo\/#local-main-organization-logo"},"description":"La missione di Sudarredi Arredo Scuola \u00e8 quella di fornire soluzioni innovative, funzionali ed esteticamente gradevoli per l\u2019arredamento scolastico, contribuendo a creare ambienti di apprendimento che stimolino la creativit\u00e0, il benessere e la produttivit\u00e0 degli studenti e degli insegnanti. L'azienda \u00e8 impegnata a garantire la qualit\u00e0, la sicurezza e la sostenibilit\u00e0 dei suoi prodotti, rispondendo alle esigenze di scuole, istituti di formazione e enti pubblici in modo efficiente ed eco-sostenibile.","legalName":"Sudarredi s.r.l","numberOfEmployees":{"@type":"QuantitativeValue","minValue":"11","maxValue":"50"},"publishingPrinciples":"https:\/\/www.sudarredi.com\/sezione\/principi-editoriali-di-sudarredi-arredo-scuola\/","actionableFeedbackPolicy":"https:\/\/www.sudarredi.com\/sezione\/politica-di-feedback-attuabile\/","correctionsPolicy":"https:\/\/www.sudarredi.com\/sezione\/politica-sulle-correzioni\/","ethicsPolicy":"https:\/\/www.sudarredi.com\/sezione\/obiettivi-della-politica-sulletica\/","diversityPolicy":"https:\/\/www.sudarredi.com\/sezione\/obiettivi-della-politica-per-la-diversita\/","diversityStaffingReport":"https:\/\/www.sudarredi.com\/sezione\/rapporto-sulla-diversita-del-personale\/","telephone":[],"openingHoursSpecification":[{"@type":"OpeningHoursSpecification","dayOfWeek":["Monday","Tuesday","Wednesday","Thursday","Friday","Saturday","Sunday"],"opens":"09:00","closes":"17:00"}]},{"@type":"ImageObject","inLanguage":"it-IT","@id":"https:\/\/www.sudarredi.com\/sezione\/prodotto\/kit-educazione-stradale-set-b-12-segnali-stradali-in-plastica-e-1-semaforo\/#local-main-organization-logo","url":"https:\/\/www.sudarredi.com\/sezione\/wp-content\/uploads\/2025\/08\/cropped-app128x128.png","contentUrl":"https:\/\/www.sudarredi.com\/sezione\/wp-content\/uploads\/2025\/08\/cropped-app128x128.png","width":512,"height":512,"caption":"Sudarredi s.r.l"}]},"product_price_currency":"EUR","og_availability":"out of stock","product_availability":"out of stock","product_retailer_item_id":"24288","product_condition":"new"},"_links":{"self":[{"href":"https:\/\/www.sudarredi.com\/sezione\/wp-json\/wp\/v2\/product\/8113","targetHints":{"allow":["GET"]}}],"collection":[{"href":"https:\/\/www.sudarredi.com\/sezione\/wp-json\/wp\/v2\/product"}],"about":[{"href":"https:\/\/www.sudarredi.com\/sezione\/wp-json\/wp\/v2\/types\/product"}],"replies":[{"embeddable":true,"href":"https:\/\/www.sudarredi.com\/sezione\/wp-json\/wp\/v2\/comments?post=8113"}],"version-history":[{"count":1,"href":"https:\/\/www.sudarredi.com\/sezione\/wp-json\/wp\/v2\/product\/8113\/revisions"}],"predecessor-version":[{"id":8158,"href":"https:\/\/www.sudarredi.com\/sezione\/wp-json\/wp\/v2\/product\/8113\/revisions\/8158"}],"wp:featuredmedia":[{"embeddable":true,"href":"https:\/\/www.sudarredi.com\/sezione\/wp-json\/wp\/v2\/media\/8157"}],"wp:attachment":[{"href":"https:\/\/www.sudarredi.com\/sezione\/wp-json\/wp\/v2\/media?parent=8113"}],"wp:term":[{"taxonomy":"product_brand","embeddable":true,"href":"https:\/\/www.sudarredi.com\/sezione\/wp-json\/wp\/v2\/product_brand?post=8113"},{"taxonomy":"product_cat","embeddable":true,"href":"https:\/\/www.sudarredi.com\/sezione\/wp-json\/wp\/v2\/product_cat?post=8113"},{"taxonomy":"product_tag","embeddable":true,"href":"https:\/\/www.sudarredi.com\/sezione\/wp-json\/wp\/v2\/product_tag?post=8113"}],"curies":[{"name":"wp","href":"https:\/\/api.w.org\/{rel}","templated":true}]}}