{"id":8099,"date":"2024-10-11T08:11:11","date_gmt":"2024-10-11T08:11:11","guid":{"rendered":"https:\/\/musing-poincare.5-9-123-216.plesk.page\/?post_type=product&#038;p=8099"},"modified":"2025-01-24T08:23:51","modified_gmt":"2025-01-24T08:23:51","slug":"la-linea-di-mattoni-52-mattoni-confezione-in-sacco","status":"publish","type":"product","link":"https:\/\/www.sudarredi.com\/sezione\/prodotto\/la-linea-di-mattoni-52-mattoni-confezione-in-sacco\/","title":{"rendered":"La linea di mattoni 52 MATTONI confezione in sacco"},"content":{"rendered":"<p>La linea di mattoni ad incastro \u00e8 uno strumento di gioco e un ausilio<br \/>\ndidattico.<br \/>\nI bambini possono realizzare, con estrema facilit\u00e0, forme e figura diverse dando libero sfogo alla fantasia<\/p>\n<p>Caratteristiche:<br \/>\n\u2022sicuri e atossici<br \/>\n\u2022in plastica morbida antiurto<br \/>\n\u2022non sono soggetti ad usura<br \/>\n\u2022colori brillanti e resistenti<br \/>\n\u2022forme varie e modulari che stimolano la creativit\u00e0 e la fantasia<\/p>\n","protected":false},"excerpt":{"rendered":"<p>52 MATTONI confezione in sacco di plastica<br \/>\nComposto da:<br \/>\n7 mattoni alti 8 impronte<br \/>\n35 mattoni bassi mix da 2-4-8 impronte<br \/>\n2 mattoni piatti<br \/>\n2 mattoni punta<br \/>\n2 trenini con ruote<\/p>\n","protected":false},"featured_media":8129,"comment_status":"open","ping_status":"closed","template":"","meta":[],"product_brand":[],"product_cat":[1252],"product_tag":[],"class_list":{"0":"post-8099","1":"product","2":"type-product","3":"status-publish","4":"has-post-thumbnail","6":"product_cat-attivita-motoria","8":"first","9":"outofstock","10":"shipping-taxable","11":"product-type-simple"},"yoast_head":"<!-- This site is optimized with the Yoast SEO Premium plugin v24.6 (Yoast SEO v25.3.1) - https:\/\/yoast.com\/wordpress\/plugins\/seo\/ -->\n<title>La linea di mattoni 52 MATTONI confezione in sacco - Arredi per la scuola<\/title>\n<meta name=\"robots\" content=\"index, follow, max-snippet:-1, max-image-preview:large, max-video-preview:-1\" \/>\n<link rel=\"canonical\" href=\"https:\/\/www.sudarredi.com\/sezione\/prodotto\/la-linea-di-mattoni-52-mattoni-confezione-in-sacco\/\" \/>\n<meta property=\"og:locale\" content=\"it_IT\" \/>\n<meta property=\"og:type\" content=\"article\" \/>\n<meta property=\"og:title\" content=\"La linea di mattoni 52 MATTONI confezione in sacco\" \/>\n<meta property=\"og:description\" content=\"52 MATTONI confezione in sacco di plastica Composto da: 7 mattoni alti 8 impronte 35 mattoni bassi mix da 2-4-8 impronte 2 mattoni piatti 2 mattoni punta 2 trenini con ruote\" \/>\n<meta property=\"og:url\" content=\"https:\/\/www.sudarredi.com\/sezione\/prodotto\/la-linea-di-mattoni-52-mattoni-confezione-in-sacco\/\" \/>\n<meta property=\"og:site_name\" content=\"Arredi per la scuola\" \/>\n<meta property=\"og:image\" content=\"https:\/\/www.sudarredi.com\/sezione\/wp-content\/uploads\/2024\/10\/55-MATTONI-confezione-in-cartone-art.-005.png\" \/>\n\t<meta property=\"og:image:width\" content=\"319\" \/>\n\t<meta property=\"og:image:height\" content=\"270\" \/>\n\t<meta property=\"og:image:type\" content=\"image\/png\" \/>\n<meta name=\"twitter:card\" content=\"summary_large_image\" \/>\n<meta name=\"twitter:label1\" content=\"Prezzo\" \/>\n\t<meta name=\"twitter:data1\" content=\"\" \/>\n\t<meta name=\"twitter:label2\" content=\"Disponibilit\u00e0\" \/>\n\t<meta name=\"twitter:data2\" content=\"Esaurito\" \/>\n<meta property=\"product:price:currency\" content=\"EUR\" \/>\n<meta property=\"og:availability\" content=\"out of stock\" \/>\n<meta property=\"product:availability\" content=\"out of stock\" \/>\n<meta property=\"product:retailer_item_id\" content=\"24223\" \/>\n<meta property=\"product:condition\" content=\"new\" \/>\n<!-- \/ Yoast SEO Premium plugin. -->","yoast_head_json":{"title":"La linea di mattoni 52 MATTONI confezione in sacco - Arredi per la scuola","robots":{"index":"index","follow":"follow","max-snippet":"max-snippet:-1","max-image-preview":"max-image-preview:large","max-video-preview":"max-video-preview:-1"},"canonical":"https:\/\/www.sudarredi.com\/sezione\/prodotto\/la-linea-di-mattoni-52-mattoni-confezione-in-sacco\/","og_locale":"it_IT","og_type":"article","og_title":"La linea di mattoni 52 MATTONI confezione in sacco","og_description":"52 MATTONI confezione in sacco di plastica Composto da: 7 mattoni alti 8 impronte 35 mattoni bassi mix da 2-4-8 impronte 2 mattoni piatti 2 mattoni punta 2 trenini con ruote","og_url":"https:\/\/www.sudarredi.com\/sezione\/prodotto\/la-linea-di-mattoni-52-mattoni-confezione-in-sacco\/","og_site_name":"Arredi per la scuola","og_image":[{"width":319,"height":270,"url":"https:\/\/www.sudarredi.com\/sezione\/wp-content\/uploads\/2024\/10\/55-MATTONI-confezione-in-cartone-art.-005.png","type":"image\/png"}],"twitter_card":"summary_large_image","twitter_misc":{"Prezzo":"","Disponibilit\u00e0":"Esaurito"},"schema":{"@context":"https:\/\/schema.org","@graph":[{"@type":"WebPage","@id":"https:\/\/www.sudarredi.com\/sezione\/prodotto\/la-linea-di-mattoni-52-mattoni-confezione-in-sacco\/","url":"https:\/\/www.sudarredi.com\/sezione\/prodotto\/la-linea-di-mattoni-52-mattoni-confezione-in-sacco\/","name":"La linea di mattoni 52 MATTONI confezione in sacco - Arredi per la scuola","isPartOf":{"@id":"https:\/\/www.sudarredi.com\/sezione\/#website"},"primaryImageOfPage":{"@id":"https:\/\/www.sudarredi.com\/sezione\/prodotto\/la-linea-di-mattoni-52-mattoni-confezione-in-sacco\/#primaryimage"},"image":{"@id":"https:\/\/www.sudarredi.com\/sezione\/prodotto\/la-linea-di-mattoni-52-mattoni-confezione-in-sacco\/#primaryimage"},"thumbnailUrl":"https:\/\/www.sudarredi.com\/sezione\/wp-content\/uploads\/2024\/10\/55-MATTONI-confezione-in-cartone-art.-005.png","datePublished":"2024-10-11T08:11:11+00:00","dateModified":"2025-01-24T08:23:51+00:00","breadcrumb":{"@id":"https:\/\/www.sudarredi.com\/sezione\/prodotto\/la-linea-di-mattoni-52-mattoni-confezione-in-sacco\/#breadcrumb"},"inLanguage":"it-IT","potentialAction":[{"@type":"ReadAction","target":["https:\/\/www.sudarredi.com\/sezione\/prodotto\/la-linea-di-mattoni-52-mattoni-confezione-in-sacco\/"]}]},{"@type":"ImageObject","inLanguage":"it-IT","@id":"https:\/\/www.sudarredi.com\/sezione\/prodotto\/la-linea-di-mattoni-52-mattoni-confezione-in-sacco\/#primaryimage","url":"https:\/\/www.sudarredi.com\/sezione\/wp-content\/uploads\/2024\/10\/55-MATTONI-confezione-in-cartone-art.-005.png","contentUrl":"https:\/\/www.sudarredi.com\/sezione\/wp-content\/uploads\/2024\/10\/55-MATTONI-confezione-in-cartone-art.-005.png","width":319,"height":270},{"@type":"BreadcrumbList","@id":"https:\/\/www.sudarredi.com\/sezione\/prodotto\/la-linea-di-mattoni-52-mattoni-confezione-in-sacco\/#breadcrumb","itemListElement":[{"@type":"ListItem","position":1,"name":"Home","item":"https:\/\/www.sudarredi.com\/sezione\/"},{"@type":"ListItem","position":2,"name":"Shop","item":"https:\/\/www.sudarredi.com\/sezione\/shop\/"},{"@type":"ListItem","position":3,"name":"La linea di mattoni 52 MATTONI confezione in sacco"}]},{"@type":"WebSite","@id":"https:\/\/www.sudarredi.com\/sezione\/#website","url":"https:\/\/www.sudarredi.com\/sezione\/","name":"Sudarredi s.r.l","description":"Arredo scuola","publisher":{"@id":"https:\/\/www.sudarredi.com\/sezione\/#organization"},"alternateName":"Sud arredi","potentialAction":[{"@type":"SearchAction","target":{"@type":"EntryPoint","urlTemplate":"https:\/\/www.sudarredi.com\/sezione\/?s={search_term_string}"},"query-input":{"@type":"PropertyValueSpecification","valueRequired":true,"valueName":"search_term_string"}}],"inLanguage":"it-IT"},{"@type":["Organization","Place"],"@id":"https:\/\/www.sudarredi.com\/sezione\/#organization","name":"Sudarredi s.r.l","alternateName":"Sud arredi","url":"https:\/\/www.sudarredi.com\/sezione\/","logo":{"@id":"https:\/\/www.sudarredi.com\/sezione\/prodotto\/la-linea-di-mattoni-52-mattoni-confezione-in-sacco\/#local-main-organization-logo"},"image":{"@id":"https:\/\/www.sudarredi.com\/sezione\/prodotto\/la-linea-di-mattoni-52-mattoni-confezione-in-sacco\/#local-main-organization-logo"},"description":"La missione di Sudarredi Arredo Scuola \u00e8 quella di fornire soluzioni innovative, funzionali ed esteticamente gradevoli per l\u2019arredamento scolastico, contribuendo a creare ambienti di apprendimento che stimolino la creativit\u00e0, il benessere e la produttivit\u00e0 degli studenti e degli insegnanti. L'azienda \u00e8 impegnata a garantire la qualit\u00e0, la sicurezza e la sostenibilit\u00e0 dei suoi prodotti, rispondendo alle esigenze di scuole, istituti di formazione e enti pubblici in modo efficiente ed eco-sostenibile.","legalName":"Sudarredi s.r.l","numberOfEmployees":{"@type":"QuantitativeValue","minValue":"11","maxValue":"50"},"publishingPrinciples":"https:\/\/www.sudarredi.com\/sezione\/principi-editoriali-di-sudarredi-arredo-scuola\/","actionableFeedbackPolicy":"https:\/\/www.sudarredi.com\/sezione\/politica-di-feedback-attuabile\/","correctionsPolicy":"https:\/\/www.sudarredi.com\/sezione\/politica-sulle-correzioni\/","ethicsPolicy":"https:\/\/www.sudarredi.com\/sezione\/obiettivi-della-politica-sulletica\/","diversityPolicy":"https:\/\/www.sudarredi.com\/sezione\/obiettivi-della-politica-per-la-diversita\/","diversityStaffingReport":"https:\/\/www.sudarredi.com\/sezione\/rapporto-sulla-diversita-del-personale\/","telephone":[],"openingHoursSpecification":[{"@type":"OpeningHoursSpecification","dayOfWeek":["Monday","Tuesday","Wednesday","Thursday","Friday","Saturday","Sunday"],"opens":"09:00","closes":"17:00"}]},{"@type":"ImageObject","inLanguage":"it-IT","@id":"https:\/\/www.sudarredi.com\/sezione\/prodotto\/la-linea-di-mattoni-52-mattoni-confezione-in-sacco\/#local-main-organization-logo","url":"https:\/\/www.sudarredi.com\/sezione\/wp-content\/uploads\/2025\/08\/cropped-app128x128.png","contentUrl":"https:\/\/www.sudarredi.com\/sezione\/wp-content\/uploads\/2025\/08\/cropped-app128x128.png","width":512,"height":512,"caption":"Sudarredi s.r.l"}]},"product_price_currency":"EUR","og_availability":"out of stock","product_availability":"out of stock","product_retailer_item_id":"24223","product_condition":"new"},"_links":{"self":[{"href":"https:\/\/www.sudarredi.com\/sezione\/wp-json\/wp\/v2\/product\/8099","targetHints":{"allow":["GET"]}}],"collection":[{"href":"https:\/\/www.sudarredi.com\/sezione\/wp-json\/wp\/v2\/product"}],"about":[{"href":"https:\/\/www.sudarredi.com\/sezione\/wp-json\/wp\/v2\/types\/product"}],"replies":[{"embeddable":true,"href":"https:\/\/www.sudarredi.com\/sezione\/wp-json\/wp\/v2\/comments?post=8099"}],"version-history":[{"count":1,"href":"https:\/\/www.sudarredi.com\/sezione\/wp-json\/wp\/v2\/product\/8099\/revisions"}],"predecessor-version":[{"id":8130,"href":"https:\/\/www.sudarredi.com\/sezione\/wp-json\/wp\/v2\/product\/8099\/revisions\/8130"}],"wp:featuredmedia":[{"embeddable":true,"href":"https:\/\/www.sudarredi.com\/sezione\/wp-json\/wp\/v2\/media\/8129"}],"wp:attachment":[{"href":"https:\/\/www.sudarredi.com\/sezione\/wp-json\/wp\/v2\/media?parent=8099"}],"wp:term":[{"taxonomy":"product_brand","embeddable":true,"href":"https:\/\/www.sudarredi.com\/sezione\/wp-json\/wp\/v2\/product_brand?post=8099"},{"taxonomy":"product_cat","embeddable":true,"href":"https:\/\/www.sudarredi.com\/sezione\/wp-json\/wp\/v2\/product_cat?post=8099"},{"taxonomy":"product_tag","embeddable":true,"href":"https:\/\/www.sudarredi.com\/sezione\/wp-json\/wp\/v2\/product_tag?post=8099"}],"curies":[{"name":"wp","href":"https:\/\/api.w.org\/{rel}","templated":true}]}}