{"id":7704,"date":"2024-10-11T08:09:02","date_gmt":"2024-10-11T08:09:02","guid":{"rendered":"https:\/\/musing-poincare.5-9-123-216.plesk.page\/?post_type=product&#038;p=7704"},"modified":"2025-01-22T09:35:32","modified_gmt":"2025-01-22T09:35:32","slug":"key-smart-stool","status":"publish","type":"product","link":"https:\/\/www.sudarredi.com\/sezione\/prodotto\/key-smart-stool\/","title":{"rendered":"Key Smart stool"},"content":{"rendered":"<div class=\"fadein_block delay-2 animate\"><strong>Gli sgabelli della linea Key Smart fanno parte della collezione Sgabelli di Kastel.<\/strong>&nbsp;Lo sgabello su piedini Key Smart \u00e8 disponibile con schienale in polipropilene microforato flessibile o rivestito nella parte anteriore. Disponibile in varie tonalit\u00e0, lo sgabello Key Smart pu\u00f2 essere accessoriato anche con braccioli fissi o regolabili.<\/div>\n<div class=\"col-xs-12 col-sm-10 col-md-8 col-xl-6 no-padding mt30 fadein_block delay-2 animate\"><a class=\"btn btn-primary btn_aggiungi btn-block\"><i class=\"fa fa-star-o\" aria-hidden=\"true\"><\/i>&nbsp;aggiungi ai preferiti<\/a><\/div>\n","protected":false},"excerpt":{"rendered":"<div class=\"fadein_block delay-2 animate\"><strong>Gli sgabelli della linea Key Smart fanno parte della collezione Sgabelli di Kastel.<\/strong>&nbsp;Lo sgabello su piedini Key Smart \u00e8 disponibile con schienale in polipropilene microforato flessibile o rivestito nella parte anteriore. Disponibile in varie tonalit\u00e0, lo sgabello Key Smart pu\u00f2 essere accessoriato anche con braccioli fissi o regolabili.<\/div>\n<div class=\"col-xs-12 col-sm-10 col-md-8 col-xl-6 no-padding mt30 fadein_block delay-2 animate\"><a class=\"btn btn-primary btn_aggiungi btn-block\"><i class=\"fa fa-star-o\" aria-hidden=\"true\"><\/i>&nbsp;aggiungi ai preferiti<\/a><\/div>\n","protected":false},"featured_media":7771,"comment_status":"closed","ping_status":"closed","template":"","meta":[],"product_brand":[],"product_cat":[914,1233],"product_tag":[1226],"class_list":{"0":"post-7704","1":"product","2":"type-product","3":"status-publish","4":"has-post-thumbnail","6":"product_cat-arredo-ufficio","7":"product_cat-direzionali","8":"product_tag-ltform","10":"first","11":"outofstock","12":"product-type-simple"},"yoast_head":"<!-- This site is optimized with the Yoast SEO Premium plugin v24.6 (Yoast SEO v25.3.1) - https:\/\/yoast.com\/wordpress\/plugins\/seo\/ -->\n<title>Key Smart stool - Arredi per la scuola<\/title>\n<meta name=\"robots\" content=\"index, follow, max-snippet:-1, max-image-preview:large, max-video-preview:-1\" \/>\n<link rel=\"canonical\" href=\"https:\/\/www.sudarredi.com\/sezione\/prodotto\/key-smart-stool\/\" \/>\n<meta property=\"og:locale\" content=\"it_IT\" \/>\n<meta property=\"og:type\" content=\"article\" \/>\n<meta property=\"og:title\" content=\"Key Smart stool\" \/>\n<meta property=\"og:description\" content=\"Gli sgabelli della linea Key Smart fanno parte della collezione Sgabelli di Kastel.&nbsp;Lo sgabello su piedini Key Smart \u00e8 disponibile con schienale in polipropilene microforato flessibile o rivestito nella parte anteriore. Disponibile in varie tonalit\u00e0, lo sgabello Key Smart pu\u00f2 essere accessoriato anche con braccioli fissi o regolabili.&nbsp;aggiungi ai preferiti\" \/>\n<meta property=\"og:url\" content=\"https:\/\/www.sudarredi.com\/sezione\/prodotto\/key-smart-stool\/\" \/>\n<meta property=\"og:site_name\" content=\"Arredi per la scuola\" \/>\n<meta property=\"og:image\" content=\"https:\/\/www.sudarredi.com\/sezione\/wp-content\/uploads\/2024\/10\/Key-Smart-stool-23-3-1170x1280-1.jpg\" \/>\n\t<meta property=\"og:image:width\" content=\"1170\" \/>\n\t<meta property=\"og:image:height\" content=\"1280\" \/>\n\t<meta property=\"og:image:type\" content=\"image\/jpeg\" \/>\n<meta name=\"twitter:card\" content=\"summary_large_image\" \/>\n<meta name=\"twitter:label1\" content=\"Prezzo\" \/>\n\t<meta name=\"twitter:data1\" content=\"\" \/>\n\t<meta name=\"twitter:label2\" content=\"Disponibilit\u00e0\" \/>\n\t<meta name=\"twitter:data2\" content=\"Esaurito\" \/>\n<meta property=\"product:price:currency\" content=\"EUR\" \/>\n<meta property=\"og:availability\" content=\"out of stock\" \/>\n<meta property=\"product:availability\" content=\"out of stock\" \/>\n<meta property=\"product:retailer_item_id\" content=\"23672\" \/>\n<meta property=\"product:condition\" content=\"new\" \/>\n<!-- \/ Yoast SEO Premium plugin. -->","yoast_head_json":{"title":"Key Smart stool - Arredi per la scuola","robots":{"index":"index","follow":"follow","max-snippet":"max-snippet:-1","max-image-preview":"max-image-preview:large","max-video-preview":"max-video-preview:-1"},"canonical":"https:\/\/www.sudarredi.com\/sezione\/prodotto\/key-smart-stool\/","og_locale":"it_IT","og_type":"article","og_title":"Key Smart stool","og_description":"Gli sgabelli della linea Key Smart fanno parte della collezione Sgabelli di Kastel.&nbsp;Lo sgabello su piedini Key Smart \u00e8 disponibile con schienale in polipropilene microforato flessibile o rivestito nella parte anteriore. Disponibile in varie tonalit\u00e0, lo sgabello Key Smart pu\u00f2 essere accessoriato anche con braccioli fissi o regolabili.&nbsp;aggiungi ai preferiti","og_url":"https:\/\/www.sudarredi.com\/sezione\/prodotto\/key-smart-stool\/","og_site_name":"Arredi per la scuola","og_image":[{"width":1170,"height":1280,"url":"https:\/\/www.sudarredi.com\/sezione\/wp-content\/uploads\/2024\/10\/Key-Smart-stool-23-3-1170x1280-1.jpg","type":"image\/jpeg"}],"twitter_card":"summary_large_image","twitter_misc":{"Prezzo":"","Disponibilit\u00e0":"Esaurito"},"schema":{"@context":"https:\/\/schema.org","@graph":[{"@type":"WebPage","@id":"https:\/\/www.sudarredi.com\/sezione\/prodotto\/key-smart-stool\/","url":"https:\/\/www.sudarredi.com\/sezione\/prodotto\/key-smart-stool\/","name":"Key Smart stool - Arredi per la scuola","isPartOf":{"@id":"https:\/\/www.sudarredi.com\/sezione\/#website"},"primaryImageOfPage":{"@id":"https:\/\/www.sudarredi.com\/sezione\/prodotto\/key-smart-stool\/#primaryimage"},"image":{"@id":"https:\/\/www.sudarredi.com\/sezione\/prodotto\/key-smart-stool\/#primaryimage"},"thumbnailUrl":"https:\/\/www.sudarredi.com\/sezione\/wp-content\/uploads\/2024\/10\/Key-Smart-stool-23-3-1170x1280-1.jpg","datePublished":"2024-10-11T08:09:02+00:00","dateModified":"2025-01-22T09:35:32+00:00","breadcrumb":{"@id":"https:\/\/www.sudarredi.com\/sezione\/prodotto\/key-smart-stool\/#breadcrumb"},"inLanguage":"it-IT","potentialAction":[{"@type":"ReadAction","target":["https:\/\/www.sudarredi.com\/sezione\/prodotto\/key-smart-stool\/"]}]},{"@type":"ImageObject","inLanguage":"it-IT","@id":"https:\/\/www.sudarredi.com\/sezione\/prodotto\/key-smart-stool\/#primaryimage","url":"https:\/\/www.sudarredi.com\/sezione\/wp-content\/uploads\/2024\/10\/Key-Smart-stool-23-3-1170x1280-1.jpg","contentUrl":"https:\/\/www.sudarredi.com\/sezione\/wp-content\/uploads\/2024\/10\/Key-Smart-stool-23-3-1170x1280-1.jpg","width":1170,"height":1280},{"@type":"BreadcrumbList","@id":"https:\/\/www.sudarredi.com\/sezione\/prodotto\/key-smart-stool\/#breadcrumb","itemListElement":[{"@type":"ListItem","position":1,"name":"Home","item":"https:\/\/www.sudarredi.com\/sezione\/"},{"@type":"ListItem","position":2,"name":"Shop","item":"https:\/\/www.sudarredi.com\/sezione\/shop\/"},{"@type":"ListItem","position":3,"name":"Key Smart stool"}]},{"@type":"WebSite","@id":"https:\/\/www.sudarredi.com\/sezione\/#website","url":"https:\/\/www.sudarredi.com\/sezione\/","name":"Sudarredi s.r.l","description":"Arredo scuola","publisher":{"@id":"https:\/\/www.sudarredi.com\/sezione\/#organization"},"alternateName":"Sud arredi","potentialAction":[{"@type":"SearchAction","target":{"@type":"EntryPoint","urlTemplate":"https:\/\/www.sudarredi.com\/sezione\/?s={search_term_string}"},"query-input":{"@type":"PropertyValueSpecification","valueRequired":true,"valueName":"search_term_string"}}],"inLanguage":"it-IT"},{"@type":["Organization","Place"],"@id":"https:\/\/www.sudarredi.com\/sezione\/#organization","name":"Sudarredi s.r.l","alternateName":"Sud arredi","url":"https:\/\/www.sudarredi.com\/sezione\/","logo":{"@id":"https:\/\/www.sudarredi.com\/sezione\/prodotto\/key-smart-stool\/#local-main-organization-logo"},"image":{"@id":"https:\/\/www.sudarredi.com\/sezione\/prodotto\/key-smart-stool\/#local-main-organization-logo"},"description":"La missione di Sudarredi Arredo Scuola \u00e8 quella di fornire soluzioni innovative, funzionali ed esteticamente gradevoli per l\u2019arredamento scolastico, contribuendo a creare ambienti di apprendimento che stimolino la creativit\u00e0, il benessere e la produttivit\u00e0 degli studenti e degli insegnanti. L'azienda \u00e8 impegnata a garantire la qualit\u00e0, la sicurezza e la sostenibilit\u00e0 dei suoi prodotti, rispondendo alle esigenze di scuole, istituti di formazione e enti pubblici in modo efficiente ed eco-sostenibile.","legalName":"Sudarredi s.r.l","numberOfEmployees":{"@type":"QuantitativeValue","minValue":"11","maxValue":"50"},"publishingPrinciples":"https:\/\/www.sudarredi.com\/sezione\/principi-editoriali-di-sudarredi-arredo-scuola\/","actionableFeedbackPolicy":"https:\/\/www.sudarredi.com\/sezione\/politica-di-feedback-attuabile\/","correctionsPolicy":"https:\/\/www.sudarredi.com\/sezione\/politica-sulle-correzioni\/","ethicsPolicy":"https:\/\/www.sudarredi.com\/sezione\/obiettivi-della-politica-sulletica\/","diversityPolicy":"https:\/\/www.sudarredi.com\/sezione\/obiettivi-della-politica-per-la-diversita\/","diversityStaffingReport":"https:\/\/www.sudarredi.com\/sezione\/rapporto-sulla-diversita-del-personale\/","telephone":[],"openingHoursSpecification":[{"@type":"OpeningHoursSpecification","dayOfWeek":["Monday","Tuesday","Wednesday","Thursday","Friday","Saturday","Sunday"],"opens":"09:00","closes":"17:00"}]},{"@type":"ImageObject","inLanguage":"it-IT","@id":"https:\/\/www.sudarredi.com\/sezione\/prodotto\/key-smart-stool\/#local-main-organization-logo","url":"https:\/\/www.sudarredi.com\/sezione\/wp-content\/uploads\/2025\/08\/cropped-app128x128.png","contentUrl":"https:\/\/www.sudarredi.com\/sezione\/wp-content\/uploads\/2025\/08\/cropped-app128x128.png","width":512,"height":512,"caption":"Sudarredi s.r.l"}]},"product_price_currency":"EUR","og_availability":"out of stock","product_availability":"out of stock","product_retailer_item_id":"23672","product_condition":"new"},"_links":{"self":[{"href":"https:\/\/www.sudarredi.com\/sezione\/wp-json\/wp\/v2\/product\/7704","targetHints":{"allow":["GET"]}}],"collection":[{"href":"https:\/\/www.sudarredi.com\/sezione\/wp-json\/wp\/v2\/product"}],"about":[{"href":"https:\/\/www.sudarredi.com\/sezione\/wp-json\/wp\/v2\/types\/product"}],"replies":[{"embeddable":true,"href":"https:\/\/www.sudarredi.com\/sezione\/wp-json\/wp\/v2\/comments?post=7704"}],"version-history":[{"count":1,"href":"https:\/\/www.sudarredi.com\/sezione\/wp-json\/wp\/v2\/product\/7704\/revisions"}],"predecessor-version":[{"id":7772,"href":"https:\/\/www.sudarredi.com\/sezione\/wp-json\/wp\/v2\/product\/7704\/revisions\/7772"}],"wp:featuredmedia":[{"embeddable":true,"href":"https:\/\/www.sudarredi.com\/sezione\/wp-json\/wp\/v2\/media\/7771"}],"wp:attachment":[{"href":"https:\/\/www.sudarredi.com\/sezione\/wp-json\/wp\/v2\/media?parent=7704"}],"wp:term":[{"taxonomy":"product_brand","embeddable":true,"href":"https:\/\/www.sudarredi.com\/sezione\/wp-json\/wp\/v2\/product_brand?post=7704"},{"taxonomy":"product_cat","embeddable":true,"href":"https:\/\/www.sudarredi.com\/sezione\/wp-json\/wp\/v2\/product_cat?post=7704"},{"taxonomy":"product_tag","embeddable":true,"href":"https:\/\/www.sudarredi.com\/sezione\/wp-json\/wp\/v2\/product_tag?post=7704"}],"curies":[{"name":"wp","href":"https:\/\/api.w.org\/{rel}","templated":true}]}}