{"id":48866,"date":"2024-10-25T08:03:39","date_gmt":"2024-10-25T08:03:39","guid":{"rendered":"https:\/\/musing-poincare.5-9-123-216.plesk.page\/prodotto\/forno-a-convezione-manuale-con-umidificatore-e-funzione-grill-nano\/"},"modified":"2024-10-25T08:03:40","modified_gmt":"2024-10-25T08:03:40","slug":"forno-a-convezione-manuale-con-umidificatore-e-funzione-grill-nano","status":"publish","type":"product","link":"https:\/\/www.sudarredi.com\/sezione\/prodotto\/forno-a-convezione-manuale-con-umidificatore-e-funzione-grill-nano\/","title":{"rendered":"Forno a convezione manuale con umidificatore e funzione grill NANO"},"content":{"rendered":"<p>Questi forni sono perfetti per creare deliziosi prodotti da forno, verdure, carni arrosto saporite e pollame o pesce perfettamente cotto a vapore.<br \/>\nLa struttura e la camera sono realizzati in acciaio inossidabile di alta qualit\u00e0, la camera \u00e8 dotata di uno scarico nella parte inferiore.<br \/>\nLa potente ventola a 6 pale pu\u00f2 ruotare a due velocit\u00e0 (1400\/2800 giri \/ min), il che si traduce nella distribuzione ideale dell\u2019aria nella camera e nella prevenzione della turbolenza interna.<br \/>\nIl motore del ventilatore ha doppi cuscinetti e 250W di potenza.<br \/>\nIl timer pu\u00f2 essere impostato su 120 minuti, temperatura fino a 260 \u00b0 C.<br \/>\nLa porta \u00e8 dotata di due strati di vetro con spazio per la ventilazione a gravit\u00e0, questo mantiene il vetro esterno fresco al tatto.<br \/>\nIl vetro esterno pu\u00f2 essere rimosso per facilitare la pulizia.<br \/>\nLa guarnizione della porta \u00e8 montata nella camera e rimovibile per facilitare la pulizia e la sostituzione.<br \/>\nCapacit\u00e0 della camera di 4 vassoi (450&#215;340 mm), le guide dei vassoi sono posizionate a 75 mm di distanza.<br \/>\n4 teglie incluse.<\/p>\n","protected":false},"excerpt":{"rendered":"<p>Forno a convezione manuale con umidificatore e funzione grill NANO, HENDI, GN 2\/3, 230V\/3100W, 560x603x(H)530mm<\/p>\n","protected":false},"featured_media":48868,"comment_status":"closed","ping_status":"closed","template":"","meta":[],"product_brand":[],"product_cat":[3939,3964,4009],"product_tag":[5476],"class_list":{"0":"post-48866","1":"product","2":"type-product","3":"status-publish","4":"has-post-thumbnail","6":"product_cat-attrezzature","7":"product_cat-attrezzature-per-cucina","8":"product_cat-forni","9":"product_tag-forno-a-convezione-manuale-con-umidificatore-e-funzione-grill-nano","11":"first","12":"instock","13":"product-type-simple"},"yoast_head":"<!-- This site is optimized with the Yoast SEO Premium plugin v24.6 (Yoast SEO v25.3.1) - https:\/\/yoast.com\/wordpress\/plugins\/seo\/ -->\n<title>Forno a convezione manuale con umidificatore e funzione grill NANO - Arredi per la scuola<\/title>\n<meta name=\"robots\" content=\"index, follow, max-snippet:-1, max-image-preview:large, max-video-preview:-1\" \/>\n<link rel=\"canonical\" href=\"https:\/\/www.sudarredi.com\/sezione\/prodotto\/forno-a-convezione-manuale-con-umidificatore-e-funzione-grill-nano\/\" \/>\n<meta property=\"og:locale\" content=\"it_IT\" \/>\n<meta property=\"og:type\" content=\"article\" \/>\n<meta property=\"og:title\" content=\"Forno a convezione manuale con umidificatore e funzione grill NANO\" \/>\n<meta property=\"og:description\" content=\"Forno a convezione manuale con umidificatore e funzione grill NANO, HENDI, GN 2\/3, 230V\/3100W, 560x603x(H)530mm\" \/>\n<meta property=\"og:url\" content=\"https:\/\/www.sudarredi.com\/sezione\/prodotto\/forno-a-convezione-manuale-con-umidificatore-e-funzione-grill-nano\/\" \/>\n<meta property=\"og:site_name\" content=\"Arredi per la scuola\" \/>\n<meta property=\"og:image\" content=\"https:\/\/www.sudarredi.com\/sezione\/wp-content\/uploads\/2024\/10\/08711369223369_0.jpg\" \/>\n\t<meta property=\"og:image:width\" content=\"1000\" \/>\n\t<meta property=\"og:image:height\" content=\"750\" \/>\n\t<meta property=\"og:image:type\" content=\"image\/jpeg\" \/>\n<meta name=\"twitter:card\" content=\"summary_large_image\" \/>\n<meta name=\"twitter:label1\" content=\"Prezzo\" \/>\n\t<meta name=\"twitter:data1\" content=\"\" \/>\n\t<meta name=\"twitter:label2\" content=\"Disponibilit\u00e0\" \/>\n\t<meta name=\"twitter:data2\" content=\"In stock\" \/>\n<meta property=\"product:price:currency\" content=\"EUR\" \/>\n<meta property=\"og:availability\" content=\"instock\" \/>\n<meta property=\"product:availability\" content=\"instock\" \/>\n<meta property=\"product:retailer_item_id\" content=\"9331148705a1\" \/>\n<meta property=\"product:condition\" content=\"new\" \/>\n<!-- \/ Yoast SEO Premium plugin. -->","yoast_head_json":{"title":"Forno a convezione manuale con umidificatore e funzione grill NANO - Arredi per la scuola","robots":{"index":"index","follow":"follow","max-snippet":"max-snippet:-1","max-image-preview":"max-image-preview:large","max-video-preview":"max-video-preview:-1"},"canonical":"https:\/\/www.sudarredi.com\/sezione\/prodotto\/forno-a-convezione-manuale-con-umidificatore-e-funzione-grill-nano\/","og_locale":"it_IT","og_type":"article","og_title":"Forno a convezione manuale con umidificatore e funzione grill NANO","og_description":"Forno a convezione manuale con umidificatore e funzione grill NANO, HENDI, GN 2\/3, 230V\/3100W, 560x603x(H)530mm","og_url":"https:\/\/www.sudarredi.com\/sezione\/prodotto\/forno-a-convezione-manuale-con-umidificatore-e-funzione-grill-nano\/","og_site_name":"Arredi per la scuola","og_image":[{"width":1000,"height":750,"url":"https:\/\/www.sudarredi.com\/sezione\/wp-content\/uploads\/2024\/10\/08711369223369_0.jpg","type":"image\/jpeg"}],"twitter_card":"summary_large_image","twitter_misc":{"Prezzo":"","Disponibilit\u00e0":"In stock"},"schema":{"@context":"https:\/\/schema.org","@graph":[{"@type":"WebPage","@id":"https:\/\/www.sudarredi.com\/sezione\/prodotto\/forno-a-convezione-manuale-con-umidificatore-e-funzione-grill-nano\/","url":"https:\/\/www.sudarredi.com\/sezione\/prodotto\/forno-a-convezione-manuale-con-umidificatore-e-funzione-grill-nano\/","name":"Forno a convezione manuale con umidificatore e funzione grill NANO - Arredi per la scuola","isPartOf":{"@id":"https:\/\/www.sudarredi.com\/sezione\/#website"},"primaryImageOfPage":{"@id":"https:\/\/www.sudarredi.com\/sezione\/prodotto\/forno-a-convezione-manuale-con-umidificatore-e-funzione-grill-nano\/#primaryimage"},"image":{"@id":"https:\/\/www.sudarredi.com\/sezione\/prodotto\/forno-a-convezione-manuale-con-umidificatore-e-funzione-grill-nano\/#primaryimage"},"thumbnailUrl":"https:\/\/www.sudarredi.com\/sezione\/wp-content\/uploads\/2024\/10\/08711369223369_0.jpg","datePublished":"2024-10-25T08:03:39+00:00","dateModified":"2024-10-25T08:03:40+00:00","breadcrumb":{"@id":"https:\/\/www.sudarredi.com\/sezione\/prodotto\/forno-a-convezione-manuale-con-umidificatore-e-funzione-grill-nano\/#breadcrumb"},"inLanguage":"it-IT","potentialAction":[{"@type":"ReadAction","target":["https:\/\/www.sudarredi.com\/sezione\/prodotto\/forno-a-convezione-manuale-con-umidificatore-e-funzione-grill-nano\/"]}]},{"@type":"ImageObject","inLanguage":"it-IT","@id":"https:\/\/www.sudarredi.com\/sezione\/prodotto\/forno-a-convezione-manuale-con-umidificatore-e-funzione-grill-nano\/#primaryimage","url":"https:\/\/www.sudarredi.com\/sezione\/wp-content\/uploads\/2024\/10\/08711369223369_0.jpg","contentUrl":"https:\/\/www.sudarredi.com\/sezione\/wp-content\/uploads\/2024\/10\/08711369223369_0.jpg","width":1000,"height":750},{"@type":"BreadcrumbList","@id":"https:\/\/www.sudarredi.com\/sezione\/prodotto\/forno-a-convezione-manuale-con-umidificatore-e-funzione-grill-nano\/#breadcrumb","itemListElement":[{"@type":"ListItem","position":1,"name":"Home","item":"https:\/\/www.sudarredi.com\/sezione\/"},{"@type":"ListItem","position":2,"name":"Shop","item":"https:\/\/www.sudarredi.com\/sezione\/shop\/"},{"@type":"ListItem","position":3,"name":"Forno a convezione manuale con umidificatore e funzione grill NANO"}]},{"@type":"WebSite","@id":"https:\/\/www.sudarredi.com\/sezione\/#website","url":"https:\/\/www.sudarredi.com\/sezione\/","name":"Sudarredi s.r.l","description":"Arredo scuola","publisher":{"@id":"https:\/\/www.sudarredi.com\/sezione\/#organization"},"alternateName":"Sud arredi","potentialAction":[{"@type":"SearchAction","target":{"@type":"EntryPoint","urlTemplate":"https:\/\/www.sudarredi.com\/sezione\/?s={search_term_string}"},"query-input":{"@type":"PropertyValueSpecification","valueRequired":true,"valueName":"search_term_string"}}],"inLanguage":"it-IT"},{"@type":["Organization","Place"],"@id":"https:\/\/www.sudarredi.com\/sezione\/#organization","name":"Sudarredi s.r.l","alternateName":"Sud arredi","url":"https:\/\/www.sudarredi.com\/sezione\/","logo":{"@id":"https:\/\/www.sudarredi.com\/sezione\/prodotto\/forno-a-convezione-manuale-con-umidificatore-e-funzione-grill-nano\/#local-main-organization-logo"},"image":{"@id":"https:\/\/www.sudarredi.com\/sezione\/prodotto\/forno-a-convezione-manuale-con-umidificatore-e-funzione-grill-nano\/#local-main-organization-logo"},"description":"La missione di Sudarredi Arredo Scuola \u00e8 quella di fornire soluzioni innovative, funzionali ed esteticamente gradevoli per l\u2019arredamento scolastico, contribuendo a creare ambienti di apprendimento che stimolino la creativit\u00e0, il benessere e la produttivit\u00e0 degli studenti e degli insegnanti. L'azienda \u00e8 impegnata a garantire la qualit\u00e0, la sicurezza e la sostenibilit\u00e0 dei suoi prodotti, rispondendo alle esigenze di scuole, istituti di formazione e enti pubblici in modo efficiente ed eco-sostenibile.","legalName":"Sudarredi s.r.l","numberOfEmployees":{"@type":"QuantitativeValue","minValue":"11","maxValue":"50"},"publishingPrinciples":"https:\/\/www.sudarredi.com\/sezione\/principi-editoriali-di-sudarredi-arredo-scuola\/","actionableFeedbackPolicy":"https:\/\/www.sudarredi.com\/sezione\/politica-di-feedback-attuabile\/","correctionsPolicy":"https:\/\/www.sudarredi.com\/sezione\/politica-sulle-correzioni\/","ethicsPolicy":"https:\/\/www.sudarredi.com\/sezione\/obiettivi-della-politica-sulletica\/","diversityPolicy":"https:\/\/www.sudarredi.com\/sezione\/obiettivi-della-politica-per-la-diversita\/","diversityStaffingReport":"https:\/\/www.sudarredi.com\/sezione\/rapporto-sulla-diversita-del-personale\/","telephone":[],"openingHoursSpecification":[{"@type":"OpeningHoursSpecification","dayOfWeek":["Monday","Tuesday","Wednesday","Thursday","Friday","Saturday","Sunday"],"opens":"09:00","closes":"17:00"}]},{"@type":"ImageObject","inLanguage":"it-IT","@id":"https:\/\/www.sudarredi.com\/sezione\/prodotto\/forno-a-convezione-manuale-con-umidificatore-e-funzione-grill-nano\/#local-main-organization-logo","url":"https:\/\/www.sudarredi.com\/sezione\/wp-content\/uploads\/2025\/08\/cropped-app128x128.png","contentUrl":"https:\/\/www.sudarredi.com\/sezione\/wp-content\/uploads\/2025\/08\/cropped-app128x128.png","width":512,"height":512,"caption":"Sudarredi s.r.l"}]},"product_price_currency":"EUR","og_availability":"instock","product_availability":"instock","product_retailer_item_id":"9331148705a1","product_condition":"new"},"_links":{"self":[{"href":"https:\/\/www.sudarredi.com\/sezione\/wp-json\/wp\/v2\/product\/48866","targetHints":{"allow":["GET"]}}],"collection":[{"href":"https:\/\/www.sudarredi.com\/sezione\/wp-json\/wp\/v2\/product"}],"about":[{"href":"https:\/\/www.sudarredi.com\/sezione\/wp-json\/wp\/v2\/types\/product"}],"replies":[{"embeddable":true,"href":"https:\/\/www.sudarredi.com\/sezione\/wp-json\/wp\/v2\/comments?post=48866"}],"version-history":[{"count":1,"href":"https:\/\/www.sudarredi.com\/sezione\/wp-json\/wp\/v2\/product\/48866\/revisions"}],"predecessor-version":[{"id":48867,"href":"https:\/\/www.sudarredi.com\/sezione\/wp-json\/wp\/v2\/product\/48866\/revisions\/48867"}],"wp:featuredmedia":[{"embeddable":true,"href":"https:\/\/www.sudarredi.com\/sezione\/wp-json\/wp\/v2\/media\/48868"}],"wp:attachment":[{"href":"https:\/\/www.sudarredi.com\/sezione\/wp-json\/wp\/v2\/media?parent=48866"}],"wp:term":[{"taxonomy":"product_brand","embeddable":true,"href":"https:\/\/www.sudarredi.com\/sezione\/wp-json\/wp\/v2\/product_brand?post=48866"},{"taxonomy":"product_cat","embeddable":true,"href":"https:\/\/www.sudarredi.com\/sezione\/wp-json\/wp\/v2\/product_cat?post=48866"},{"taxonomy":"product_tag","embeddable":true,"href":"https:\/\/www.sudarredi.com\/sezione\/wp-json\/wp\/v2\/product_tag?post=48866"}],"curies":[{"name":"wp","href":"https:\/\/api.w.org\/{rel}","templated":true}]}}