{"id":46878,"date":"2024-10-25T07:45:54","date_gmt":"2024-10-25T07:45:54","guid":{"rendered":"https:\/\/musing-poincare.5-9-123-216.plesk.page\/prodotto\/addolcitore-dacqua\/"},"modified":"2024-10-25T07:45:58","modified_gmt":"2024-10-25T07:45:58","slug":"addolcitore-dacqua","status":"publish","type":"product","link":"https:\/\/www.sudarredi.com\/sezione\/prodotto\/addolcitore-dacqua\/","title":{"rendered":"Addolcitore d&#8217;acqua"},"content":{"rendered":"<p>L\u2019acqua dura contiene minerali disciolti &#8211; composti di calcio e magnesio, tra gli altri.<br \/>\nGli ioni di calcio e magnesio provocano depositi di calcare, che sono rischiosi per oggetti e strumenti a contatto con acqua o vapore.<br \/>\nL\u2019addolcimento \u00e8 un processo in cui tutti i composti di calcio e magnesio che causano la durezza dell\u2019acqua vengono rimossi.<br \/>\nPassando attraverso la colonna di resina, gli ioni di calcio e magnesio vengono assorbiti dalle particelle di resina.<br \/>\nQuando la capacit\u00e0 di scambio ionico della resina si esaurisce, dovrebbe essere ripristinata in un appropriato processo di rigenerazione con l\u2019uso di una soluzione salina L\u2019addolcitore d\u2019acqua pu\u00f2 essere installato ovunque la temperatura dell\u2019acqua sia inferiore a 45 \u00b0 C e la pressione di ingresso dell\u2019acqua non superi i 2 bar Rigenerazione: solo sale non modificato Solo per acqua potabile Adatto per addolcire l\u2019acqua per macchine per il caff\u00e8, forni a vapore, lavastoviglie e fabbricatori di ghiaccio.<br \/>\nGrazie alle sue ridotte dimensioni \u00e8 perfetto per bar e ristoranti Grazie ai componenti di alta qualit\u00e0 utilizzati, il dispositivo rimane a prova di guasto e operativo per molti anni.<br \/>\nPressione dell\u2019acqua di lavoro ottimale: 1-2 bar.<\/p>\n","protected":false},"excerpt":{"rendered":"<p>Addolcitore d&#8217;acqua, HENDI, Capacit\u00e0: (20\u00b0F\/30\u00b0F\/40\u00b0F) 1200\/1000\/900, 8L, \u00f8185x(H)400mm<\/p>\n","protected":false},"featured_media":46880,"comment_status":"closed","ping_status":"closed","template":"","meta":[],"product_brand":[],"product_cat":[5163,3939,3940],"product_tag":[5169],"class_list":{"0":"post-46878","1":"product","2":"type-product","3":"status-publish","4":"has-post-thumbnail","6":"product_cat-addolcitori","7":"product_cat-attrezzature","8":"product_cat-igiene-e-stoccaggio","9":"product_tag-addolcitore-dacqua","11":"first","12":"instock","13":"product-type-simple"},"yoast_head":"<!-- This site is optimized with the Yoast SEO Premium plugin v24.6 (Yoast SEO v25.3.1) - https:\/\/yoast.com\/wordpress\/plugins\/seo\/ -->\n<title>Addolcitore d&#039;acqua - Arredi per la scuola<\/title>\n<meta name=\"robots\" content=\"index, follow, max-snippet:-1, max-image-preview:large, max-video-preview:-1\" \/>\n<link rel=\"canonical\" href=\"https:\/\/www.sudarredi.com\/sezione\/prodotto\/addolcitore-dacqua\/\" \/>\n<meta property=\"og:locale\" content=\"it_IT\" \/>\n<meta property=\"og:type\" content=\"article\" \/>\n<meta property=\"og:title\" content=\"Addolcitore d&#039;acqua\" \/>\n<meta property=\"og:description\" content=\"Addolcitore d&#039;acqua, HENDI, Capacit\u00e0: (20\u00b0F\/30\u00b0F\/40\u00b0F) 1200\/1000\/900, 8L, \u00f8185x(H)400mm\" \/>\n<meta property=\"og:url\" content=\"https:\/\/www.sudarredi.com\/sezione\/prodotto\/addolcitore-dacqua\/\" \/>\n<meta property=\"og:site_name\" content=\"Arredi per la scuola\" \/>\n<meta property=\"og:image\" content=\"https:\/\/www.sudarredi.com\/sezione\/wp-content\/uploads\/2024\/10\/08711369231234_0.jpg\" \/>\n\t<meta property=\"og:image:width\" content=\"1000\" \/>\n\t<meta property=\"og:image:height\" content=\"876\" \/>\n\t<meta property=\"og:image:type\" content=\"image\/jpeg\" \/>\n<meta name=\"twitter:card\" content=\"summary_large_image\" \/>\n<meta name=\"twitter:label1\" content=\"Prezzo\" \/>\n\t<meta name=\"twitter:data1\" content=\"\" \/>\n\t<meta name=\"twitter:label2\" content=\"Disponibilit\u00e0\" \/>\n\t<meta name=\"twitter:data2\" content=\"In stock\" \/>\n<meta property=\"product:price:currency\" content=\"EUR\" \/>\n<meta property=\"og:availability\" content=\"instock\" \/>\n<meta property=\"product:availability\" content=\"instock\" \/>\n<meta property=\"product:retailer_item_id\" content=\"e1c4f00b26f9\" \/>\n<meta property=\"product:condition\" content=\"new\" \/>\n<!-- \/ Yoast SEO Premium plugin. -->","yoast_head_json":{"title":"Addolcitore d'acqua - Arredi per la scuola","robots":{"index":"index","follow":"follow","max-snippet":"max-snippet:-1","max-image-preview":"max-image-preview:large","max-video-preview":"max-video-preview:-1"},"canonical":"https:\/\/www.sudarredi.com\/sezione\/prodotto\/addolcitore-dacqua\/","og_locale":"it_IT","og_type":"article","og_title":"Addolcitore d'acqua","og_description":"Addolcitore d'acqua, HENDI, Capacit\u00e0: (20\u00b0F\/30\u00b0F\/40\u00b0F) 1200\/1000\/900, 8L, \u00f8185x(H)400mm","og_url":"https:\/\/www.sudarredi.com\/sezione\/prodotto\/addolcitore-dacqua\/","og_site_name":"Arredi per la scuola","og_image":[{"width":1000,"height":876,"url":"https:\/\/www.sudarredi.com\/sezione\/wp-content\/uploads\/2024\/10\/08711369231234_0.jpg","type":"image\/jpeg"}],"twitter_card":"summary_large_image","twitter_misc":{"Prezzo":"","Disponibilit\u00e0":"In stock"},"schema":{"@context":"https:\/\/schema.org","@graph":[{"@type":"WebPage","@id":"https:\/\/www.sudarredi.com\/sezione\/prodotto\/addolcitore-dacqua\/","url":"https:\/\/www.sudarredi.com\/sezione\/prodotto\/addolcitore-dacqua\/","name":"Addolcitore d'acqua - Arredi per la scuola","isPartOf":{"@id":"https:\/\/www.sudarredi.com\/sezione\/#website"},"primaryImageOfPage":{"@id":"https:\/\/www.sudarredi.com\/sezione\/prodotto\/addolcitore-dacqua\/#primaryimage"},"image":{"@id":"https:\/\/www.sudarredi.com\/sezione\/prodotto\/addolcitore-dacqua\/#primaryimage"},"thumbnailUrl":"https:\/\/www.sudarredi.com\/sezione\/wp-content\/uploads\/2024\/10\/08711369231234_0.jpg","datePublished":"2024-10-25T07:45:54+00:00","dateModified":"2024-10-25T07:45:58+00:00","breadcrumb":{"@id":"https:\/\/www.sudarredi.com\/sezione\/prodotto\/addolcitore-dacqua\/#breadcrumb"},"inLanguage":"it-IT","potentialAction":[{"@type":"ReadAction","target":["https:\/\/www.sudarredi.com\/sezione\/prodotto\/addolcitore-dacqua\/"]}]},{"@type":"ImageObject","inLanguage":"it-IT","@id":"https:\/\/www.sudarredi.com\/sezione\/prodotto\/addolcitore-dacqua\/#primaryimage","url":"https:\/\/www.sudarredi.com\/sezione\/wp-content\/uploads\/2024\/10\/08711369231234_0.jpg","contentUrl":"https:\/\/www.sudarredi.com\/sezione\/wp-content\/uploads\/2024\/10\/08711369231234_0.jpg","width":1000,"height":876},{"@type":"BreadcrumbList","@id":"https:\/\/www.sudarredi.com\/sezione\/prodotto\/addolcitore-dacqua\/#breadcrumb","itemListElement":[{"@type":"ListItem","position":1,"name":"Home","item":"https:\/\/www.sudarredi.com\/sezione\/"},{"@type":"ListItem","position":2,"name":"Shop","item":"https:\/\/www.sudarredi.com\/sezione\/shop\/"},{"@type":"ListItem","position":3,"name":"Addolcitore d&#8217;acqua"}]},{"@type":"WebSite","@id":"https:\/\/www.sudarredi.com\/sezione\/#website","url":"https:\/\/www.sudarredi.com\/sezione\/","name":"Sudarredi s.r.l","description":"Arredo scuola","publisher":{"@id":"https:\/\/www.sudarredi.com\/sezione\/#organization"},"alternateName":"Sud arredi","potentialAction":[{"@type":"SearchAction","target":{"@type":"EntryPoint","urlTemplate":"https:\/\/www.sudarredi.com\/sezione\/?s={search_term_string}"},"query-input":{"@type":"PropertyValueSpecification","valueRequired":true,"valueName":"search_term_string"}}],"inLanguage":"it-IT"},{"@type":["Organization","Place"],"@id":"https:\/\/www.sudarredi.com\/sezione\/#organization","name":"Sudarredi s.r.l","alternateName":"Sud arredi","url":"https:\/\/www.sudarredi.com\/sezione\/","logo":{"@id":"https:\/\/www.sudarredi.com\/sezione\/prodotto\/addolcitore-dacqua\/#local-main-organization-logo"},"image":{"@id":"https:\/\/www.sudarredi.com\/sezione\/prodotto\/addolcitore-dacqua\/#local-main-organization-logo"},"description":"La missione di Sudarredi Arredo Scuola \u00e8 quella di fornire soluzioni innovative, funzionali ed esteticamente gradevoli per l\u2019arredamento scolastico, contribuendo a creare ambienti di apprendimento che stimolino la creativit\u00e0, il benessere e la produttivit\u00e0 degli studenti e degli insegnanti. L'azienda \u00e8 impegnata a garantire la qualit\u00e0, la sicurezza e la sostenibilit\u00e0 dei suoi prodotti, rispondendo alle esigenze di scuole, istituti di formazione e enti pubblici in modo efficiente ed eco-sostenibile.","legalName":"Sudarredi s.r.l","numberOfEmployees":{"@type":"QuantitativeValue","minValue":"11","maxValue":"50"},"publishingPrinciples":"https:\/\/www.sudarredi.com\/sezione\/principi-editoriali-di-sudarredi-arredo-scuola\/","actionableFeedbackPolicy":"https:\/\/www.sudarredi.com\/sezione\/politica-di-feedback-attuabile\/","correctionsPolicy":"https:\/\/www.sudarredi.com\/sezione\/politica-sulle-correzioni\/","ethicsPolicy":"https:\/\/www.sudarredi.com\/sezione\/obiettivi-della-politica-sulletica\/","diversityPolicy":"https:\/\/www.sudarredi.com\/sezione\/obiettivi-della-politica-per-la-diversita\/","diversityStaffingReport":"https:\/\/www.sudarredi.com\/sezione\/rapporto-sulla-diversita-del-personale\/","telephone":[],"openingHoursSpecification":[{"@type":"OpeningHoursSpecification","dayOfWeek":["Monday","Tuesday","Wednesday","Thursday","Friday","Saturday","Sunday"],"opens":"09:00","closes":"17:00"}]},{"@type":"ImageObject","inLanguage":"it-IT","@id":"https:\/\/www.sudarredi.com\/sezione\/prodotto\/addolcitore-dacqua\/#local-main-organization-logo","url":"https:\/\/www.sudarredi.com\/sezione\/wp-content\/uploads\/2025\/08\/cropped-app128x128.png","contentUrl":"https:\/\/www.sudarredi.com\/sezione\/wp-content\/uploads\/2025\/08\/cropped-app128x128.png","width":512,"height":512,"caption":"Sudarredi s.r.l"}]},"product_price_currency":"EUR","og_availability":"instock","product_availability":"instock","product_retailer_item_id":"e1c4f00b26f9","product_condition":"new"},"_links":{"self":[{"href":"https:\/\/www.sudarredi.com\/sezione\/wp-json\/wp\/v2\/product\/46878","targetHints":{"allow":["GET"]}}],"collection":[{"href":"https:\/\/www.sudarredi.com\/sezione\/wp-json\/wp\/v2\/product"}],"about":[{"href":"https:\/\/www.sudarredi.com\/sezione\/wp-json\/wp\/v2\/types\/product"}],"replies":[{"embeddable":true,"href":"https:\/\/www.sudarredi.com\/sezione\/wp-json\/wp\/v2\/comments?post=46878"}],"version-history":[{"count":1,"href":"https:\/\/www.sudarredi.com\/sezione\/wp-json\/wp\/v2\/product\/46878\/revisions"}],"predecessor-version":[{"id":46879,"href":"https:\/\/www.sudarredi.com\/sezione\/wp-json\/wp\/v2\/product\/46878\/revisions\/46879"}],"wp:featuredmedia":[{"embeddable":true,"href":"https:\/\/www.sudarredi.com\/sezione\/wp-json\/wp\/v2\/media\/46880"}],"wp:attachment":[{"href":"https:\/\/www.sudarredi.com\/sezione\/wp-json\/wp\/v2\/media?parent=46878"}],"wp:term":[{"taxonomy":"product_brand","embeddable":true,"href":"https:\/\/www.sudarredi.com\/sezione\/wp-json\/wp\/v2\/product_brand?post=46878"},{"taxonomy":"product_cat","embeddable":true,"href":"https:\/\/www.sudarredi.com\/sezione\/wp-json\/wp\/v2\/product_cat?post=46878"},{"taxonomy":"product_tag","embeddable":true,"href":"https:\/\/www.sudarredi.com\/sezione\/wp-json\/wp\/v2\/product_tag?post=46878"}],"curies":[{"name":"wp","href":"https:\/\/api.w.org\/{rel}","templated":true}]}}