{"id":46872,"date":"2024-10-25T07:45:50","date_gmt":"2024-10-25T07:45:50","guid":{"rendered":"https:\/\/musing-poincare.5-9-123-216.plesk.page\/prodotto\/addolcitore-per-acqua-semiautomatico\/"},"modified":"2024-10-25T07:45:54","modified_gmt":"2024-10-25T07:45:54","slug":"addolcitore-per-acqua-semiautomatico","status":"publish","type":"product","link":"https:\/\/www.sudarredi.com\/sezione\/prodotto\/addolcitore-per-acqua-semiautomatico\/","title":{"rendered":"Addolcitore per acqua semiautomatico"},"content":{"rendered":"<p>L\u2019utilizzo di addolcitori d\u2019acqua aiuta a prolungare il ciclo di vita delle attrezzature per la ristorazione.<br \/>\nGli addolcitori si basano su un processo di scambio ionico in cui gli ioni di calcio e magnesio che causano la durezza dell\u2019acqua vengono catturati dalla resina a scambio ionico all\u2019interno dell\u2019addolcitore.<br \/>\nAiuta a ridurre i costi di manutenzione grazie all\u2019efficace prevenzione dei depositi di calcare.<br \/>\nIl dispositivo \u00e8 dotato di controllo che consente di configurare i parametri di funzionamento del sistema di addolcimento dell\u2019acqua come richiesto.<br \/>\nGli elementi all\u2019interno della testa sono realizzati in ceramica di alta qualit\u00e0, resistente all\u2019abrasione, alla corrosione e all\u2019accumulo di impurit\u00e0 (ad esempio ferro).<br \/>\nQuesta tecnologia assicura una perfetta tenuta all\u2019interno del controller e quindi un funzionamento lungo e senza problemi.<br \/>\nCustodia blu navy.<br \/>\nDiametro attacco acqua 3\/4&#8243;.<br \/>\nPressione di esercizio: 1,5-6,0 Ba.<br \/>\nTemperatura ambiente di lavoro: 5 &#8211; 38 \u00b0 C.<br \/>\nMax. temperatura dell\u2019acqua di mandata: 38 \u00b0 C.<br \/>\nTempo di rigenerazione: 37 min.<br \/>\nUscita per 10 \u00b0 dH &#8211; 1200 L.<br \/>\nLetto in resina 4,0 L.<br \/>\nSerbatoio di rigenerazione: 8 kg.<br \/>\nFlusso massimo d\u2019acqua: 5 L \/ min.<br \/>\nConsumo di sale di rigenerazione per 1 ciclo: 0,5 kg.<\/p>\n","protected":false},"excerpt":{"rendered":"<p>Addolcitore per acqua semiautomatico, HENDI, 230V\/18W, 195x360x(H)510mm<\/p>\n","protected":false},"featured_media":46874,"comment_status":"closed","ping_status":"closed","template":"","meta":[],"product_brand":[],"product_cat":[5163,3939,3940],"product_tag":[5167],"class_list":{"0":"post-46872","1":"product","2":"type-product","3":"status-publish","4":"has-post-thumbnail","6":"product_cat-addolcitori","7":"product_cat-attrezzature","8":"product_cat-igiene-e-stoccaggio","9":"product_tag-addolcitore-per-acqua-semiautomatico","11":"first","12":"instock","13":"product-type-simple"},"yoast_head":"<!-- This site is optimized with the Yoast SEO Premium plugin v24.6 (Yoast SEO v25.3.1) - https:\/\/yoast.com\/wordpress\/plugins\/seo\/ -->\n<title>Addolcitore per acqua semiautomatico - Arredi per la scuola<\/title>\n<meta name=\"robots\" content=\"index, follow, max-snippet:-1, max-image-preview:large, max-video-preview:-1\" \/>\n<link rel=\"canonical\" href=\"https:\/\/www.sudarredi.com\/sezione\/prodotto\/addolcitore-per-acqua-semiautomatico\/\" \/>\n<meta property=\"og:locale\" content=\"it_IT\" \/>\n<meta property=\"og:type\" content=\"article\" \/>\n<meta property=\"og:title\" content=\"Addolcitore per acqua semiautomatico\" \/>\n<meta property=\"og:description\" content=\"Addolcitore per acqua semiautomatico, HENDI, 230V\/18W, 195x360x(H)510mm\" \/>\n<meta property=\"og:url\" content=\"https:\/\/www.sudarredi.com\/sezione\/prodotto\/addolcitore-per-acqua-semiautomatico\/\" \/>\n<meta property=\"og:site_name\" content=\"Arredi per la scuola\" \/>\n<meta property=\"og:image\" content=\"https:\/\/www.sudarredi.com\/sezione\/wp-content\/uploads\/2024\/10\/08711369230442_0.jpg\" \/>\n\t<meta property=\"og:image:width\" content=\"667\" \/>\n\t<meta property=\"og:image:height\" content=\"1000\" \/>\n\t<meta property=\"og:image:type\" content=\"image\/jpeg\" \/>\n<meta name=\"twitter:card\" content=\"summary_large_image\" \/>\n<meta name=\"twitter:label1\" content=\"Prezzo\" \/>\n\t<meta name=\"twitter:data1\" content=\"\" \/>\n\t<meta name=\"twitter:label2\" content=\"Disponibilit\u00e0\" \/>\n\t<meta name=\"twitter:data2\" content=\"In stock\" \/>\n<meta property=\"product:price:currency\" content=\"EUR\" \/>\n<meta property=\"og:availability\" content=\"instock\" \/>\n<meta property=\"product:availability\" content=\"instock\" \/>\n<meta property=\"product:retailer_item_id\" content=\"003e6db0f2a9\" \/>\n<meta property=\"product:condition\" content=\"new\" \/>\n<!-- \/ Yoast SEO Premium plugin. -->","yoast_head_json":{"title":"Addolcitore per acqua semiautomatico - Arredi per la scuola","robots":{"index":"index","follow":"follow","max-snippet":"max-snippet:-1","max-image-preview":"max-image-preview:large","max-video-preview":"max-video-preview:-1"},"canonical":"https:\/\/www.sudarredi.com\/sezione\/prodotto\/addolcitore-per-acqua-semiautomatico\/","og_locale":"it_IT","og_type":"article","og_title":"Addolcitore per acqua semiautomatico","og_description":"Addolcitore per acqua semiautomatico, HENDI, 230V\/18W, 195x360x(H)510mm","og_url":"https:\/\/www.sudarredi.com\/sezione\/prodotto\/addolcitore-per-acqua-semiautomatico\/","og_site_name":"Arredi per la scuola","og_image":[{"width":667,"height":1000,"url":"https:\/\/www.sudarredi.com\/sezione\/wp-content\/uploads\/2024\/10\/08711369230442_0.jpg","type":"image\/jpeg"}],"twitter_card":"summary_large_image","twitter_misc":{"Prezzo":"","Disponibilit\u00e0":"In stock"},"schema":{"@context":"https:\/\/schema.org","@graph":[{"@type":"WebPage","@id":"https:\/\/www.sudarredi.com\/sezione\/prodotto\/addolcitore-per-acqua-semiautomatico\/","url":"https:\/\/www.sudarredi.com\/sezione\/prodotto\/addolcitore-per-acqua-semiautomatico\/","name":"Addolcitore per acqua semiautomatico - Arredi per la scuola","isPartOf":{"@id":"https:\/\/www.sudarredi.com\/sezione\/#website"},"primaryImageOfPage":{"@id":"https:\/\/www.sudarredi.com\/sezione\/prodotto\/addolcitore-per-acqua-semiautomatico\/#primaryimage"},"image":{"@id":"https:\/\/www.sudarredi.com\/sezione\/prodotto\/addolcitore-per-acqua-semiautomatico\/#primaryimage"},"thumbnailUrl":"https:\/\/www.sudarredi.com\/sezione\/wp-content\/uploads\/2024\/10\/08711369230442_0.jpg","datePublished":"2024-10-25T07:45:50+00:00","dateModified":"2024-10-25T07:45:54+00:00","breadcrumb":{"@id":"https:\/\/www.sudarredi.com\/sezione\/prodotto\/addolcitore-per-acqua-semiautomatico\/#breadcrumb"},"inLanguage":"it-IT","potentialAction":[{"@type":"ReadAction","target":["https:\/\/www.sudarredi.com\/sezione\/prodotto\/addolcitore-per-acqua-semiautomatico\/"]}]},{"@type":"ImageObject","inLanguage":"it-IT","@id":"https:\/\/www.sudarredi.com\/sezione\/prodotto\/addolcitore-per-acqua-semiautomatico\/#primaryimage","url":"https:\/\/www.sudarredi.com\/sezione\/wp-content\/uploads\/2024\/10\/08711369230442_0.jpg","contentUrl":"https:\/\/www.sudarredi.com\/sezione\/wp-content\/uploads\/2024\/10\/08711369230442_0.jpg","width":667,"height":1000},{"@type":"BreadcrumbList","@id":"https:\/\/www.sudarredi.com\/sezione\/prodotto\/addolcitore-per-acqua-semiautomatico\/#breadcrumb","itemListElement":[{"@type":"ListItem","position":1,"name":"Home","item":"https:\/\/www.sudarredi.com\/sezione\/"},{"@type":"ListItem","position":2,"name":"Shop","item":"https:\/\/www.sudarredi.com\/sezione\/shop\/"},{"@type":"ListItem","position":3,"name":"Addolcitore per acqua semiautomatico"}]},{"@type":"WebSite","@id":"https:\/\/www.sudarredi.com\/sezione\/#website","url":"https:\/\/www.sudarredi.com\/sezione\/","name":"Sudarredi s.r.l","description":"Arredo scuola","publisher":{"@id":"https:\/\/www.sudarredi.com\/sezione\/#organization"},"alternateName":"Sud arredi","potentialAction":[{"@type":"SearchAction","target":{"@type":"EntryPoint","urlTemplate":"https:\/\/www.sudarredi.com\/sezione\/?s={search_term_string}"},"query-input":{"@type":"PropertyValueSpecification","valueRequired":true,"valueName":"search_term_string"}}],"inLanguage":"it-IT"},{"@type":["Organization","Place"],"@id":"https:\/\/www.sudarredi.com\/sezione\/#organization","name":"Sudarredi s.r.l","alternateName":"Sud arredi","url":"https:\/\/www.sudarredi.com\/sezione\/","logo":{"@id":"https:\/\/www.sudarredi.com\/sezione\/prodotto\/addolcitore-per-acqua-semiautomatico\/#local-main-organization-logo"},"image":{"@id":"https:\/\/www.sudarredi.com\/sezione\/prodotto\/addolcitore-per-acqua-semiautomatico\/#local-main-organization-logo"},"description":"La missione di Sudarredi Arredo Scuola \u00e8 quella di fornire soluzioni innovative, funzionali ed esteticamente gradevoli per l\u2019arredamento scolastico, contribuendo a creare ambienti di apprendimento che stimolino la creativit\u00e0, il benessere e la produttivit\u00e0 degli studenti e degli insegnanti. L'azienda \u00e8 impegnata a garantire la qualit\u00e0, la sicurezza e la sostenibilit\u00e0 dei suoi prodotti, rispondendo alle esigenze di scuole, istituti di formazione e enti pubblici in modo efficiente ed eco-sostenibile.","legalName":"Sudarredi s.r.l","numberOfEmployees":{"@type":"QuantitativeValue","minValue":"11","maxValue":"50"},"publishingPrinciples":"https:\/\/www.sudarredi.com\/sezione\/principi-editoriali-di-sudarredi-arredo-scuola\/","actionableFeedbackPolicy":"https:\/\/www.sudarredi.com\/sezione\/politica-di-feedback-attuabile\/","correctionsPolicy":"https:\/\/www.sudarredi.com\/sezione\/politica-sulle-correzioni\/","ethicsPolicy":"https:\/\/www.sudarredi.com\/sezione\/obiettivi-della-politica-sulletica\/","diversityPolicy":"https:\/\/www.sudarredi.com\/sezione\/obiettivi-della-politica-per-la-diversita\/","diversityStaffingReport":"https:\/\/www.sudarredi.com\/sezione\/rapporto-sulla-diversita-del-personale\/","telephone":[],"openingHoursSpecification":[{"@type":"OpeningHoursSpecification","dayOfWeek":["Monday","Tuesday","Wednesday","Thursday","Friday","Saturday","Sunday"],"opens":"09:00","closes":"17:00"}]},{"@type":"ImageObject","inLanguage":"it-IT","@id":"https:\/\/www.sudarredi.com\/sezione\/prodotto\/addolcitore-per-acqua-semiautomatico\/#local-main-organization-logo","url":"https:\/\/www.sudarredi.com\/sezione\/wp-content\/uploads\/2025\/08\/cropped-app128x128.png","contentUrl":"https:\/\/www.sudarredi.com\/sezione\/wp-content\/uploads\/2025\/08\/cropped-app128x128.png","width":512,"height":512,"caption":"Sudarredi s.r.l"}]},"product_price_currency":"EUR","og_availability":"instock","product_availability":"instock","product_retailer_item_id":"003e6db0f2a9","product_condition":"new"},"_links":{"self":[{"href":"https:\/\/www.sudarredi.com\/sezione\/wp-json\/wp\/v2\/product\/46872","targetHints":{"allow":["GET"]}}],"collection":[{"href":"https:\/\/www.sudarredi.com\/sezione\/wp-json\/wp\/v2\/product"}],"about":[{"href":"https:\/\/www.sudarredi.com\/sezione\/wp-json\/wp\/v2\/types\/product"}],"replies":[{"embeddable":true,"href":"https:\/\/www.sudarredi.com\/sezione\/wp-json\/wp\/v2\/comments?post=46872"}],"version-history":[{"count":1,"href":"https:\/\/www.sudarredi.com\/sezione\/wp-json\/wp\/v2\/product\/46872\/revisions"}],"predecessor-version":[{"id":46873,"href":"https:\/\/www.sudarredi.com\/sezione\/wp-json\/wp\/v2\/product\/46872\/revisions\/46873"}],"wp:featuredmedia":[{"embeddable":true,"href":"https:\/\/www.sudarredi.com\/sezione\/wp-json\/wp\/v2\/media\/46874"}],"wp:attachment":[{"href":"https:\/\/www.sudarredi.com\/sezione\/wp-json\/wp\/v2\/media?parent=46872"}],"wp:term":[{"taxonomy":"product_brand","embeddable":true,"href":"https:\/\/www.sudarredi.com\/sezione\/wp-json\/wp\/v2\/product_brand?post=46872"},{"taxonomy":"product_cat","embeddable":true,"href":"https:\/\/www.sudarredi.com\/sezione\/wp-json\/wp\/v2\/product_cat?post=46872"},{"taxonomy":"product_tag","embeddable":true,"href":"https:\/\/www.sudarredi.com\/sezione\/wp-json\/wp\/v2\/product_tag?post=46872"}],"curies":[{"name":"wp","href":"https:\/\/api.w.org\/{rel}","templated":true}]}}