{"id":46673,"date":"2024-10-25T07:44:13","date_gmt":"2024-10-25T07:44:13","guid":{"rendered":"https:\/\/musing-poincare.5-9-123-216.plesk.page\/prodotto\/lavastoviglie-k50-controllo-elettromeccanico-2\/"},"modified":"2024-10-25T07:44:16","modified_gmt":"2024-10-25T07:44:16","slug":"lavastoviglie-k50-controllo-elettromeccanico-2","status":"publish","type":"product","link":"https:\/\/www.sudarredi.com\/sezione\/prodotto\/lavastoviglie-k50-controllo-elettromeccanico-2\/","title":{"rendered":"Lavastoviglie K50 &#8211; controllo elettromeccanico"},"content":{"rendered":"<p>Lavastoviglie professionali facili da usare, mantenere, pulire e servire.<br \/>\nConsumo di acqua di solo 2-2,5 litri per ciclo (a seconda della pressione dell\u2019acqua).<br \/>\nStruttura completamente realizzata in acciaio inossidabile, dotata di piedini regolabili.<br \/>\nDotato di una caldaia e di un elemento riscaldante nel serbatoio dell\u2019acqua.<br \/>\nTemperatura dell\u2019acqua di lavaggio: 62 \u00b0 C, temperatura dell\u2019acqua di risciacquo: 85 \u00b0 C.<br \/>\nPerfetto per lavare piatti, posate, bicchieri, tazze, vassoi, ecc.<br \/>\nCiclo di lavaggio solo tak.<\/p>\n","protected":false},"excerpt":{"rendered":"<p>Lavastoviglie K50 &#8211; controllo elettromeccanico, HENDI, Con pompa detergente, 400V\/6600W, 600x570x(H)830mm<\/p>\n","protected":false},"featured_media":46671,"comment_status":"closed","ping_status":"closed","template":"","meta":[],"product_brand":[],"product_cat":[3939,3940,3953],"product_tag":[5126],"class_list":{"0":"post-46673","1":"product","2":"type-product","3":"status-publish","4":"has-post-thumbnail","6":"product_cat-attrezzature","7":"product_cat-igiene-e-stoccaggio","8":"product_cat-lavastoviglie-igiene-e-stoccaggio","9":"product_tag-lavastoviglie-k50-controllo-elettromeccanico","11":"first","12":"instock","13":"product-type-simple"},"yoast_head":"<!-- This site is optimized with the Yoast SEO Premium plugin v24.6 (Yoast SEO v25.3.1) - https:\/\/yoast.com\/wordpress\/plugins\/seo\/ -->\n<title>Lavastoviglie K50 - controllo elettromeccanico - Arredi per la scuola<\/title>\n<meta name=\"robots\" content=\"index, follow, max-snippet:-1, max-image-preview:large, max-video-preview:-1\" \/>\n<link rel=\"canonical\" href=\"https:\/\/www.sudarredi.com\/sezione\/prodotto\/lavastoviglie-k50-controllo-elettromeccanico-2\/\" \/>\n<meta property=\"og:locale\" content=\"it_IT\" \/>\n<meta property=\"og:type\" content=\"article\" \/>\n<meta property=\"og:title\" content=\"Lavastoviglie K50 - controllo elettromeccanico\" \/>\n<meta property=\"og:description\" content=\"Lavastoviglie K50 - controllo elettromeccanico, HENDI, Con pompa detergente, 400V\/6600W, 600x570x(H)830mm\" \/>\n<meta property=\"og:url\" content=\"https:\/\/www.sudarredi.com\/sezione\/prodotto\/lavastoviglie-k50-controllo-elettromeccanico-2\/\" \/>\n<meta property=\"og:site_name\" content=\"Arredi per la scuola\" \/>\n<meta property=\"og:image\" content=\"https:\/\/www.sudarredi.com\/sezione\/wp-content\/uploads\/2024\/10\/230305_viz.jpg\" \/>\n\t<meta property=\"og:image:width\" content=\"767\" \/>\n\t<meta property=\"og:image:height\" content=\"1000\" \/>\n\t<meta property=\"og:image:type\" content=\"image\/jpeg\" \/>\n<meta name=\"twitter:card\" content=\"summary_large_image\" \/>\n<meta name=\"twitter:label1\" content=\"Prezzo\" \/>\n\t<meta name=\"twitter:data1\" content=\"\" \/>\n\t<meta name=\"twitter:label2\" content=\"Disponibilit\u00e0\" \/>\n\t<meta name=\"twitter:data2\" content=\"In stock\" \/>\n<meta property=\"product:price:currency\" content=\"EUR\" \/>\n<meta property=\"og:availability\" content=\"instock\" \/>\n<meta property=\"product:availability\" content=\"instock\" \/>\n<meta property=\"product:retailer_item_id\" content=\"54a3e0cce7da\" \/>\n<meta property=\"product:condition\" content=\"new\" \/>\n<!-- \/ Yoast SEO Premium plugin. -->","yoast_head_json":{"title":"Lavastoviglie K50 - controllo elettromeccanico - Arredi per la scuola","robots":{"index":"index","follow":"follow","max-snippet":"max-snippet:-1","max-image-preview":"max-image-preview:large","max-video-preview":"max-video-preview:-1"},"canonical":"https:\/\/www.sudarredi.com\/sezione\/prodotto\/lavastoviglie-k50-controllo-elettromeccanico-2\/","og_locale":"it_IT","og_type":"article","og_title":"Lavastoviglie K50 - controllo elettromeccanico","og_description":"Lavastoviglie K50 - controllo elettromeccanico, HENDI, Con pompa detergente, 400V\/6600W, 600x570x(H)830mm","og_url":"https:\/\/www.sudarredi.com\/sezione\/prodotto\/lavastoviglie-k50-controllo-elettromeccanico-2\/","og_site_name":"Arredi per la scuola","og_image":[{"width":767,"height":1000,"url":"https:\/\/www.sudarredi.com\/sezione\/wp-content\/uploads\/2024\/10\/230305_viz.jpg","type":"image\/jpeg"}],"twitter_card":"summary_large_image","twitter_misc":{"Prezzo":"","Disponibilit\u00e0":"In stock"},"schema":{"@context":"https:\/\/schema.org","@graph":[{"@type":"WebPage","@id":"https:\/\/www.sudarredi.com\/sezione\/prodotto\/lavastoviglie-k50-controllo-elettromeccanico-2\/","url":"https:\/\/www.sudarredi.com\/sezione\/prodotto\/lavastoviglie-k50-controllo-elettromeccanico-2\/","name":"Lavastoviglie K50 - controllo elettromeccanico - Arredi per la scuola","isPartOf":{"@id":"https:\/\/www.sudarredi.com\/sezione\/#website"},"primaryImageOfPage":{"@id":"https:\/\/www.sudarredi.com\/sezione\/prodotto\/lavastoviglie-k50-controllo-elettromeccanico-2\/#primaryimage"},"image":{"@id":"https:\/\/www.sudarredi.com\/sezione\/prodotto\/lavastoviglie-k50-controllo-elettromeccanico-2\/#primaryimage"},"thumbnailUrl":"https:\/\/www.sudarredi.com\/sezione\/wp-content\/uploads\/2024\/10\/230305_viz.jpg","datePublished":"2024-10-25T07:44:13+00:00","dateModified":"2024-10-25T07:44:16+00:00","breadcrumb":{"@id":"https:\/\/www.sudarredi.com\/sezione\/prodotto\/lavastoviglie-k50-controllo-elettromeccanico-2\/#breadcrumb"},"inLanguage":"it-IT","potentialAction":[{"@type":"ReadAction","target":["https:\/\/www.sudarredi.com\/sezione\/prodotto\/lavastoviglie-k50-controllo-elettromeccanico-2\/"]}]},{"@type":"ImageObject","inLanguage":"it-IT","@id":"https:\/\/www.sudarredi.com\/sezione\/prodotto\/lavastoviglie-k50-controllo-elettromeccanico-2\/#primaryimage","url":"https:\/\/www.sudarredi.com\/sezione\/wp-content\/uploads\/2024\/10\/230305_viz.jpg","contentUrl":"https:\/\/www.sudarredi.com\/sezione\/wp-content\/uploads\/2024\/10\/230305_viz.jpg","width":767,"height":1000},{"@type":"BreadcrumbList","@id":"https:\/\/www.sudarredi.com\/sezione\/prodotto\/lavastoviglie-k50-controllo-elettromeccanico-2\/#breadcrumb","itemListElement":[{"@type":"ListItem","position":1,"name":"Home","item":"https:\/\/www.sudarredi.com\/sezione\/"},{"@type":"ListItem","position":2,"name":"Shop","item":"https:\/\/www.sudarredi.com\/sezione\/shop\/"},{"@type":"ListItem","position":3,"name":"Lavastoviglie K50 &#8211; controllo elettromeccanico"}]},{"@type":"WebSite","@id":"https:\/\/www.sudarredi.com\/sezione\/#website","url":"https:\/\/www.sudarredi.com\/sezione\/","name":"Sudarredi s.r.l","description":"Arredo scuola","publisher":{"@id":"https:\/\/www.sudarredi.com\/sezione\/#organization"},"alternateName":"Sud arredi","potentialAction":[{"@type":"SearchAction","target":{"@type":"EntryPoint","urlTemplate":"https:\/\/www.sudarredi.com\/sezione\/?s={search_term_string}"},"query-input":{"@type":"PropertyValueSpecification","valueRequired":true,"valueName":"search_term_string"}}],"inLanguage":"it-IT"},{"@type":["Organization","Place"],"@id":"https:\/\/www.sudarredi.com\/sezione\/#organization","name":"Sudarredi s.r.l","alternateName":"Sud arredi","url":"https:\/\/www.sudarredi.com\/sezione\/","logo":{"@id":"https:\/\/www.sudarredi.com\/sezione\/prodotto\/lavastoviglie-k50-controllo-elettromeccanico-2\/#local-main-organization-logo"},"image":{"@id":"https:\/\/www.sudarredi.com\/sezione\/prodotto\/lavastoviglie-k50-controllo-elettromeccanico-2\/#local-main-organization-logo"},"description":"La missione di Sudarredi Arredo Scuola \u00e8 quella di fornire soluzioni innovative, funzionali ed esteticamente gradevoli per l\u2019arredamento scolastico, contribuendo a creare ambienti di apprendimento che stimolino la creativit\u00e0, il benessere e la produttivit\u00e0 degli studenti e degli insegnanti. L'azienda \u00e8 impegnata a garantire la qualit\u00e0, la sicurezza e la sostenibilit\u00e0 dei suoi prodotti, rispondendo alle esigenze di scuole, istituti di formazione e enti pubblici in modo efficiente ed eco-sostenibile.","legalName":"Sudarredi s.r.l","numberOfEmployees":{"@type":"QuantitativeValue","minValue":"11","maxValue":"50"},"publishingPrinciples":"https:\/\/www.sudarredi.com\/sezione\/principi-editoriali-di-sudarredi-arredo-scuola\/","actionableFeedbackPolicy":"https:\/\/www.sudarredi.com\/sezione\/politica-di-feedback-attuabile\/","correctionsPolicy":"https:\/\/www.sudarredi.com\/sezione\/politica-sulle-correzioni\/","ethicsPolicy":"https:\/\/www.sudarredi.com\/sezione\/obiettivi-della-politica-sulletica\/","diversityPolicy":"https:\/\/www.sudarredi.com\/sezione\/obiettivi-della-politica-per-la-diversita\/","diversityStaffingReport":"https:\/\/www.sudarredi.com\/sezione\/rapporto-sulla-diversita-del-personale\/","telephone":[],"openingHoursSpecification":[{"@type":"OpeningHoursSpecification","dayOfWeek":["Monday","Tuesday","Wednesday","Thursday","Friday","Saturday","Sunday"],"opens":"09:00","closes":"17:00"}]},{"@type":"ImageObject","inLanguage":"it-IT","@id":"https:\/\/www.sudarredi.com\/sezione\/prodotto\/lavastoviglie-k50-controllo-elettromeccanico-2\/#local-main-organization-logo","url":"https:\/\/www.sudarredi.com\/sezione\/wp-content\/uploads\/2025\/08\/cropped-app128x128.png","contentUrl":"https:\/\/www.sudarredi.com\/sezione\/wp-content\/uploads\/2025\/08\/cropped-app128x128.png","width":512,"height":512,"caption":"Sudarredi s.r.l"}]},"product_price_currency":"EUR","og_availability":"instock","product_availability":"instock","product_retailer_item_id":"54a3e0cce7da","product_condition":"new"},"_links":{"self":[{"href":"https:\/\/www.sudarredi.com\/sezione\/wp-json\/wp\/v2\/product\/46673","targetHints":{"allow":["GET"]}}],"collection":[{"href":"https:\/\/www.sudarredi.com\/sezione\/wp-json\/wp\/v2\/product"}],"about":[{"href":"https:\/\/www.sudarredi.com\/sezione\/wp-json\/wp\/v2\/types\/product"}],"replies":[{"embeddable":true,"href":"https:\/\/www.sudarredi.com\/sezione\/wp-json\/wp\/v2\/comments?post=46673"}],"version-history":[{"count":1,"href":"https:\/\/www.sudarredi.com\/sezione\/wp-json\/wp\/v2\/product\/46673\/revisions"}],"predecessor-version":[{"id":46674,"href":"https:\/\/www.sudarredi.com\/sezione\/wp-json\/wp\/v2\/product\/46673\/revisions\/46674"}],"wp:featuredmedia":[{"embeddable":true,"href":"https:\/\/www.sudarredi.com\/sezione\/wp-json\/wp\/v2\/media\/46671"}],"wp:attachment":[{"href":"https:\/\/www.sudarredi.com\/sezione\/wp-json\/wp\/v2\/media?parent=46673"}],"wp:term":[{"taxonomy":"product_brand","embeddable":true,"href":"https:\/\/www.sudarredi.com\/sezione\/wp-json\/wp\/v2\/product_brand?post=46673"},{"taxonomy":"product_cat","embeddable":true,"href":"https:\/\/www.sudarredi.com\/sezione\/wp-json\/wp\/v2\/product_cat?post=46673"},{"taxonomy":"product_tag","embeddable":true,"href":"https:\/\/www.sudarredi.com\/sezione\/wp-json\/wp\/v2\/product_tag?post=46673"}],"curies":[{"name":"wp","href":"https:\/\/api.w.org\/{rel}","templated":true}]}}