{"id":1320,"date":"2024-10-11T07:46:38","date_gmt":"2024-10-11T07:46:38","guid":{"rendered":"https:\/\/musing-poincare.5-9-123-216.plesk.page\/?post_type=product&#038;p=1320"},"modified":"2025-01-22T09:05:52","modified_gmt":"2025-01-22T09:05:52","slug":"tavolo-mezzaluna-aggregabile","status":"publish","type":"product","link":"https:\/\/www.sudarredi.com\/sezione\/prodotto\/tavolo-mezzaluna-aggregabile\/","title":{"rendered":"Tavolo Mezzaluna aggregabile"},"content":{"rendered":"<p>Aggregabile gambe tubo di acciaio \u00d8 40.<\/p>\n","protected":false},"excerpt":{"rendered":"<p>Tavolo Mezzaluna<\/p>\n","protected":false},"featured_media":1360,"comment_status":"closed","ping_status":"closed","template":"","meta":[],"product_brand":[],"product_cat":[76,83],"product_tag":[87],"class_list":{"0":"post-1320","1":"product","2":"type-product","3":"status-publish","4":"has-post-thumbnail","6":"product_cat-aula-4-o","7":"product_cat-tavoli-aula-4-0-aggregabili","8":"product_tag-sa3-6","9":"pa_misura-o90-x-h-46","10":"pa_misura-o90-x-h-53","11":"pa_misura-o90-x-h-59","12":"pa_misura-o90-x-h-64","13":"pa_misura-o90-x-h-71","14":"pa_misura-o90-x-h-76","15":"pa_misura-o90-x-h-82","17":"first","18":"instock","19":"product-type-simple"},"yoast_head":"<!-- This site is optimized with the Yoast SEO Premium plugin v24.6 (Yoast SEO v25.3.1) - https:\/\/yoast.com\/wordpress\/plugins\/seo\/ -->\n<title>Tavolo Mezzaluna aggregabile - Arredi per la scuola<\/title>\n<meta name=\"robots\" content=\"index, follow, max-snippet:-1, max-image-preview:large, max-video-preview:-1\" \/>\n<link rel=\"canonical\" href=\"https:\/\/www.sudarredi.com\/sezione\/prodotto\/tavolo-mezzaluna-aggregabile\/\" \/>\n<meta property=\"og:locale\" content=\"it_IT\" \/>\n<meta property=\"og:type\" content=\"article\" \/>\n<meta property=\"og:title\" content=\"Tavolo Mezzaluna aggregabile\" \/>\n<meta property=\"og:description\" content=\"Tavolo Mezzaluna\" \/>\n<meta property=\"og:url\" content=\"https:\/\/www.sudarredi.com\/sezione\/prodotto\/tavolo-mezzaluna-aggregabile\/\" \/>\n<meta property=\"og:site_name\" content=\"Arredi per la scuola\" \/>\n<meta property=\"og:image\" content=\"https:\/\/www.sudarredi.com\/sezione\/wp-content\/uploads\/2024\/10\/SA3.6.jpg\" \/>\n\t<meta property=\"og:image:width\" content=\"2256\" \/>\n\t<meta property=\"og:image:height\" content=\"2257\" \/>\n\t<meta property=\"og:image:type\" content=\"image\/jpeg\" \/>\n<meta name=\"twitter:card\" content=\"summary_large_image\" \/>\n<meta name=\"twitter:label1\" content=\"Prezzo\" \/>\n\t<meta name=\"twitter:data1\" content=\"\" \/>\n\t<meta name=\"twitter:label2\" content=\"Disponibilit\u00e0\" \/>\n\t<meta name=\"twitter:data2\" content=\"In stock\" \/>\n<meta property=\"product:price:currency\" content=\"EUR\" \/>\n<meta property=\"og:availability\" content=\"instock\" \/>\n<meta property=\"product:availability\" content=\"instock\" \/>\n<meta property=\"product:retailer_item_id\" content=\"15991\" \/>\n<meta property=\"product:condition\" content=\"new\" \/>\n<!-- \/ Yoast SEO Premium plugin. -->","yoast_head_json":{"title":"Tavolo Mezzaluna aggregabile - Arredi per la scuola","robots":{"index":"index","follow":"follow","max-snippet":"max-snippet:-1","max-image-preview":"max-image-preview:large","max-video-preview":"max-video-preview:-1"},"canonical":"https:\/\/www.sudarredi.com\/sezione\/prodotto\/tavolo-mezzaluna-aggregabile\/","og_locale":"it_IT","og_type":"article","og_title":"Tavolo Mezzaluna aggregabile","og_description":"Tavolo Mezzaluna","og_url":"https:\/\/www.sudarredi.com\/sezione\/prodotto\/tavolo-mezzaluna-aggregabile\/","og_site_name":"Arredi per la scuola","og_image":[{"width":2256,"height":2257,"url":"https:\/\/www.sudarredi.com\/sezione\/wp-content\/uploads\/2024\/10\/SA3.6.jpg","type":"image\/jpeg"}],"twitter_card":"summary_large_image","twitter_misc":{"Prezzo":"","Disponibilit\u00e0":"In stock"},"schema":{"@context":"https:\/\/schema.org","@graph":[{"@type":"WebPage","@id":"https:\/\/www.sudarredi.com\/sezione\/prodotto\/tavolo-mezzaluna-aggregabile\/","url":"https:\/\/www.sudarredi.com\/sezione\/prodotto\/tavolo-mezzaluna-aggregabile\/","name":"Tavolo Mezzaluna aggregabile - Arredi per la scuola","isPartOf":{"@id":"https:\/\/www.sudarredi.com\/sezione\/#website"},"primaryImageOfPage":{"@id":"https:\/\/www.sudarredi.com\/sezione\/prodotto\/tavolo-mezzaluna-aggregabile\/#primaryimage"},"image":{"@id":"https:\/\/www.sudarredi.com\/sezione\/prodotto\/tavolo-mezzaluna-aggregabile\/#primaryimage"},"thumbnailUrl":"https:\/\/www.sudarredi.com\/sezione\/wp-content\/uploads\/2024\/10\/SA3.6.jpg","datePublished":"2024-10-11T07:46:38+00:00","dateModified":"2025-01-22T09:05:52+00:00","breadcrumb":{"@id":"https:\/\/www.sudarredi.com\/sezione\/prodotto\/tavolo-mezzaluna-aggregabile\/#breadcrumb"},"inLanguage":"it-IT","potentialAction":[{"@type":"ReadAction","target":["https:\/\/www.sudarredi.com\/sezione\/prodotto\/tavolo-mezzaluna-aggregabile\/"]}]},{"@type":"ImageObject","inLanguage":"it-IT","@id":"https:\/\/www.sudarredi.com\/sezione\/prodotto\/tavolo-mezzaluna-aggregabile\/#primaryimage","url":"https:\/\/www.sudarredi.com\/sezione\/wp-content\/uploads\/2024\/10\/SA3.6.jpg","contentUrl":"https:\/\/www.sudarredi.com\/sezione\/wp-content\/uploads\/2024\/10\/SA3.6.jpg","width":2256,"height":2257},{"@type":"BreadcrumbList","@id":"https:\/\/www.sudarredi.com\/sezione\/prodotto\/tavolo-mezzaluna-aggregabile\/#breadcrumb","itemListElement":[{"@type":"ListItem","position":1,"name":"Home","item":"https:\/\/www.sudarredi.com\/sezione\/"},{"@type":"ListItem","position":2,"name":"Shop","item":"https:\/\/www.sudarredi.com\/sezione\/shop\/"},{"@type":"ListItem","position":3,"name":"Tavolo Mezzaluna aggregabile"}]},{"@type":"WebSite","@id":"https:\/\/www.sudarredi.com\/sezione\/#website","url":"https:\/\/www.sudarredi.com\/sezione\/","name":"Sudarredi s.r.l","description":"Arredo scuola","publisher":{"@id":"https:\/\/www.sudarredi.com\/sezione\/#organization"},"alternateName":"Sud arredi","potentialAction":[{"@type":"SearchAction","target":{"@type":"EntryPoint","urlTemplate":"https:\/\/www.sudarredi.com\/sezione\/?s={search_term_string}"},"query-input":{"@type":"PropertyValueSpecification","valueRequired":true,"valueName":"search_term_string"}}],"inLanguage":"it-IT"},{"@type":["Organization","Place"],"@id":"https:\/\/www.sudarredi.com\/sezione\/#organization","name":"Sudarredi s.r.l","alternateName":"Sud arredi","url":"https:\/\/www.sudarredi.com\/sezione\/","logo":{"@id":"https:\/\/www.sudarredi.com\/sezione\/prodotto\/tavolo-mezzaluna-aggregabile\/#local-main-organization-logo"},"image":{"@id":"https:\/\/www.sudarredi.com\/sezione\/prodotto\/tavolo-mezzaluna-aggregabile\/#local-main-organization-logo"},"description":"La missione di Sudarredi Arredo Scuola \u00e8 quella di fornire soluzioni innovative, funzionali ed esteticamente gradevoli per l\u2019arredamento scolastico, contribuendo a creare ambienti di apprendimento che stimolino la creativit\u00e0, il benessere e la produttivit\u00e0 degli studenti e degli insegnanti. L'azienda \u00e8 impegnata a garantire la qualit\u00e0, la sicurezza e la sostenibilit\u00e0 dei suoi prodotti, rispondendo alle esigenze di scuole, istituti di formazione e enti pubblici in modo efficiente ed eco-sostenibile.","legalName":"Sudarredi s.r.l","numberOfEmployees":{"@type":"QuantitativeValue","minValue":"11","maxValue":"50"},"publishingPrinciples":"https:\/\/www.sudarredi.com\/sezione\/principi-editoriali-di-sudarredi-arredo-scuola\/","actionableFeedbackPolicy":"https:\/\/www.sudarredi.com\/sezione\/politica-di-feedback-attuabile\/","correctionsPolicy":"https:\/\/www.sudarredi.com\/sezione\/politica-sulle-correzioni\/","ethicsPolicy":"https:\/\/www.sudarredi.com\/sezione\/obiettivi-della-politica-sulletica\/","diversityPolicy":"https:\/\/www.sudarredi.com\/sezione\/obiettivi-della-politica-per-la-diversita\/","diversityStaffingReport":"https:\/\/www.sudarredi.com\/sezione\/rapporto-sulla-diversita-del-personale\/","telephone":[],"openingHoursSpecification":[{"@type":"OpeningHoursSpecification","dayOfWeek":["Monday","Tuesday","Wednesday","Thursday","Friday","Saturday","Sunday"],"opens":"09:00","closes":"17:00"}]},{"@type":"ImageObject","inLanguage":"it-IT","@id":"https:\/\/www.sudarredi.com\/sezione\/prodotto\/tavolo-mezzaluna-aggregabile\/#local-main-organization-logo","url":"https:\/\/www.sudarredi.com\/sezione\/wp-content\/uploads\/2025\/08\/cropped-app128x128.png","contentUrl":"https:\/\/www.sudarredi.com\/sezione\/wp-content\/uploads\/2025\/08\/cropped-app128x128.png","width":512,"height":512,"caption":"Sudarredi s.r.l"}]},"product_price_currency":"EUR","og_availability":"instock","product_availability":"instock","product_retailer_item_id":"15991","product_condition":"new"},"_links":{"self":[{"href":"https:\/\/www.sudarredi.com\/sezione\/wp-json\/wp\/v2\/product\/1320","targetHints":{"allow":["GET"]}}],"collection":[{"href":"https:\/\/www.sudarredi.com\/sezione\/wp-json\/wp\/v2\/product"}],"about":[{"href":"https:\/\/www.sudarredi.com\/sezione\/wp-json\/wp\/v2\/types\/product"}],"replies":[{"embeddable":true,"href":"https:\/\/www.sudarredi.com\/sezione\/wp-json\/wp\/v2\/comments?post=1320"}],"version-history":[{"count":1,"href":"https:\/\/www.sudarredi.com\/sezione\/wp-json\/wp\/v2\/product\/1320\/revisions"}],"predecessor-version":[{"id":1361,"href":"https:\/\/www.sudarredi.com\/sezione\/wp-json\/wp\/v2\/product\/1320\/revisions\/1361"}],"wp:featuredmedia":[{"embeddable":true,"href":"https:\/\/www.sudarredi.com\/sezione\/wp-json\/wp\/v2\/media\/1360"}],"wp:attachment":[{"href":"https:\/\/www.sudarredi.com\/sezione\/wp-json\/wp\/v2\/media?parent=1320"}],"wp:term":[{"taxonomy":"product_brand","embeddable":true,"href":"https:\/\/www.sudarredi.com\/sezione\/wp-json\/wp\/v2\/product_brand?post=1320"},{"taxonomy":"product_cat","embeddable":true,"href":"https:\/\/www.sudarredi.com\/sezione\/wp-json\/wp\/v2\/product_cat?post=1320"},{"taxonomy":"product_tag","embeddable":true,"href":"https:\/\/www.sudarredi.com\/sezione\/wp-json\/wp\/v2\/product_tag?post=1320"}],"curies":[{"name":"wp","href":"https:\/\/api.w.org\/{rel}","templated":true}]}}