{"id":12456,"date":"2024-10-24T08:48:48","date_gmt":"2024-10-24T08:48:48","guid":{"rendered":"https:\/\/musing-poincare.5-9-123-216.plesk.page\/prodotto\/fry-top-elettrico-liscio-piastra-cm-76x68-2-zone-di-cottura-inclusa-1-testata-chiusura-piano-mod-tpa-9\/"},"modified":"2024-11-22T10:41:59","modified_gmt":"2024-11-22T10:41:59","slug":"fry-top-elettrico-liscio-piastra-cm-76x68-2-zone-di-cottura-inclusa-1-testata-chiusura-piano-mod-tpa-9","status":"publish","type":"product","link":"https:\/\/www.sudarredi.com\/sezione\/prodotto\/fry-top-elettrico-liscio-piastra-cm-76x68-2-zone-di-cottura-inclusa-1-testata-chiusura-piano-mod-tpa-9\/","title":{"rendered":"Fry-top elettrico liscio, piastra cm.76&#215;68 &#8211; 2 zone di cottura (inclusa 1 testata chiusura piano mod.TPA-9)"},"content":{"rendered":"<p>Fry-top elettrico liscio, piastra cm.76&#215;68 &#8211; 2 zone di cottura (inclusa 1 testata chiusura piano mod.TPA-9)<\/p>\n","protected":false},"excerpt":{"rendered":"<p>Fry-top elettrico liscio, piastra cm.76&#215;68 &#8211; 2 zone di cottura (inclusa 1 testata chiusura piano mod.TPA-9)<\/p>\n","protected":false},"featured_media":12458,"comment_status":"closed","ping_status":"closed","template":"","meta":[],"product_brand":[],"product_cat":[1413,1453],"product_tag":[],"class_list":{"0":"post-12456","1":"product","2":"type-product","3":"status-publish","4":"has-post-thumbnail","6":"product_cat-cottura-professionale","7":"product_cat-fry-top","8":"pa_alimentazione-elettrica","9":"pa_cmb-x-p-x-h-cm-80x-90x-28h","10":"pa_kg-1620","11":"pa_kwel-15-kw","12":"pa_materiale-piastra-piastra-in-acciaio","13":"pa_serie-profondita-profondita-cm-90","14":"pa_tipologia-fuochi-piastre-piastra-liscia-2-zone-cottura","15":"pa_tipologia-mobile-da-banco","16":"pa_v-400v3n","18":"first","19":"instock","20":"purchasable","21":"product-type-simple"},"yoast_head":"<!-- This site is optimized with the Yoast SEO Premium plugin v24.6 (Yoast SEO v25.3.1) - https:\/\/yoast.com\/wordpress\/plugins\/seo\/ -->\n<title>Fry-top elettrico liscio, piastra cm.76x68 - 2 zone di cottura (inclusa 1 testata chiusura piano mod.TPA-9) - Arredi per la scuola<\/title>\n<meta name=\"robots\" content=\"index, follow, max-snippet:-1, max-image-preview:large, max-video-preview:-1\" \/>\n<link rel=\"canonical\" href=\"https:\/\/www.sudarredi.com\/sezione\/prodotto\/fry-top-elettrico-liscio-piastra-cm-76x68-2-zone-di-cottura-inclusa-1-testata-chiusura-piano-mod-tpa-9\/\" \/>\n<meta property=\"og:locale\" content=\"it_IT\" \/>\n<meta property=\"og:type\" content=\"article\" \/>\n<meta property=\"og:title\" content=\"Fry-top elettrico liscio, piastra cm.76x68 - 2 zone di cottura (inclusa 1 testata chiusura piano mod.TPA-9)\" \/>\n<meta property=\"og:description\" content=\"Fry-top elettrico liscio, piastra cm.76&#215;68 &#8211; 2 zone di cottura (inclusa 1 testata chiusura piano mod.TPA-9)\" \/>\n<meta property=\"og:url\" content=\"https:\/\/www.sudarredi.com\/sezione\/prodotto\/fry-top-elettrico-liscio-piastra-cm-76x68-2-zone-di-cottura-inclusa-1-testata-chiusura-piano-mod-tpa-9\/\" \/>\n<meta property=\"og:site_name\" content=\"Arredi per la scuola\" \/>\n<meta property=\"og:image\" content=\"https:\/\/www.sudarredi.com\/sezione\/wp-content\/uploads\/2024\/10\/FTLT-98ETS-scaled.jpg\" \/>\n\t<meta property=\"og:image:width\" content=\"2560\" \/>\n\t<meta property=\"og:image:height\" content=\"1675\" \/>\n\t<meta property=\"og:image:type\" content=\"image\/jpeg\" \/>\n<meta name=\"twitter:card\" content=\"summary_large_image\" \/>\n<meta name=\"twitter:label1\" content=\"Prezzo\" \/>\n\t<meta name=\"twitter:data1\" content=\"3.319,00&nbsp;&euro;\" \/>\n\t<meta name=\"twitter:label2\" content=\"Disponibilit\u00e0\" \/>\n\t<meta name=\"twitter:data2\" content=\"In stock\" \/>\n<meta property=\"product:price:amount\" content=\"3319.00\" \/>\n<meta property=\"product:price:currency\" content=\"EUR\" \/>\n<meta property=\"og:availability\" content=\"instock\" \/>\n<meta property=\"product:availability\" content=\"instock\" \/>\n<meta property=\"product:retailer_item_id\" content=\"FTLT-98ET\" \/>\n<meta property=\"product:condition\" content=\"new\" \/>\n<!-- \/ Yoast SEO Premium plugin. -->","yoast_head_json":{"title":"Fry-top elettrico liscio, piastra cm.76x68 - 2 zone di cottura (inclusa 1 testata chiusura piano mod.TPA-9) - Arredi per la scuola","robots":{"index":"index","follow":"follow","max-snippet":"max-snippet:-1","max-image-preview":"max-image-preview:large","max-video-preview":"max-video-preview:-1"},"canonical":"https:\/\/www.sudarredi.com\/sezione\/prodotto\/fry-top-elettrico-liscio-piastra-cm-76x68-2-zone-di-cottura-inclusa-1-testata-chiusura-piano-mod-tpa-9\/","og_locale":"it_IT","og_type":"article","og_title":"Fry-top elettrico liscio, piastra cm.76x68 - 2 zone di cottura (inclusa 1 testata chiusura piano mod.TPA-9)","og_description":"Fry-top elettrico liscio, piastra cm.76&#215;68 &#8211; 2 zone di cottura (inclusa 1 testata chiusura piano mod.TPA-9)","og_url":"https:\/\/www.sudarredi.com\/sezione\/prodotto\/fry-top-elettrico-liscio-piastra-cm-76x68-2-zone-di-cottura-inclusa-1-testata-chiusura-piano-mod-tpa-9\/","og_site_name":"Arredi per la scuola","og_image":[{"width":2560,"height":1675,"url":"https:\/\/www.sudarredi.com\/sezione\/wp-content\/uploads\/2024\/10\/FTLT-98ETS-scaled.jpg","type":"image\/jpeg"}],"twitter_card":"summary_large_image","twitter_misc":{"Prezzo":"3.319,00&nbsp;&euro;","Disponibilit\u00e0":"In stock"},"schema":{"@context":"https:\/\/schema.org","@graph":[{"@type":"WebPage","@id":"https:\/\/www.sudarredi.com\/sezione\/prodotto\/fry-top-elettrico-liscio-piastra-cm-76x68-2-zone-di-cottura-inclusa-1-testata-chiusura-piano-mod-tpa-9\/","url":"https:\/\/www.sudarredi.com\/sezione\/prodotto\/fry-top-elettrico-liscio-piastra-cm-76x68-2-zone-di-cottura-inclusa-1-testata-chiusura-piano-mod-tpa-9\/","name":"Fry-top elettrico liscio, piastra cm.76x68 - 2 zone di cottura (inclusa 1 testata chiusura piano mod.TPA-9) - Arredi per la scuola","isPartOf":{"@id":"https:\/\/www.sudarredi.com\/sezione\/#website"},"primaryImageOfPage":{"@id":"https:\/\/www.sudarredi.com\/sezione\/prodotto\/fry-top-elettrico-liscio-piastra-cm-76x68-2-zone-di-cottura-inclusa-1-testata-chiusura-piano-mod-tpa-9\/#primaryimage"},"image":{"@id":"https:\/\/www.sudarredi.com\/sezione\/prodotto\/fry-top-elettrico-liscio-piastra-cm-76x68-2-zone-di-cottura-inclusa-1-testata-chiusura-piano-mod-tpa-9\/#primaryimage"},"thumbnailUrl":"https:\/\/www.sudarredi.com\/sezione\/wp-content\/uploads\/2024\/10\/FTLT-98ETS-scaled.jpg","datePublished":"2024-10-24T08:48:48+00:00","dateModified":"2024-11-22T10:41:59+00:00","breadcrumb":{"@id":"https:\/\/www.sudarredi.com\/sezione\/prodotto\/fry-top-elettrico-liscio-piastra-cm-76x68-2-zone-di-cottura-inclusa-1-testata-chiusura-piano-mod-tpa-9\/#breadcrumb"},"inLanguage":"it-IT","potentialAction":[{"@type":"ReadAction","target":["https:\/\/www.sudarredi.com\/sezione\/prodotto\/fry-top-elettrico-liscio-piastra-cm-76x68-2-zone-di-cottura-inclusa-1-testata-chiusura-piano-mod-tpa-9\/"]}]},{"@type":"ImageObject","inLanguage":"it-IT","@id":"https:\/\/www.sudarredi.com\/sezione\/prodotto\/fry-top-elettrico-liscio-piastra-cm-76x68-2-zone-di-cottura-inclusa-1-testata-chiusura-piano-mod-tpa-9\/#primaryimage","url":"https:\/\/www.sudarredi.com\/sezione\/wp-content\/uploads\/2024\/10\/FTLT-98ETS-scaled.jpg","contentUrl":"https:\/\/www.sudarredi.com\/sezione\/wp-content\/uploads\/2024\/10\/FTLT-98ETS-scaled.jpg","width":2560,"height":1675},{"@type":"BreadcrumbList","@id":"https:\/\/www.sudarredi.com\/sezione\/prodotto\/fry-top-elettrico-liscio-piastra-cm-76x68-2-zone-di-cottura-inclusa-1-testata-chiusura-piano-mod-tpa-9\/#breadcrumb","itemListElement":[{"@type":"ListItem","position":1,"name":"Home","item":"https:\/\/www.sudarredi.com\/sezione\/"},{"@type":"ListItem","position":2,"name":"Shop","item":"https:\/\/www.sudarredi.com\/sezione\/shop\/"},{"@type":"ListItem","position":3,"name":"Fry-top elettrico liscio, piastra cm.76&#215;68 &#8211; 2 zone di cottura (inclusa 1 testata chiusura piano mod.TPA-9)"}]},{"@type":"WebSite","@id":"https:\/\/www.sudarredi.com\/sezione\/#website","url":"https:\/\/www.sudarredi.com\/sezione\/","name":"Sudarredi s.r.l","description":"Arredo scuola","publisher":{"@id":"https:\/\/www.sudarredi.com\/sezione\/#organization"},"alternateName":"Sud arredi","potentialAction":[{"@type":"SearchAction","target":{"@type":"EntryPoint","urlTemplate":"https:\/\/www.sudarredi.com\/sezione\/?s={search_term_string}"},"query-input":{"@type":"PropertyValueSpecification","valueRequired":true,"valueName":"search_term_string"}}],"inLanguage":"it-IT"},{"@type":["Organization","Place"],"@id":"https:\/\/www.sudarredi.com\/sezione\/#organization","name":"Sudarredi s.r.l","alternateName":"Sud arredi","url":"https:\/\/www.sudarredi.com\/sezione\/","logo":{"@id":"https:\/\/www.sudarredi.com\/sezione\/prodotto\/fry-top-elettrico-liscio-piastra-cm-76x68-2-zone-di-cottura-inclusa-1-testata-chiusura-piano-mod-tpa-9\/#local-main-organization-logo"},"image":{"@id":"https:\/\/www.sudarredi.com\/sezione\/prodotto\/fry-top-elettrico-liscio-piastra-cm-76x68-2-zone-di-cottura-inclusa-1-testata-chiusura-piano-mod-tpa-9\/#local-main-organization-logo"},"description":"La missione di Sudarredi Arredo Scuola \u00e8 quella di fornire soluzioni innovative, funzionali ed esteticamente gradevoli per l\u2019arredamento scolastico, contribuendo a creare ambienti di apprendimento che stimolino la creativit\u00e0, il benessere e la produttivit\u00e0 degli studenti e degli insegnanti. L'azienda \u00e8 impegnata a garantire la qualit\u00e0, la sicurezza e la sostenibilit\u00e0 dei suoi prodotti, rispondendo alle esigenze di scuole, istituti di formazione e enti pubblici in modo efficiente ed eco-sostenibile.","legalName":"Sudarredi s.r.l","numberOfEmployees":{"@type":"QuantitativeValue","minValue":"11","maxValue":"50"},"publishingPrinciples":"https:\/\/www.sudarredi.com\/sezione\/principi-editoriali-di-sudarredi-arredo-scuola\/","actionableFeedbackPolicy":"https:\/\/www.sudarredi.com\/sezione\/politica-di-feedback-attuabile\/","correctionsPolicy":"https:\/\/www.sudarredi.com\/sezione\/politica-sulle-correzioni\/","ethicsPolicy":"https:\/\/www.sudarredi.com\/sezione\/obiettivi-della-politica-sulletica\/","diversityPolicy":"https:\/\/www.sudarredi.com\/sezione\/obiettivi-della-politica-per-la-diversita\/","diversityStaffingReport":"https:\/\/www.sudarredi.com\/sezione\/rapporto-sulla-diversita-del-personale\/","telephone":[],"openingHoursSpecification":[{"@type":"OpeningHoursSpecification","dayOfWeek":["Monday","Tuesday","Wednesday","Thursday","Friday","Saturday","Sunday"],"opens":"09:00","closes":"17:00"}]},{"@type":"ImageObject","inLanguage":"it-IT","@id":"https:\/\/www.sudarredi.com\/sezione\/prodotto\/fry-top-elettrico-liscio-piastra-cm-76x68-2-zone-di-cottura-inclusa-1-testata-chiusura-piano-mod-tpa-9\/#local-main-organization-logo","url":"https:\/\/www.sudarredi.com\/sezione\/wp-content\/uploads\/2025\/08\/cropped-app128x128.png","contentUrl":"https:\/\/www.sudarredi.com\/sezione\/wp-content\/uploads\/2025\/08\/cropped-app128x128.png","width":512,"height":512,"caption":"Sudarredi s.r.l"}]},"product_price_amount":"3319.00","product_price_currency":"EUR","og_availability":"instock","product_availability":"instock","product_retailer_item_id":"FTLT-98ET","product_condition":"new"},"_links":{"self":[{"href":"https:\/\/www.sudarredi.com\/sezione\/wp-json\/wp\/v2\/product\/12456","targetHints":{"allow":["GET"]}}],"collection":[{"href":"https:\/\/www.sudarredi.com\/sezione\/wp-json\/wp\/v2\/product"}],"about":[{"href":"https:\/\/www.sudarredi.com\/sezione\/wp-json\/wp\/v2\/types\/product"}],"replies":[{"embeddable":true,"href":"https:\/\/www.sudarredi.com\/sezione\/wp-json\/wp\/v2\/comments?post=12456"}],"version-history":[{"count":1,"href":"https:\/\/www.sudarredi.com\/sezione\/wp-json\/wp\/v2\/product\/12456\/revisions"}],"predecessor-version":[{"id":12457,"href":"https:\/\/www.sudarredi.com\/sezione\/wp-json\/wp\/v2\/product\/12456\/revisions\/12457"}],"wp:featuredmedia":[{"embeddable":true,"href":"https:\/\/www.sudarredi.com\/sezione\/wp-json\/wp\/v2\/media\/12458"}],"wp:attachment":[{"href":"https:\/\/www.sudarredi.com\/sezione\/wp-json\/wp\/v2\/media?parent=12456"}],"wp:term":[{"taxonomy":"product_brand","embeddable":true,"href":"https:\/\/www.sudarredi.com\/sezione\/wp-json\/wp\/v2\/product_brand?post=12456"},{"taxonomy":"product_cat","embeddable":true,"href":"https:\/\/www.sudarredi.com\/sezione\/wp-json\/wp\/v2\/product_cat?post=12456"},{"taxonomy":"product_tag","embeddable":true,"href":"https:\/\/www.sudarredi.com\/sezione\/wp-json\/wp\/v2\/product_tag?post=12456"}],"curies":[{"name":"wp","href":"https:\/\/api.w.org\/{rel}","templated":true}]}}