{"id":10693,"date":"2024-10-24T08:39:48","date_gmt":"2024-10-24T08:39:48","guid":{"rendered":"https:\/\/musing-poincare.5-9-123-216.plesk.page\/prodotto\/cuocipasta-trifase-lt-40-vasca-cm-51x307x327h-carico-acqua-automatico-con-sensore-di-livello-sfioratore-scarico-a-pavimento-cesti-esclusi-inclusa-1-testata-chiusura-piano-mod-tpa-7\/"},"modified":"2024-11-22T10:27:38","modified_gmt":"2024-11-22T10:27:38","slug":"cuocipasta-trifase-lt-40-vasca-cm-51x307x327h-carico-acqua-automatico-con-sensore-di-livello-sfioratore-scarico-a-pavimento-cesti-esclusi-inclusa-1-testata-chiusura-piano-mod-tpa-7","status":"publish","type":"product","link":"https:\/\/www.sudarredi.com\/sezione\/prodotto\/cuocipasta-trifase-lt-40-vasca-cm-51x307x327h-carico-acqua-automatico-con-sensore-di-livello-sfioratore-scarico-a-pavimento-cesti-esclusi-inclusa-1-testata-chiusura-piano-mod-tpa-7\/","title":{"rendered":"CUOCIPASTA TRIFASE LT. 40 Vasca cm. 51&#215;30,7&#215;32,7h. Carico acqua automatico con sensore di livello &#8211; sfioratore + scarico a pavimento (CESTI ESCLUSI) (inclusa 1 testata chiusura piano mod.TPA-7)"},"content":{"rendered":"<p>CUOCIPASTA TRIFASE LT. 40 Vasca cm. 51&#215;30,7&#215;32,7h. Carico acqua automatico con sensore di livello &#8211; sfioratore + scarico a pavimento (CESTI ESCLUSI) (inclusa 1 testata chiusura piano mod.TPA-7)<\/p>\n","protected":false},"excerpt":{"rendered":"<p>CUOCIPASTA TRIFASE LT. 40 Vasca cm. 51&#215;30,7&#215;32,7h. Carico acqua automatico con sensore di livello &#8211; sfioratore + scarico a pavimento<\/p>\n","protected":false},"featured_media":10695,"comment_status":"closed","ping_status":"closed","template":"","meta":[],"product_brand":[],"product_cat":[1413,1480],"product_tag":[],"class_list":{"0":"post-10693","1":"product","2":"type-product","3":"status-publish","4":"has-post-thumbnail","6":"product_cat-cottura-professionale","7":"product_cat-cuocipasta","8":"pa_acqua-fredda-iso-7-1-3-4-m","9":"pa_alimentazione-elettrica","10":"pa_capacita-vasca-1-vasca-lt-40","11":"pa_carico-acqua-carico-acqua-automatico","12":"pa_cesti-cesti-esclusi","13":"pa_cmb-x-p-x-h-cm-60x-705x-90h","14":"pa_kg-2214","15":"pa_kwel-135-kw","16":"pa_serie-profondita-profondita-cm-70","17":"pa_tipologia-mobile-su-mobile","18":"pa_v-400v3n","20":"first","21":"instock","22":"purchasable","23":"product-type-simple"},"yoast_head":"<!-- This site is optimized with the Yoast SEO Premium plugin v24.6 (Yoast SEO v25.3.1) - https:\/\/yoast.com\/wordpress\/plugins\/seo\/ -->\n<title>CUOCIPASTA TRIFASE LT. 40 Vasca cm. 51x30,7x32,7h. Carico acqua automatico con sensore di livello - sfioratore + scarico a pavimento (CESTI ESCLUSI) (inclusa 1 testata chiusura piano mod.TPA-7) - Arredi per la scuola<\/title>\n<meta name=\"robots\" content=\"index, follow, max-snippet:-1, max-image-preview:large, max-video-preview:-1\" \/>\n<link rel=\"canonical\" href=\"https:\/\/www.sudarredi.com\/sezione\/prodotto\/cuocipasta-trifase-lt-40-vasca-cm-51x307x327h-carico-acqua-automatico-con-sensore-di-livello-sfioratore-scarico-a-pavimento-cesti-esclusi-inclusa-1-testata-chiusura-piano-mod-tpa-7\/\" \/>\n<meta property=\"og:locale\" content=\"it_IT\" \/>\n<meta property=\"og:type\" content=\"article\" \/>\n<meta property=\"og:title\" content=\"CUOCIPASTA TRIFASE LT. 40 Vasca cm. 51x30,7x32,7h. Carico acqua automatico con sensore di livello - sfioratore + scarico a pavimento (CESTI ESCLUSI) (inclusa 1 testata chiusura piano mod.TPA-7)\" \/>\n<meta property=\"og:description\" content=\"CUOCIPASTA TRIFASE LT. 40 Vasca cm. 51&#215;30,7&#215;32,7h. Carico acqua automatico con sensore di livello &#8211; sfioratore + scarico a pavimento\" \/>\n<meta property=\"og:url\" content=\"https:\/\/www.sudarredi.com\/sezione\/prodotto\/cuocipasta-trifase-lt-40-vasca-cm-51x307x327h-carico-acqua-automatico-con-sensore-di-livello-sfioratore-scarico-a-pavimento-cesti-esclusi-inclusa-1-testata-chiusura-piano-mod-tpa-7\/\" \/>\n<meta property=\"og:site_name\" content=\"Arredi per la scuola\" \/>\n<meta property=\"og:image\" content=\"https:\/\/www.sudarredi.com\/sezione\/wp-content\/uploads\/2024\/10\/CPA-76ET-scaled.jpg\" \/>\n\t<meta property=\"og:image:width\" content=\"2334\" \/>\n\t<meta property=\"og:image:height\" content=\"2560\" \/>\n\t<meta property=\"og:image:type\" content=\"image\/jpeg\" \/>\n<meta name=\"twitter:card\" content=\"summary_large_image\" \/>\n<meta name=\"twitter:label1\" content=\"Prezzo\" \/>\n\t<meta name=\"twitter:data1\" content=\"4.073,00&nbsp;&euro;\" \/>\n\t<meta name=\"twitter:label2\" content=\"Disponibilit\u00e0\" \/>\n\t<meta name=\"twitter:data2\" content=\"In stock\" \/>\n<meta property=\"product:price:amount\" content=\"4073.00\" \/>\n<meta property=\"product:price:currency\" content=\"EUR\" \/>\n<meta property=\"og:availability\" content=\"instock\" \/>\n<meta property=\"product:availability\" content=\"instock\" \/>\n<meta property=\"product:retailer_item_id\" content=\"CPA-76ET\" \/>\n<meta property=\"product:condition\" content=\"new\" \/>\n<!-- \/ Yoast SEO Premium plugin. -->","yoast_head_json":{"title":"CUOCIPASTA TRIFASE LT. 40 Vasca cm. 51x30,7x32,7h. Carico acqua automatico con sensore di livello - sfioratore + scarico a pavimento (CESTI ESCLUSI) (inclusa 1 testata chiusura piano mod.TPA-7) - Arredi per la scuola","robots":{"index":"index","follow":"follow","max-snippet":"max-snippet:-1","max-image-preview":"max-image-preview:large","max-video-preview":"max-video-preview:-1"},"canonical":"https:\/\/www.sudarredi.com\/sezione\/prodotto\/cuocipasta-trifase-lt-40-vasca-cm-51x307x327h-carico-acqua-automatico-con-sensore-di-livello-sfioratore-scarico-a-pavimento-cesti-esclusi-inclusa-1-testata-chiusura-piano-mod-tpa-7\/","og_locale":"it_IT","og_type":"article","og_title":"CUOCIPASTA TRIFASE LT. 40 Vasca cm. 51x30,7x32,7h. Carico acqua automatico con sensore di livello - sfioratore + scarico a pavimento (CESTI ESCLUSI) (inclusa 1 testata chiusura piano mod.TPA-7)","og_description":"CUOCIPASTA TRIFASE LT. 40 Vasca cm. 51&#215;30,7&#215;32,7h. Carico acqua automatico con sensore di livello &#8211; sfioratore + scarico a pavimento","og_url":"https:\/\/www.sudarredi.com\/sezione\/prodotto\/cuocipasta-trifase-lt-40-vasca-cm-51x307x327h-carico-acqua-automatico-con-sensore-di-livello-sfioratore-scarico-a-pavimento-cesti-esclusi-inclusa-1-testata-chiusura-piano-mod-tpa-7\/","og_site_name":"Arredi per la scuola","og_image":[{"width":2334,"height":2560,"url":"https:\/\/www.sudarredi.com\/sezione\/wp-content\/uploads\/2024\/10\/CPA-76ET-scaled.jpg","type":"image\/jpeg"}],"twitter_card":"summary_large_image","twitter_misc":{"Prezzo":"4.073,00&nbsp;&euro;","Disponibilit\u00e0":"In stock"},"schema":{"@context":"https:\/\/schema.org","@graph":[{"@type":"WebPage","@id":"https:\/\/www.sudarredi.com\/sezione\/prodotto\/cuocipasta-trifase-lt-40-vasca-cm-51x307x327h-carico-acqua-automatico-con-sensore-di-livello-sfioratore-scarico-a-pavimento-cesti-esclusi-inclusa-1-testata-chiusura-piano-mod-tpa-7\/","url":"https:\/\/www.sudarredi.com\/sezione\/prodotto\/cuocipasta-trifase-lt-40-vasca-cm-51x307x327h-carico-acqua-automatico-con-sensore-di-livello-sfioratore-scarico-a-pavimento-cesti-esclusi-inclusa-1-testata-chiusura-piano-mod-tpa-7\/","name":"CUOCIPASTA TRIFASE LT. 40 Vasca cm. 51x30,7x32,7h. Carico acqua automatico con sensore di livello - sfioratore + scarico a pavimento (CESTI ESCLUSI) (inclusa 1 testata chiusura piano mod.TPA-7) - Arredi per la scuola","isPartOf":{"@id":"https:\/\/www.sudarredi.com\/sezione\/#website"},"primaryImageOfPage":{"@id":"https:\/\/www.sudarredi.com\/sezione\/prodotto\/cuocipasta-trifase-lt-40-vasca-cm-51x307x327h-carico-acqua-automatico-con-sensore-di-livello-sfioratore-scarico-a-pavimento-cesti-esclusi-inclusa-1-testata-chiusura-piano-mod-tpa-7\/#primaryimage"},"image":{"@id":"https:\/\/www.sudarredi.com\/sezione\/prodotto\/cuocipasta-trifase-lt-40-vasca-cm-51x307x327h-carico-acqua-automatico-con-sensore-di-livello-sfioratore-scarico-a-pavimento-cesti-esclusi-inclusa-1-testata-chiusura-piano-mod-tpa-7\/#primaryimage"},"thumbnailUrl":"https:\/\/www.sudarredi.com\/sezione\/wp-content\/uploads\/2024\/10\/CPA-76ET-scaled.jpg","datePublished":"2024-10-24T08:39:48+00:00","dateModified":"2024-11-22T10:27:38+00:00","breadcrumb":{"@id":"https:\/\/www.sudarredi.com\/sezione\/prodotto\/cuocipasta-trifase-lt-40-vasca-cm-51x307x327h-carico-acqua-automatico-con-sensore-di-livello-sfioratore-scarico-a-pavimento-cesti-esclusi-inclusa-1-testata-chiusura-piano-mod-tpa-7\/#breadcrumb"},"inLanguage":"it-IT","potentialAction":[{"@type":"ReadAction","target":["https:\/\/www.sudarredi.com\/sezione\/prodotto\/cuocipasta-trifase-lt-40-vasca-cm-51x307x327h-carico-acqua-automatico-con-sensore-di-livello-sfioratore-scarico-a-pavimento-cesti-esclusi-inclusa-1-testata-chiusura-piano-mod-tpa-7\/"]}]},{"@type":"ImageObject","inLanguage":"it-IT","@id":"https:\/\/www.sudarredi.com\/sezione\/prodotto\/cuocipasta-trifase-lt-40-vasca-cm-51x307x327h-carico-acqua-automatico-con-sensore-di-livello-sfioratore-scarico-a-pavimento-cesti-esclusi-inclusa-1-testata-chiusura-piano-mod-tpa-7\/#primaryimage","url":"https:\/\/www.sudarredi.com\/sezione\/wp-content\/uploads\/2024\/10\/CPA-76ET-scaled.jpg","contentUrl":"https:\/\/www.sudarredi.com\/sezione\/wp-content\/uploads\/2024\/10\/CPA-76ET-scaled.jpg","width":2334,"height":2560},{"@type":"BreadcrumbList","@id":"https:\/\/www.sudarredi.com\/sezione\/prodotto\/cuocipasta-trifase-lt-40-vasca-cm-51x307x327h-carico-acqua-automatico-con-sensore-di-livello-sfioratore-scarico-a-pavimento-cesti-esclusi-inclusa-1-testata-chiusura-piano-mod-tpa-7\/#breadcrumb","itemListElement":[{"@type":"ListItem","position":1,"name":"Home","item":"https:\/\/www.sudarredi.com\/sezione\/"},{"@type":"ListItem","position":2,"name":"Shop","item":"https:\/\/www.sudarredi.com\/sezione\/shop\/"},{"@type":"ListItem","position":3,"name":"CUOCIPASTA TRIFASE LT. 40 Vasca cm. 51&#215;30,7&#215;32,7h. Carico acqua automatico con sensore di livello &#8211; sfioratore + scarico a pavimento (CESTI ESCLUSI) (inclusa 1 testata chiusura piano mod.TPA-7)"}]},{"@type":"WebSite","@id":"https:\/\/www.sudarredi.com\/sezione\/#website","url":"https:\/\/www.sudarredi.com\/sezione\/","name":"Sudarredi s.r.l","description":"Arredo scuola","publisher":{"@id":"https:\/\/www.sudarredi.com\/sezione\/#organization"},"alternateName":"Sud arredi","potentialAction":[{"@type":"SearchAction","target":{"@type":"EntryPoint","urlTemplate":"https:\/\/www.sudarredi.com\/sezione\/?s={search_term_string}"},"query-input":{"@type":"PropertyValueSpecification","valueRequired":true,"valueName":"search_term_string"}}],"inLanguage":"it-IT"},{"@type":["Organization","Place"],"@id":"https:\/\/www.sudarredi.com\/sezione\/#organization","name":"Sudarredi s.r.l","alternateName":"Sud arredi","url":"https:\/\/www.sudarredi.com\/sezione\/","logo":{"@id":"https:\/\/www.sudarredi.com\/sezione\/prodotto\/cuocipasta-trifase-lt-40-vasca-cm-51x307x327h-carico-acqua-automatico-con-sensore-di-livello-sfioratore-scarico-a-pavimento-cesti-esclusi-inclusa-1-testata-chiusura-piano-mod-tpa-7\/#local-main-organization-logo"},"image":{"@id":"https:\/\/www.sudarredi.com\/sezione\/prodotto\/cuocipasta-trifase-lt-40-vasca-cm-51x307x327h-carico-acqua-automatico-con-sensore-di-livello-sfioratore-scarico-a-pavimento-cesti-esclusi-inclusa-1-testata-chiusura-piano-mod-tpa-7\/#local-main-organization-logo"},"description":"La missione di Sudarredi Arredo Scuola \u00e8 quella di fornire soluzioni innovative, funzionali ed esteticamente gradevoli per l\u2019arredamento scolastico, contribuendo a creare ambienti di apprendimento che stimolino la creativit\u00e0, il benessere e la produttivit\u00e0 degli studenti e degli insegnanti. L'azienda \u00e8 impegnata a garantire la qualit\u00e0, la sicurezza e la sostenibilit\u00e0 dei suoi prodotti, rispondendo alle esigenze di scuole, istituti di formazione e enti pubblici in modo efficiente ed eco-sostenibile.","legalName":"Sudarredi s.r.l","numberOfEmployees":{"@type":"QuantitativeValue","minValue":"11","maxValue":"50"},"publishingPrinciples":"https:\/\/www.sudarredi.com\/sezione\/principi-editoriali-di-sudarredi-arredo-scuola\/","actionableFeedbackPolicy":"https:\/\/www.sudarredi.com\/sezione\/politica-di-feedback-attuabile\/","correctionsPolicy":"https:\/\/www.sudarredi.com\/sezione\/politica-sulle-correzioni\/","ethicsPolicy":"https:\/\/www.sudarredi.com\/sezione\/obiettivi-della-politica-sulletica\/","diversityPolicy":"https:\/\/www.sudarredi.com\/sezione\/obiettivi-della-politica-per-la-diversita\/","diversityStaffingReport":"https:\/\/www.sudarredi.com\/sezione\/rapporto-sulla-diversita-del-personale\/","telephone":[],"openingHoursSpecification":[{"@type":"OpeningHoursSpecification","dayOfWeek":["Monday","Tuesday","Wednesday","Thursday","Friday","Saturday","Sunday"],"opens":"09:00","closes":"17:00"}]},{"@type":"ImageObject","inLanguage":"it-IT","@id":"https:\/\/www.sudarredi.com\/sezione\/prodotto\/cuocipasta-trifase-lt-40-vasca-cm-51x307x327h-carico-acqua-automatico-con-sensore-di-livello-sfioratore-scarico-a-pavimento-cesti-esclusi-inclusa-1-testata-chiusura-piano-mod-tpa-7\/#local-main-organization-logo","url":"https:\/\/www.sudarredi.com\/sezione\/wp-content\/uploads\/2025\/08\/cropped-app128x128.png","contentUrl":"https:\/\/www.sudarredi.com\/sezione\/wp-content\/uploads\/2025\/08\/cropped-app128x128.png","width":512,"height":512,"caption":"Sudarredi s.r.l"}]},"product_price_amount":"4073.00","product_price_currency":"EUR","og_availability":"instock","product_availability":"instock","product_retailer_item_id":"CPA-76ET","product_condition":"new"},"_links":{"self":[{"href":"https:\/\/www.sudarredi.com\/sezione\/wp-json\/wp\/v2\/product\/10693","targetHints":{"allow":["GET"]}}],"collection":[{"href":"https:\/\/www.sudarredi.com\/sezione\/wp-json\/wp\/v2\/product"}],"about":[{"href":"https:\/\/www.sudarredi.com\/sezione\/wp-json\/wp\/v2\/types\/product"}],"replies":[{"embeddable":true,"href":"https:\/\/www.sudarredi.com\/sezione\/wp-json\/wp\/v2\/comments?post=10693"}],"version-history":[{"count":1,"href":"https:\/\/www.sudarredi.com\/sezione\/wp-json\/wp\/v2\/product\/10693\/revisions"}],"predecessor-version":[{"id":10694,"href":"https:\/\/www.sudarredi.com\/sezione\/wp-json\/wp\/v2\/product\/10693\/revisions\/10694"}],"wp:featuredmedia":[{"embeddable":true,"href":"https:\/\/www.sudarredi.com\/sezione\/wp-json\/wp\/v2\/media\/10695"}],"wp:attachment":[{"href":"https:\/\/www.sudarredi.com\/sezione\/wp-json\/wp\/v2\/media?parent=10693"}],"wp:term":[{"taxonomy":"product_brand","embeddable":true,"href":"https:\/\/www.sudarredi.com\/sezione\/wp-json\/wp\/v2\/product_brand?post=10693"},{"taxonomy":"product_cat","embeddable":true,"href":"https:\/\/www.sudarredi.com\/sezione\/wp-json\/wp\/v2\/product_cat?post=10693"},{"taxonomy":"product_tag","embeddable":true,"href":"https:\/\/www.sudarredi.com\/sezione\/wp-json\/wp\/v2\/product_tag?post=10693"}],"curies":[{"name":"wp","href":"https:\/\/api.w.org\/{rel}","templated":true}]}}