{"id":10478,"date":"2024-10-24T08:38:51","date_gmt":"2024-10-24T08:38:51","guid":{"rendered":"https:\/\/musing-poincare.5-9-123-216.plesk.page\/prodotto\/cucina-4-piastre-forno-elettrico-ventilato-cm-55x36x34h-temp-50%c3%b7300c-con-1-griglia-cm-53x325-gn1-1-inclusa-1-testata-chiusura-piano-mod-tpa-7\/"},"modified":"2024-11-22T10:26:01","modified_gmt":"2024-11-22T10:26:01","slug":"cucina-4-piastre-forno-elettrico-ventilato-cm-55x36x34h-temp-50%c3%b7300c-con-1-griglia-cm-53x325-gn1-1-inclusa-1-testata-chiusura-piano-mod-tpa-7","status":"publish","type":"product","link":"https:\/\/www.sudarredi.com\/sezione\/prodotto\/cucina-4-piastre-forno-elettrico-ventilato-cm-55x36x34h-temp-50%c3%b7300c-con-1-griglia-cm-53x325-gn1-1-inclusa-1-testata-chiusura-piano-mod-tpa-7\/","title":{"rendered":"CUCINA 4 piastre &#8211; Forno elettrico ventilato cm. 55x36x34h, temp: 50\u00f7300\u00b0C, con 1 griglia cm.53&#215;32,5 GN1\/1 (inclusa 1 testata chiusura piano mod.TPA-7)"},"content":{"rendered":"<p>CUCINA 4 piastre &#8211; Forno elettrico ventilato cm. 55x36x34h, temp: 50\u00f7300\u00b0C, con 1 griglia cm.53&#215;32,5 GN1\/1 (inclusa 1 testata chiusura piano mod.TPA-7)<\/p>\n","protected":false},"excerpt":{"rendered":"<p>CUCINA 4 piastre &#8211; Forno elettrico ventilato cm. 55x36x34h, temp: 50\u00f7300\u00b0C, con 1 griglia cm.53&#215;32,5 GN1\/1 (inclusa 1 testata chiusura<\/p>\n","protected":false},"featured_media":10477,"comment_status":"closed","ping_status":"closed","template":"","meta":[],"product_brand":[],"product_cat":[1413,1527],"product_tag":[],"class_list":{"0":"post-10478","1":"product","2":"type-product","3":"status-publish","4":"has-post-thumbnail","6":"product_cat-cottura-professionale","7":"product_cat-cucine","8":"pa_alimentazione-elettrica","9":"pa_cmb-x-p-x-h-cm-80x-705x-90h","10":"pa_kg-2113","11":"pa_kwel-1572-kw","12":"pa_serie-profondita-profondita-cm-70","13":"pa_tipologia-forno-forno-elettrico-ventilato","14":"pa_tipologia-fuochi-piastre-4-piastre","15":"pa_tipologia-mobile-su-mobile","16":"pa_v-400v3n","18":"first","19":"instock","20":"purchasable","21":"product-type-simple"},"yoast_head":"<!-- This site is optimized with the Yoast SEO Premium plugin v24.6 (Yoast SEO v25.3.1) - https:\/\/yoast.com\/wordpress\/plugins\/seo\/ -->\n<title>CUCINA 4 piastre - Forno elettrico ventilato cm. 55x36x34h, temp: 50\u00f7300\u00b0C, con 1 griglia cm.53x32,5 GN1\/1 (inclusa 1 testata chiusura piano mod.TPA-7) - Arredi per la scuola<\/title>\n<meta name=\"robots\" content=\"index, follow, max-snippet:-1, max-image-preview:large, max-video-preview:-1\" \/>\n<link rel=\"canonical\" href=\"https:\/\/www.sudarredi.com\/sezione\/prodotto\/cucina-4-piastre-forno-elettrico-ventilato-cm-55x36x34h-temp-50\u00f7300c-con-1-griglia-cm-53x325-gn1-1-inclusa-1-testata-chiusura-piano-mod-tpa-7\/\" \/>\n<meta property=\"og:locale\" content=\"it_IT\" \/>\n<meta property=\"og:type\" content=\"article\" \/>\n<meta property=\"og:title\" content=\"CUCINA 4 piastre - Forno elettrico ventilato cm. 55x36x34h, temp: 50\u00f7300\u00b0C, con 1 griglia cm.53x32,5 GN1\/1 (inclusa 1 testata chiusura piano mod.TPA-7)\" \/>\n<meta property=\"og:description\" content=\"CUCINA 4 piastre &#8211; Forno elettrico ventilato cm. 55x36x34h, temp: 50\u00f7300\u00b0C, con 1 griglia cm.53&#215;32,5 GN1\/1 (inclusa 1 testata chiusura\" \/>\n<meta property=\"og:url\" content=\"https:\/\/www.sudarredi.com\/sezione\/prodotto\/cucina-4-piastre-forno-elettrico-ventilato-cm-55x36x34h-temp-50\u00f7300c-con-1-griglia-cm-53x325-gn1-1-inclusa-1-testata-chiusura-piano-mod-tpa-7\/\" \/>\n<meta property=\"og:site_name\" content=\"Arredi per la scuola\" \/>\n<meta property=\"og:image\" content=\"https:\/\/www.sudarredi.com\/sezione\/wp-content\/uploads\/2024\/10\/CF4-78ET-scaled.jpg\" \/>\n\t<meta property=\"og:image:width\" content=\"2399\" \/>\n\t<meta property=\"og:image:height\" content=\"2560\" \/>\n\t<meta property=\"og:image:type\" content=\"image\/jpeg\" \/>\n<meta name=\"twitter:card\" content=\"summary_large_image\" \/>\n<meta name=\"twitter:label1\" content=\"Prezzo\" \/>\n\t<meta name=\"twitter:data1\" content=\"3.963,00&nbsp;&euro;\" \/>\n\t<meta name=\"twitter:label2\" content=\"Disponibilit\u00e0\" \/>\n\t<meta name=\"twitter:data2\" content=\"In stock\" \/>\n<meta property=\"product:price:amount\" content=\"3963.00\" \/>\n<meta property=\"product:price:currency\" content=\"EUR\" \/>\n<meta property=\"og:availability\" content=\"instock\" \/>\n<meta property=\"product:availability\" content=\"instock\" \/>\n<meta property=\"product:retailer_item_id\" content=\"CFV4-78ET\" \/>\n<meta property=\"product:condition\" content=\"new\" \/>\n<!-- \/ Yoast SEO Premium plugin. -->","yoast_head_json":{"title":"CUCINA 4 piastre - Forno elettrico ventilato cm. 55x36x34h, temp: 50\u00f7300\u00b0C, con 1 griglia cm.53x32,5 GN1\/1 (inclusa 1 testata chiusura piano mod.TPA-7) - Arredi per la scuola","robots":{"index":"index","follow":"follow","max-snippet":"max-snippet:-1","max-image-preview":"max-image-preview:large","max-video-preview":"max-video-preview:-1"},"canonical":"https:\/\/www.sudarredi.com\/sezione\/prodotto\/cucina-4-piastre-forno-elettrico-ventilato-cm-55x36x34h-temp-50\u00f7300c-con-1-griglia-cm-53x325-gn1-1-inclusa-1-testata-chiusura-piano-mod-tpa-7\/","og_locale":"it_IT","og_type":"article","og_title":"CUCINA 4 piastre - Forno elettrico ventilato cm. 55x36x34h, temp: 50\u00f7300\u00b0C, con 1 griglia cm.53x32,5 GN1\/1 (inclusa 1 testata chiusura piano mod.TPA-7)","og_description":"CUCINA 4 piastre &#8211; Forno elettrico ventilato cm. 55x36x34h, temp: 50\u00f7300\u00b0C, con 1 griglia cm.53&#215;32,5 GN1\/1 (inclusa 1 testata chiusura","og_url":"https:\/\/www.sudarredi.com\/sezione\/prodotto\/cucina-4-piastre-forno-elettrico-ventilato-cm-55x36x34h-temp-50\u00f7300c-con-1-griglia-cm-53x325-gn1-1-inclusa-1-testata-chiusura-piano-mod-tpa-7\/","og_site_name":"Arredi per la scuola","og_image":[{"width":2399,"height":2560,"url":"https:\/\/www.sudarredi.com\/sezione\/wp-content\/uploads\/2024\/10\/CF4-78ET-scaled.jpg","type":"image\/jpeg"}],"twitter_card":"summary_large_image","twitter_misc":{"Prezzo":"3.963,00&nbsp;&euro;","Disponibilit\u00e0":"In stock"},"schema":{"@context":"https:\/\/schema.org","@graph":[{"@type":"WebPage","@id":"https:\/\/www.sudarredi.com\/sezione\/prodotto\/cucina-4-piastre-forno-elettrico-ventilato-cm-55x36x34h-temp-50%c3%b7300c-con-1-griglia-cm-53x325-gn1-1-inclusa-1-testata-chiusura-piano-mod-tpa-7\/","url":"https:\/\/www.sudarredi.com\/sezione\/prodotto\/cucina-4-piastre-forno-elettrico-ventilato-cm-55x36x34h-temp-50%c3%b7300c-con-1-griglia-cm-53x325-gn1-1-inclusa-1-testata-chiusura-piano-mod-tpa-7\/","name":"CUCINA 4 piastre - Forno elettrico ventilato cm. 55x36x34h, temp: 50\u00f7300\u00b0C, con 1 griglia cm.53x32,5 GN1\/1 (inclusa 1 testata chiusura piano mod.TPA-7) - Arredi per la scuola","isPartOf":{"@id":"https:\/\/www.sudarredi.com\/sezione\/#website"},"primaryImageOfPage":{"@id":"https:\/\/www.sudarredi.com\/sezione\/prodotto\/cucina-4-piastre-forno-elettrico-ventilato-cm-55x36x34h-temp-50%c3%b7300c-con-1-griglia-cm-53x325-gn1-1-inclusa-1-testata-chiusura-piano-mod-tpa-7\/#primaryimage"},"image":{"@id":"https:\/\/www.sudarredi.com\/sezione\/prodotto\/cucina-4-piastre-forno-elettrico-ventilato-cm-55x36x34h-temp-50%c3%b7300c-con-1-griglia-cm-53x325-gn1-1-inclusa-1-testata-chiusura-piano-mod-tpa-7\/#primaryimage"},"thumbnailUrl":"https:\/\/www.sudarredi.com\/sezione\/wp-content\/uploads\/2024\/10\/CF4-78ET-scaled.jpg","datePublished":"2024-10-24T08:38:51+00:00","dateModified":"2024-11-22T10:26:01+00:00","breadcrumb":{"@id":"https:\/\/www.sudarredi.com\/sezione\/prodotto\/cucina-4-piastre-forno-elettrico-ventilato-cm-55x36x34h-temp-50%c3%b7300c-con-1-griglia-cm-53x325-gn1-1-inclusa-1-testata-chiusura-piano-mod-tpa-7\/#breadcrumb"},"inLanguage":"it-IT","potentialAction":[{"@type":"ReadAction","target":["https:\/\/www.sudarredi.com\/sezione\/prodotto\/cucina-4-piastre-forno-elettrico-ventilato-cm-55x36x34h-temp-50%c3%b7300c-con-1-griglia-cm-53x325-gn1-1-inclusa-1-testata-chiusura-piano-mod-tpa-7\/"]}]},{"@type":"ImageObject","inLanguage":"it-IT","@id":"https:\/\/www.sudarredi.com\/sezione\/prodotto\/cucina-4-piastre-forno-elettrico-ventilato-cm-55x36x34h-temp-50%c3%b7300c-con-1-griglia-cm-53x325-gn1-1-inclusa-1-testata-chiusura-piano-mod-tpa-7\/#primaryimage","url":"https:\/\/www.sudarredi.com\/sezione\/wp-content\/uploads\/2024\/10\/CF4-78ET-scaled.jpg","contentUrl":"https:\/\/www.sudarredi.com\/sezione\/wp-content\/uploads\/2024\/10\/CF4-78ET-scaled.jpg","width":2399,"height":2560},{"@type":"BreadcrumbList","@id":"https:\/\/www.sudarredi.com\/sezione\/prodotto\/cucina-4-piastre-forno-elettrico-ventilato-cm-55x36x34h-temp-50%c3%b7300c-con-1-griglia-cm-53x325-gn1-1-inclusa-1-testata-chiusura-piano-mod-tpa-7\/#breadcrumb","itemListElement":[{"@type":"ListItem","position":1,"name":"Home","item":"https:\/\/www.sudarredi.com\/sezione\/"},{"@type":"ListItem","position":2,"name":"Shop","item":"https:\/\/www.sudarredi.com\/sezione\/shop\/"},{"@type":"ListItem","position":3,"name":"CUCINA 4 piastre &#8211; Forno elettrico ventilato cm. 55x36x34h, temp: 50\u00f7300\u00b0C, con 1 griglia cm.53&#215;32,5 GN1\/1 (inclusa 1 testata chiusura piano mod.TPA-7)"}]},{"@type":"WebSite","@id":"https:\/\/www.sudarredi.com\/sezione\/#website","url":"https:\/\/www.sudarredi.com\/sezione\/","name":"Sudarredi s.r.l","description":"Arredo scuola","publisher":{"@id":"https:\/\/www.sudarredi.com\/sezione\/#organization"},"alternateName":"Sud arredi","potentialAction":[{"@type":"SearchAction","target":{"@type":"EntryPoint","urlTemplate":"https:\/\/www.sudarredi.com\/sezione\/?s={search_term_string}"},"query-input":{"@type":"PropertyValueSpecification","valueRequired":true,"valueName":"search_term_string"}}],"inLanguage":"it-IT"},{"@type":["Organization","Place"],"@id":"https:\/\/www.sudarredi.com\/sezione\/#organization","name":"Sudarredi s.r.l","alternateName":"Sud arredi","url":"https:\/\/www.sudarredi.com\/sezione\/","logo":{"@id":"https:\/\/www.sudarredi.com\/sezione\/prodotto\/cucina-4-piastre-forno-elettrico-ventilato-cm-55x36x34h-temp-50%c3%b7300c-con-1-griglia-cm-53x325-gn1-1-inclusa-1-testata-chiusura-piano-mod-tpa-7\/#local-main-organization-logo"},"image":{"@id":"https:\/\/www.sudarredi.com\/sezione\/prodotto\/cucina-4-piastre-forno-elettrico-ventilato-cm-55x36x34h-temp-50%c3%b7300c-con-1-griglia-cm-53x325-gn1-1-inclusa-1-testata-chiusura-piano-mod-tpa-7\/#local-main-organization-logo"},"description":"La missione di Sudarredi Arredo Scuola \u00e8 quella di fornire soluzioni innovative, funzionali ed esteticamente gradevoli per l\u2019arredamento scolastico, contribuendo a creare ambienti di apprendimento che stimolino la creativit\u00e0, il benessere e la produttivit\u00e0 degli studenti e degli insegnanti. L'azienda \u00e8 impegnata a garantire la qualit\u00e0, la sicurezza e la sostenibilit\u00e0 dei suoi prodotti, rispondendo alle esigenze di scuole, istituti di formazione e enti pubblici in modo efficiente ed eco-sostenibile.","legalName":"Sudarredi s.r.l","numberOfEmployees":{"@type":"QuantitativeValue","minValue":"11","maxValue":"50"},"publishingPrinciples":"https:\/\/www.sudarredi.com\/sezione\/principi-editoriali-di-sudarredi-arredo-scuola\/","actionableFeedbackPolicy":"https:\/\/www.sudarredi.com\/sezione\/politica-di-feedback-attuabile\/","correctionsPolicy":"https:\/\/www.sudarredi.com\/sezione\/politica-sulle-correzioni\/","ethicsPolicy":"https:\/\/www.sudarredi.com\/sezione\/obiettivi-della-politica-sulletica\/","diversityPolicy":"https:\/\/www.sudarredi.com\/sezione\/obiettivi-della-politica-per-la-diversita\/","diversityStaffingReport":"https:\/\/www.sudarredi.com\/sezione\/rapporto-sulla-diversita-del-personale\/","telephone":[],"openingHoursSpecification":[{"@type":"OpeningHoursSpecification","dayOfWeek":["Monday","Tuesday","Wednesday","Thursday","Friday","Saturday","Sunday"],"opens":"09:00","closes":"17:00"}]},{"@type":"ImageObject","inLanguage":"it-IT","@id":"https:\/\/www.sudarredi.com\/sezione\/prodotto\/cucina-4-piastre-forno-elettrico-ventilato-cm-55x36x34h-temp-50%c3%b7300c-con-1-griglia-cm-53x325-gn1-1-inclusa-1-testata-chiusura-piano-mod-tpa-7\/#local-main-organization-logo","url":"https:\/\/www.sudarredi.com\/sezione\/wp-content\/uploads\/2025\/08\/cropped-app128x128.png","contentUrl":"https:\/\/www.sudarredi.com\/sezione\/wp-content\/uploads\/2025\/08\/cropped-app128x128.png","width":512,"height":512,"caption":"Sudarredi s.r.l"}]},"product_price_amount":"3963.00","product_price_currency":"EUR","og_availability":"instock","product_availability":"instock","product_retailer_item_id":"CFV4-78ET","product_condition":"new"},"_links":{"self":[{"href":"https:\/\/www.sudarredi.com\/sezione\/wp-json\/wp\/v2\/product\/10478","targetHints":{"allow":["GET"]}}],"collection":[{"href":"https:\/\/www.sudarredi.com\/sezione\/wp-json\/wp\/v2\/product"}],"about":[{"href":"https:\/\/www.sudarredi.com\/sezione\/wp-json\/wp\/v2\/types\/product"}],"replies":[{"embeddable":true,"href":"https:\/\/www.sudarredi.com\/sezione\/wp-json\/wp\/v2\/comments?post=10478"}],"version-history":[{"count":1,"href":"https:\/\/www.sudarredi.com\/sezione\/wp-json\/wp\/v2\/product\/10478\/revisions"}],"predecessor-version":[{"id":10479,"href":"https:\/\/www.sudarredi.com\/sezione\/wp-json\/wp\/v2\/product\/10478\/revisions\/10479"}],"wp:featuredmedia":[{"embeddable":true,"href":"https:\/\/www.sudarredi.com\/sezione\/wp-json\/wp\/v2\/media\/10477"}],"wp:attachment":[{"href":"https:\/\/www.sudarredi.com\/sezione\/wp-json\/wp\/v2\/media?parent=10478"}],"wp:term":[{"taxonomy":"product_brand","embeddable":true,"href":"https:\/\/www.sudarredi.com\/sezione\/wp-json\/wp\/v2\/product_brand?post=10478"},{"taxonomy":"product_cat","embeddable":true,"href":"https:\/\/www.sudarredi.com\/sezione\/wp-json\/wp\/v2\/product_cat?post=10478"},{"taxonomy":"product_tag","embeddable":true,"href":"https:\/\/www.sudarredi.com\/sezione\/wp-json\/wp\/v2\/product_tag?post=10478"}],"curies":[{"name":"wp","href":"https:\/\/api.w.org\/{rel}","templated":true}]}}